{"id":21988,"date":"2022-10-29T17:02:39","date_gmt":"2022-10-29T20:02:39","guid":{"rendered":"https:\/\/jugueterialudico.com.ar\/?post_type=product&#038;p=21988"},"modified":"2026-02-18T16:23:03","modified_gmt":"2026-02-18T19:23:03","slug":"valdes-035","status":"publish","type":"product","link":"https:\/\/jugueterialudico.com.ar\/?product=valdes-035","title":{"rendered":"VALD\u00c9S &#8211; 035"},"content":{"rendered":"<div class=\"js-product-left-col span7 p-relative\" data-store=\"product-image-106201921\">\n<div class=\"description product-description product-description-desktop visible-when-content-ready user-content clear-both hidden-phone pull-left m-top\" data-store=\"product-description-106201921\">\n<p><strong>VALD\u00c9S\u00a0<\/strong>es un\u00a0juego de avistaje de animales para los m\u00e1s chicos de la casa.<\/p>\n<p>Recorr\u00e9 la Pen\u00ednsula y coleccion\u00e1 las postales de los animales que vas viendo en el recorrido.<\/p>\n<p>El objetivo es ganar cuatro postales de distintos animales o dos iguales.<\/p>\n<p><strong>Jugadores:\u00a0<\/strong>\u00a02 a 4 jugadores<br \/>\n<strong>Tiempo:\u00a0<\/strong>15\u00a0\u00a0minutos<br \/>\n<strong>Edad:\u00a0<\/strong>+5\u00a0a\u00f1os<br \/>\n<strong>Ilustrado por:\u00a0<\/strong>Maru Guerrico<\/p>\n<p>&nbsp;<\/p>\n<p><iframe loading=\"lazy\" title=\"YouTube video player\" src=\"https:\/\/www.youtube.com\/embed\/4Jp2S9t_uBo\" width=\"560\" height=\"315\" frameborder=\"0\" allowfullscreen=\"allowfullscreen\" data-mce-fragment=\"1\"><\/iframe><\/p>\n<\/div>\n<\/div>\n<div class=\"js-product-right-col span5\" data-store=\"product-info-106201921\">\n<div class=\"product-form-container\">\n<div class=\"js-product-name-price-container row-fluid\">\n<div class=\"span12\">\n<div class=\"title m-top-xs full-width\"><\/div>\n<\/div>\n<\/div>\n<form id=\"product_form\" class=\"js-product-form display-when-content-ready product-form clear-both\" action=\"https:\/\/tienda.maldon.com.ar\/comprar\/\" method=\"post\" data-store=\"product-form-106201921\">\n<div class=\"js-product-buy-container product-buy-fixed affix\">\n<div class=\"row-fluid\">\n<div class=\"product-buy-container span12\"><\/div>\n<\/div>\n<\/div>\n<\/form>\n<\/div>\n<\/div>\n","protected":false},"excerpt":{"rendered":"<p>VALD\u00c9S\u00a0es un\u00a0juego de avistaje de animales para los m\u00e1s chicos de la casa. Recorr\u00e9 la Pen\u00ednsula y coleccion\u00e1 las postales de los animales que vas viendo en el recorrido. El objetivo es ganar cuatro postales de distintos animales o dos iguales. Jugadores:\u00a0\u00a02 a 4 jugadores Tiempo:\u00a015\u00a0\u00a0minutos Edad:\u00a0+5\u00a0a\u00f1os Ilustrado por:\u00a0Maru Guerrico &nbsp;<\/p>\n","protected":false},"featured_media":21989,"comment_status":"open","ping_status":"closed","template":"","meta":{"site-sidebar-layout":"default","site-content-layout":"default","ast-site-content-layout":"","site-content-style":"default","site-sidebar-style":"default","ast-global-header-display":"","ast-banner-title-visibility":"","ast-main-header-display":"","ast-hfb-above-header-display":"","ast-hfb-below-header-display":"","ast-hfb-mobile-header-display":"","site-post-title":"","ast-breadcrumbs-content":"","ast-featured-img":"","footer-sml-layout":"","theme-transparent-header-meta":"default","adv-header-id-meta":"","stick-header-meta":"","header-above-stick-meta":"","header-main-stick-meta":"","header-below-stick-meta":"","astra-migrate-meta-layouts":"default","ast-page-background-enabled":"default","ast-page-background-meta":{"desktop":{"background-color":"","background-image":"","background-repeat":"repeat","background-position":"center center","background-size":"auto","background-attachment":"scroll","background-type":"","background-media":"","overlay-type":"","overlay-color":"","overlay-opacity":"","overlay-gradient":""},"tablet":{"background-color":"","background-image":"","background-repeat":"repeat","background-position":"center center","background-size":"auto","background-attachment":"scroll","background-type":"","background-media":"","overlay-type":"","overlay-color":"","overlay-opacity":"","overlay-gradient":""},"mobile":{"background-color":"","background-image":"","background-repeat":"repeat","background-position":"center center","background-size":"auto","background-attachment":"scroll","background-type":"","background-media":"","overlay-type":"","overlay-color":"","overlay-opacity":"","overlay-gradient":""}},"ast-content-background-meta":{"desktop":{"background-color":"var(--ast-global-color-5)","background-image":"","background-repeat":"repeat","background-position":"center center","background-size":"auto","background-attachment":"scroll","background-type":"","background-media":"","overlay-type":"","overlay-color":"","overlay-opacity":"","overlay-gradient":""},"tablet":{"background-color":"var(--ast-global-color-5)","background-image":"","background-repeat":"repeat","background-position":"center center","background-size":"auto","background-attachment":"scroll","background-type":"","background-media":"","overlay-type":"","overlay-color":"","overlay-opacity":"","overlay-gradient":""},"mobile":{"background-color":"var(--ast-global-color-5)","background-image":"","background-repeat":"repeat","background-position":"center center","background-size":"auto","background-attachment":"scroll","background-type":"","background-media":"","overlay-type":"","overlay-color":"","overlay-opacity":"","overlay-gradient":""}},"spay_email":""},"product_cat":[168,166,167,74],"product_tag":[],"_links":{"self":[{"href":"https:\/\/jugueterialudico.com.ar\/index.php?rest_route=\/wp\/v2\/product\/21988"}],"collection":[{"href":"https:\/\/jugueterialudico.com.ar\/index.php?rest_route=\/wp\/v2\/product"}],"about":[{"href":"https:\/\/jugueterialudico.com.ar\/index.php?rest_route=\/wp\/v2\/types\/product"}],"replies":[{"embeddable":true,"href":"https:\/\/jugueterialudico.com.ar\/index.php?rest_route=%2Fwp%2Fv2%2Fcomments&post=21988"}],"wp:featuredmedia":[{"embeddable":true,"href":"https:\/\/jugueterialudico.com.ar\/index.php?rest_route=\/wp\/v2\/media\/21989"}],"wp:attachment":[{"href":"https:\/\/jugueterialudico.com.ar\/index.php?rest_route=%2Fwp%2Fv2%2Fmedia&parent=21988"}],"wp:term":[{"taxonomy":"product_cat","embeddable":true,"href":"https:\/\/jugueterialudico.com.ar\/index.php?rest_route=%2Fwp%2Fv2%2Fproduct_cat&post=21988"},{"taxonomy":"product_tag","embeddable":true,"href":"https:\/\/jugueterialudico.com.ar\/index.php?rest_route=%2Fwp%2Fv2%2Fproduct_tag&post=21988"}],"curies":[{"name":"wp","href":"https:\/\/api.w.org\/{rel}","templated":true}]}}