{"id":21997,"date":"2022-10-29T17:35:37","date_gmt":"2022-10-29T20:35:37","guid":{"rendered":"https:\/\/jugueterialudico.com.ar\/?post_type=product&#038;p=21997"},"modified":"2026-02-18T16:22:16","modified_gmt":"2026-02-18T19:22:16","slug":"esquinados-035","status":"publish","type":"product","link":"https:\/\/jugueterialudico.com.ar\/?product=esquinados-035","title":{"rendered":"ESQUINADOS &#8211; 035"},"content":{"rendered":"<p><strong>Esquinados\u00a0<\/strong>es un juego de atenci\u00f3n y velocidad. \u00a1Ideal para la familia, adolescentes, previas y amigos!<\/p>\n<p>Las cartas tienen en cada lado una fIgura central, y en cada esquina hay una figura cortada.<\/p>\n<p>En este juego no hay turnos, todos juegan al mismo tiempo.<\/p>\n<p>Se reparten todas las cartas entre los jugadores. Se pone una carta en el centro y \u00a1comienza el juego!<\/p>\n<p>Deber\u00e1s encontrar entre todas tus cartas una figura cortada que coincida en forma y color con la figura central de la carta del pozo.<\/p>\n<p>Cuando la encuentres, tendr\u00e1s que apoyar la carta r\u00e1pido sobre la que est\u00e1 en la mesa antes de que alguien lo haga antes que vos y te cambie la figura central.<\/p>\n<p><strong>\u00a1El objetivo del juego es quedarse sin cartas!<\/strong><\/p>\n<p>Las cartas no tienen orden. Siempre hay que buscar entre todas las cartas que tengas en la mano<\/p>\n<p><strong>Jugadores:\u00a0<\/strong>\u00a02 a 5 jugadores<br \/>\n<strong>Tiempo:\u00a0<\/strong>5-10 minutos<br \/>\n<strong>Edad:\u00a0<\/strong>+7\u00a0a\u00f1os<\/p>\n<p>&nbsp;<\/p>\n<p><iframe loading=\"lazy\" title=\"YouTube video player\" src=\"https:\/\/www.youtube.com\/embed\/aGi3fKZ_vdw\" width=\"560\" height=\"315\" frameborder=\"0\" allowfullscreen=\"allowfullscreen\" data-mce-fragment=\"1\"><\/iframe><\/p>\n","protected":false},"excerpt":{"rendered":"<p>Esquinados\u00a0es un juego de atenci\u00f3n y velocidad. \u00a1Ideal para la familia, adolescentes, previas y amigos! Las cartas tienen en cada lado una fIgura central, y en cada esquina hay una figura cortada. En este juego no hay turnos, todos juegan al mismo tiempo. Se reparten todas las cartas entre los jugadores. Se pone una carta [&hellip;]<\/p>\n","protected":false},"featured_media":21998,"comment_status":"open","ping_status":"closed","template":"","meta":{"site-sidebar-layout":"default","site-content-layout":"default","ast-site-content-layout":"","site-content-style":"default","site-sidebar-style":"default","ast-global-header-display":"","ast-banner-title-visibility":"","ast-main-header-display":"","ast-hfb-above-header-display":"","ast-hfb-below-header-display":"","ast-hfb-mobile-header-display":"","site-post-title":"","ast-breadcrumbs-content":"","ast-featured-img":"","footer-sml-layout":"","theme-transparent-header-meta":"default","adv-header-id-meta":"","stick-header-meta":"","header-above-stick-meta":"","header-main-stick-meta":"","header-below-stick-meta":"","astra-migrate-meta-layouts":"default","ast-page-background-enabled":"default","ast-page-background-meta":{"desktop":{"background-color":"","background-image":"","background-repeat":"repeat","background-position":"center center","background-size":"auto","background-attachment":"scroll","background-type":"","background-media":"","overlay-type":"","overlay-color":"","overlay-opacity":"","overlay-gradient":""},"tablet":{"background-color":"","background-image":"","background-repeat":"repeat","background-position":"center center","background-size":"auto","background-attachment":"scroll","background-type":"","background-media":"","overlay-type":"","overlay-color":"","overlay-opacity":"","overlay-gradient":""},"mobile":{"background-color":"","background-image":"","background-repeat":"repeat","background-position":"center center","background-size":"auto","background-attachment":"scroll","background-type":"","background-media":"","overlay-type":"","overlay-color":"","overlay-opacity":"","overlay-gradient":""}},"ast-content-background-meta":{"desktop":{"background-color":"var(--ast-global-color-5)","background-image":"","background-repeat":"repeat","background-position":"center center","background-size":"auto","background-attachment":"scroll","background-type":"","background-media":"","overlay-type":"","overlay-color":"","overlay-opacity":"","overlay-gradient":""},"tablet":{"background-color":"var(--ast-global-color-5)","background-image":"","background-repeat":"repeat","background-position":"center center","background-size":"auto","background-attachment":"scroll","background-type":"","background-media":"","overlay-type":"","overlay-color":"","overlay-opacity":"","overlay-gradient":""},"mobile":{"background-color":"var(--ast-global-color-5)","background-image":"","background-repeat":"repeat","background-position":"center center","background-size":"auto","background-attachment":"scroll","background-type":"","background-media":"","overlay-type":"","overlay-color":"","overlay-opacity":"","overlay-gradient":""}},"spay_email":""},"product_cat":[185,168,166,167,74],"product_tag":[],"_links":{"self":[{"href":"https:\/\/jugueterialudico.com.ar\/index.php?rest_route=\/wp\/v2\/product\/21997"}],"collection":[{"href":"https:\/\/jugueterialudico.com.ar\/index.php?rest_route=\/wp\/v2\/product"}],"about":[{"href":"https:\/\/jugueterialudico.com.ar\/index.php?rest_route=\/wp\/v2\/types\/product"}],"replies":[{"embeddable":true,"href":"https:\/\/jugueterialudico.com.ar\/index.php?rest_route=%2Fwp%2Fv2%2Fcomments&post=21997"}],"wp:featuredmedia":[{"embeddable":true,"href":"https:\/\/jugueterialudico.com.ar\/index.php?rest_route=\/wp\/v2\/media\/21998"}],"wp:attachment":[{"href":"https:\/\/jugueterialudico.com.ar\/index.php?rest_route=%2Fwp%2Fv2%2Fmedia&parent=21997"}],"wp:term":[{"taxonomy":"product_cat","embeddable":true,"href":"https:\/\/jugueterialudico.com.ar\/index.php?rest_route=%2Fwp%2Fv2%2Fproduct_cat&post=21997"},{"taxonomy":"product_tag","embeddable":true,"href":"https:\/\/jugueterialudico.com.ar\/index.php?rest_route=%2Fwp%2Fv2%2Fproduct_tag&post=21997"}],"curies":[{"name":"wp","href":"https:\/\/api.w.org\/{rel}","templated":true}]}}