{"id":22093,"date":"2022-11-04T11:44:32","date_gmt":"2022-11-04T14:44:32","guid":{"rendered":"https:\/\/jugueterialudico.com.ar\/?post_type=product&#038;p=22093"},"modified":"2024-09-19T13:02:47","modified_gmt":"2024-09-19T16:02:47","slug":"disena-tus-imanes-3d-155","status":"publish","type":"product","link":"https:\/\/jugueterialudico.com.ar\/?product=disena-tus-imanes-3d-155","title":{"rendered":"DISE\u00d1A TUS IMANES 3D -115"},"content":{"rendered":"<div class=\"nm-product-summary-inner-col nm-product-summary-inner-col-1\">\n<h1 class=\"product_title entry-title\">Dise\u00f1a tus imanes 3D<\/h1>\n<p class=\"price\">\n<\/div>\n<div class=\"nm-product-summary-inner-col nm-product-summary-inner-col-2\">\n<div class=\"woocommerce-product-details__short-description entry-content\">\n<p>Juego para dise\u00f1ar imanes en 3D.<\/p>\n<\/div>\n<p><b>Contiene:<\/b>\u00a0gemas trasparentes, dise\u00f1os para recortar, planchita para crear tus dise\u00f1os, plancha de iman, l\u00e1pices de colores, adhesivo vin\u00edlico.<\/p>\n<\/div>\n","protected":false},"excerpt":{"rendered":"<p>Dise\u00f1a tus imanes 3D Juego para dise\u00f1ar imanes en 3D. Contiene:\u00a0gemas trasparentes, dise\u00f1os para recortar, planchita para crear tus dise\u00f1os, plancha de iman, l\u00e1pices de colores, adhesivo vin\u00edlico.<\/p>\n","protected":false},"featured_media":22094,"comment_status":"open","ping_status":"closed","template":"","meta":{"site-sidebar-layout":"default","site-content-layout":"default","ast-site-content-layout":"","site-content-style":"default","site-sidebar-style":"default","ast-global-header-display":"","ast-banner-title-visibility":"","ast-main-header-display":"","ast-hfb-above-header-display":"","ast-hfb-below-header-display":"","ast-hfb-mobile-header-display":"","site-post-title":"","ast-breadcrumbs-content":"","ast-featured-img":"","footer-sml-layout":"","theme-transparent-header-meta":"default","adv-header-id-meta":"","stick-header-meta":"","header-above-stick-meta":"","header-main-stick-meta":"","header-below-stick-meta":"","astra-migrate-meta-layouts":"default","ast-page-background-enabled":"default","ast-page-background-meta":{"desktop":{"background-color":"","background-image":"","background-repeat":"repeat","background-position":"center center","background-size":"auto","background-attachment":"scroll","background-type":"","background-media":"","overlay-type":"","overlay-color":"","overlay-opacity":"","overlay-gradient":""},"tablet":{"background-color":"","background-image":"","background-repeat":"repeat","background-position":"center center","background-size":"auto","background-attachment":"scroll","background-type":"","background-media":"","overlay-type":"","overlay-color":"","overlay-opacity":"","overlay-gradient":""},"mobile":{"background-color":"","background-image":"","background-repeat":"repeat","background-position":"center center","background-size":"auto","background-attachment":"scroll","background-type":"","background-media":"","overlay-type":"","overlay-color":"","overlay-opacity":"","overlay-gradient":""}},"ast-content-background-meta":{"desktop":{"background-color":"var(--ast-global-color-5)","background-image":"","background-repeat":"repeat","background-position":"center center","background-size":"auto","background-attachment":"scroll","background-type":"","background-media":"","overlay-type":"","overlay-color":"","overlay-opacity":"","overlay-gradient":""},"tablet":{"background-color":"var(--ast-global-color-5)","background-image":"","background-repeat":"repeat","background-position":"center center","background-size":"auto","background-attachment":"scroll","background-type":"","background-media":"","overlay-type":"","overlay-color":"","overlay-opacity":"","overlay-gradient":""},"mobile":{"background-color":"var(--ast-global-color-5)","background-image":"","background-repeat":"repeat","background-position":"center center","background-size":"auto","background-attachment":"scroll","background-type":"","background-media":"","overlay-type":"","overlay-color":"","overlay-opacity":"","overlay-gradient":""}},"spay_email":""},"product_cat":[165,166,167,158,78],"product_tag":[],"_links":{"self":[{"href":"https:\/\/jugueterialudico.com.ar\/index.php?rest_route=\/wp\/v2\/product\/22093"}],"collection":[{"href":"https:\/\/jugueterialudico.com.ar\/index.php?rest_route=\/wp\/v2\/product"}],"about":[{"href":"https:\/\/jugueterialudico.com.ar\/index.php?rest_route=\/wp\/v2\/types\/product"}],"replies":[{"embeddable":true,"href":"https:\/\/jugueterialudico.com.ar\/index.php?rest_route=%2Fwp%2Fv2%2Fcomments&post=22093"}],"wp:featuredmedia":[{"embeddable":true,"href":"https:\/\/jugueterialudico.com.ar\/index.php?rest_route=\/wp\/v2\/media\/22094"}],"wp:attachment":[{"href":"https:\/\/jugueterialudico.com.ar\/index.php?rest_route=%2Fwp%2Fv2%2Fmedia&parent=22093"}],"wp:term":[{"taxonomy":"product_cat","embeddable":true,"href":"https:\/\/jugueterialudico.com.ar\/index.php?rest_route=%2Fwp%2Fv2%2Fproduct_cat&post=22093"},{"taxonomy":"product_tag","embeddable":true,"href":"https:\/\/jugueterialudico.com.ar\/index.php?rest_route=%2Fwp%2Fv2%2Fproduct_tag&post=22093"}],"curies":[{"name":"wp","href":"https:\/\/api.w.org\/{rel}","templated":true}]}}