{"id":22238,"date":"2022-11-07T12:56:40","date_gmt":"2022-11-07T15:56:40","guid":{"rendered":"https:\/\/jugueterialudico.com.ar\/?post_type=product&#038;p=22238"},"modified":"2026-04-15T16:33:27","modified_gmt":"2026-04-15T19:33:27","slug":"batalla-naval-maxima-estrategia-101","status":"publish","type":"product","link":"https:\/\/jugueterialudico.com.ar\/?product=batalla-naval-maxima-estrategia-101","title":{"rendered":"BATALLA NAVAL M\u00c1XIMA ESTRATEGIA -101"},"content":{"rendered":"<header>\n<h1 class=\"title single-title\">Batalla Naval M\u00e1xima Estrategia<\/h1>\n<\/header>\n<div class=\"post-single-content box mark-links\">\n<p>El famoso juego de estrategia en una presentaci\u00f3n especial. \u00bfPodr\u00e1s hundir la flota enemiga?<\/p>\n<\/div>\n<div class=\"f-1\">CONTENIDO<\/div>\n<div class=\"f-2c\">2 bases pl\u00e1sticas con pantalla divisoria, 10 barcos de guerra, 168 fichas anotadoras pl\u00e1sticas blancas, 72 fichas anotadoras pl\u00e1sticas rojas<\/div>\n","protected":false},"excerpt":{"rendered":"<p>Batalla Naval M\u00e1xima Estrategia El famoso juego de estrategia en una presentaci\u00f3n especial. \u00bfPodr\u00e1s hundir la flota enemiga? CONTENIDO 2 bases pl\u00e1sticas con pantalla divisoria, 10 barcos de guerra, 168 fichas anotadoras pl\u00e1sticas blancas, 72 fichas anotadoras pl\u00e1sticas rojas<\/p>\n","protected":false},"featured_media":22240,"comment_status":"open","ping_status":"closed","template":"","meta":{"site-sidebar-layout":"default","site-content-layout":"default","ast-site-content-layout":"","site-content-style":"default","site-sidebar-style":"default","ast-global-header-display":"","ast-banner-title-visibility":"","ast-main-header-display":"","ast-hfb-above-header-display":"","ast-hfb-below-header-display":"","ast-hfb-mobile-header-display":"","site-post-title":"","ast-breadcrumbs-content":"","ast-featured-img":"","footer-sml-layout":"","theme-transparent-header-meta":"default","adv-header-id-meta":"","stick-header-meta":"","header-above-stick-meta":"","header-main-stick-meta":"","header-below-stick-meta":"","astra-migrate-meta-layouts":"default","ast-page-background-enabled":"default","ast-page-background-meta":{"desktop":{"background-color":"","background-image":"","background-repeat":"repeat","background-position":"center center","background-size":"auto","background-attachment":"scroll","background-type":"","background-media":"","overlay-type":"","overlay-color":"","overlay-opacity":"","overlay-gradient":""},"tablet":{"background-color":"","background-image":"","background-repeat":"repeat","background-position":"center center","background-size":"auto","background-attachment":"scroll","background-type":"","background-media":"","overlay-type":"","overlay-color":"","overlay-opacity":"","overlay-gradient":""},"mobile":{"background-color":"","background-image":"","background-repeat":"repeat","background-position":"center center","background-size":"auto","background-attachment":"scroll","background-type":"","background-media":"","overlay-type":"","overlay-color":"","overlay-opacity":"","overlay-gradient":""}},"ast-content-background-meta":{"desktop":{"background-color":"var(--ast-global-color-5)","background-image":"","background-repeat":"repeat","background-position":"center center","background-size":"auto","background-attachment":"scroll","background-type":"","background-media":"","overlay-type":"","overlay-color":"","overlay-opacity":"","overlay-gradient":""},"tablet":{"background-color":"var(--ast-global-color-5)","background-image":"","background-repeat":"repeat","background-position":"center center","background-size":"auto","background-attachment":"scroll","background-type":"","background-media":"","overlay-type":"","overlay-color":"","overlay-opacity":"","overlay-gradient":""},"mobile":{"background-color":"var(--ast-global-color-5)","background-image":"","background-repeat":"repeat","background-position":"center center","background-size":"auto","background-attachment":"scroll","background-type":"","background-media":"","overlay-type":"","overlay-color":"","overlay-opacity":"","overlay-gradient":""}},"spay_email":""},"product_cat":[166,167,74],"product_tag":[],"_links":{"self":[{"href":"https:\/\/jugueterialudico.com.ar\/index.php?rest_route=\/wp\/v2\/product\/22238"}],"collection":[{"href":"https:\/\/jugueterialudico.com.ar\/index.php?rest_route=\/wp\/v2\/product"}],"about":[{"href":"https:\/\/jugueterialudico.com.ar\/index.php?rest_route=\/wp\/v2\/types\/product"}],"replies":[{"embeddable":true,"href":"https:\/\/jugueterialudico.com.ar\/index.php?rest_route=%2Fwp%2Fv2%2Fcomments&post=22238"}],"wp:featuredmedia":[{"embeddable":true,"href":"https:\/\/jugueterialudico.com.ar\/index.php?rest_route=\/wp\/v2\/media\/22240"}],"wp:attachment":[{"href":"https:\/\/jugueterialudico.com.ar\/index.php?rest_route=%2Fwp%2Fv2%2Fmedia&parent=22238"}],"wp:term":[{"taxonomy":"product_cat","embeddable":true,"href":"https:\/\/jugueterialudico.com.ar\/index.php?rest_route=%2Fwp%2Fv2%2Fproduct_cat&post=22238"},{"taxonomy":"product_tag","embeddable":true,"href":"https:\/\/jugueterialudico.com.ar\/index.php?rest_route=%2Fwp%2Fv2%2Fproduct_tag&post=22238"}],"curies":[{"name":"wp","href":"https:\/\/api.w.org\/{rel}","templated":true}]}}