{"id":22247,"date":"2022-11-07T17:19:43","date_gmt":"2022-11-07T20:19:43","guid":{"rendered":"https:\/\/jugueterialudico.com.ar\/?post_type=product&#038;p=22247"},"modified":"2025-03-11T17:02:34","modified_gmt":"2025-03-11T20:02:34","slug":"123-aprendiendo-los-numeros-062","status":"publish","type":"product","link":"https:\/\/jugueterialudico.com.ar\/?product=123-aprendiendo-los-numeros-062","title":{"rendered":"123 APRENDIENDO LOS N\u00daMEROS &#8211; 062"},"content":{"rendered":"<p>123: Este set de 48 piezas est\u00e1 destinado a ni\u00f1os que est\u00e1n empezando a reconocer los n\u00fameros y aprender la interacci\u00f3n entre ellos. En un principio se puede aprender a reconocer los n\u00fameros individualmente luego unirlos para formar n\u00fameros de m\u00e1s de una cifra y por \u00faltimo aprender a realizar operaciones entre ellos. Esta es una forma divertida y gr\u00e1fica para empezar a reconocer los n\u00fameros y sus operaciones.<\/p>\n<ul class=\"list-unstyled ul-check success\">\n<li>Edad: +4<\/li>\n<li>Piezas: 48<\/li>\n<li>Dimensi\u00f3n de piezas: 50x50x5mm<\/li>\n<li>Presentaci\u00f3n: Caja 200x100x50mm<\/li>\n<li>Materiales: Madera y papel con laminado brillante<\/li>\n<\/ul>\n","protected":false},"excerpt":{"rendered":"<p>123: Este set de 48 piezas est\u00e1 destinado a ni\u00f1os que est\u00e1n empezando a reconocer los n\u00fameros y aprender la interacci\u00f3n entre ellos. En un principio se puede aprender a reconocer los n\u00fameros individualmente luego unirlos para formar n\u00fameros de m\u00e1s de una cifra y por \u00faltimo aprender a realizar operaciones entre ellos. Esta es [&hellip;]<\/p>\n","protected":false},"featured_media":22249,"comment_status":"open","ping_status":"closed","template":"","meta":{"site-sidebar-layout":"default","site-content-layout":"default","ast-site-content-layout":"","site-content-style":"default","site-sidebar-style":"default","ast-global-header-display":"","ast-banner-title-visibility":"","ast-main-header-display":"","ast-hfb-above-header-display":"","ast-hfb-below-header-display":"","ast-hfb-mobile-header-display":"","site-post-title":"","ast-breadcrumbs-content":"","ast-featured-img":"","footer-sml-layout":"","theme-transparent-header-meta":"default","adv-header-id-meta":"","stick-header-meta":"","header-above-stick-meta":"","header-main-stick-meta":"","header-below-stick-meta":"","astra-migrate-meta-layouts":"default","ast-page-background-enabled":"default","ast-page-background-meta":{"desktop":{"background-color":"","background-image":"","background-repeat":"repeat","background-position":"center center","background-size":"auto","background-attachment":"scroll","background-type":"","background-media":"","overlay-type":"","overlay-color":"","overlay-opacity":"","overlay-gradient":""},"tablet":{"background-color":"","background-image":"","background-repeat":"repeat","background-position":"center center","background-size":"auto","background-attachment":"scroll","background-type":"","background-media":"","overlay-type":"","overlay-color":"","overlay-opacity":"","overlay-gradient":""},"mobile":{"background-color":"","background-image":"","background-repeat":"repeat","background-position":"center center","background-size":"auto","background-attachment":"scroll","background-type":"","background-media":"","overlay-type":"","overlay-color":"","overlay-opacity":"","overlay-gradient":""}},"ast-content-background-meta":{"desktop":{"background-color":"var(--ast-global-color-5)","background-image":"","background-repeat":"repeat","background-position":"center center","background-size":"auto","background-attachment":"scroll","background-type":"","background-media":"","overlay-type":"","overlay-color":"","overlay-opacity":"","overlay-gradient":""},"tablet":{"background-color":"var(--ast-global-color-5)","background-image":"","background-repeat":"repeat","background-position":"center center","background-size":"auto","background-attachment":"scroll","background-type":"","background-media":"","overlay-type":"","overlay-color":"","overlay-opacity":"","overlay-gradient":""},"mobile":{"background-color":"var(--ast-global-color-5)","background-image":"","background-repeat":"repeat","background-position":"center center","background-size":"auto","background-attachment":"scroll","background-type":"","background-media":"","overlay-type":"","overlay-color":"","overlay-opacity":"","overlay-gradient":""}},"spay_email":""},"product_cat":[165,166,167,146,93],"product_tag":[],"_links":{"self":[{"href":"https:\/\/jugueterialudico.com.ar\/index.php?rest_route=\/wp\/v2\/product\/22247"}],"collection":[{"href":"https:\/\/jugueterialudico.com.ar\/index.php?rest_route=\/wp\/v2\/product"}],"about":[{"href":"https:\/\/jugueterialudico.com.ar\/index.php?rest_route=\/wp\/v2\/types\/product"}],"replies":[{"embeddable":true,"href":"https:\/\/jugueterialudico.com.ar\/index.php?rest_route=%2Fwp%2Fv2%2Fcomments&post=22247"}],"wp:featuredmedia":[{"embeddable":true,"href":"https:\/\/jugueterialudico.com.ar\/index.php?rest_route=\/wp\/v2\/media\/22249"}],"wp:attachment":[{"href":"https:\/\/jugueterialudico.com.ar\/index.php?rest_route=%2Fwp%2Fv2%2Fmedia&parent=22247"}],"wp:term":[{"taxonomy":"product_cat","embeddable":true,"href":"https:\/\/jugueterialudico.com.ar\/index.php?rest_route=%2Fwp%2Fv2%2Fproduct_cat&post=22247"},{"taxonomy":"product_tag","embeddable":true,"href":"https:\/\/jugueterialudico.com.ar\/index.php?rest_route=%2Fwp%2Fv2%2Fproduct_tag&post=22247"}],"curies":[{"name":"wp","href":"https:\/\/api.w.org\/{rel}","templated":true}]}}