{"id":22263,"date":"2022-11-07T17:54:24","date_gmt":"2022-11-07T20:54:24","guid":{"rendered":"https:\/\/jugueterialudico.com.ar\/?post_type=product&#038;p=22263"},"modified":"2025-03-11T17:01:24","modified_gmt":"2025-03-11T20:01:24","slug":"asociacion-de-oficios-062","status":"publish","type":"product","link":"https:\/\/jugueterialudico.com.ar\/?product=asociacion-de-oficios-062","title":{"rendered":"ASOCIACI\u00d3N DE OFICIOS &#8211; 062"},"content":{"rendered":"<p>Los juegos de asociaci\u00f3n est\u00e1n conformados por 10 rompecabezas de 2 piezas. Consisten en asociar im\u00e1genes por categor\u00edas. Asociar ayuda a mejorar la capacidad de observaci\u00f3n y atenci\u00f3n de los ni\u00f1os.<\/p>\n<p>2 en 1! Este juego tambi\u00e9n puede usarse como juego de memoria fomentando la l\u00f3gica, habilidad y memoria del ni\u00f1o.<\/p>\n<ul class=\"list-unstyled ul-check success\">\n<li>Edad: +2<\/li>\n<li>Piezas: 20<\/li>\n<li>Dimensi\u00f3n de piezas: 55x50x3mm<\/li>\n<li>Presentaci\u00f3n: Caja 200x100x50mm<\/li>\n<li>Materiales: Madera y papel con laminado brillante<\/li>\n<\/ul>\n","protected":false},"excerpt":{"rendered":"<p>Los juegos de asociaci\u00f3n est\u00e1n conformados por 10 rompecabezas de 2 piezas. Consisten en asociar im\u00e1genes por categor\u00edas. Asociar ayuda a mejorar la capacidad de observaci\u00f3n y atenci\u00f3n de los ni\u00f1os. 2 en 1! Este juego tambi\u00e9n puede usarse como juego de memoria fomentando la l\u00f3gica, habilidad y memoria del ni\u00f1o. Edad: +2 Piezas: 20 [&hellip;]<\/p>\n","protected":false},"featured_media":22259,"comment_status":"open","ping_status":"closed","template":"","meta":{"site-sidebar-layout":"default","site-content-layout":"default","ast-site-content-layout":"","site-content-style":"default","site-sidebar-style":"default","ast-global-header-display":"","ast-banner-title-visibility":"","ast-main-header-display":"","ast-hfb-above-header-display":"","ast-hfb-below-header-display":"","ast-hfb-mobile-header-display":"","site-post-title":"","ast-breadcrumbs-content":"","ast-featured-img":"","footer-sml-layout":"","theme-transparent-header-meta":"default","adv-header-id-meta":"","stick-header-meta":"","header-above-stick-meta":"","header-main-stick-meta":"","header-below-stick-meta":"","astra-migrate-meta-layouts":"default","ast-page-background-enabled":"default","ast-page-background-meta":{"desktop":{"background-color":"","background-image":"","background-repeat":"repeat","background-position":"center center","background-size":"auto","background-attachment":"scroll","background-type":"","background-media":"","overlay-type":"","overlay-color":"","overlay-opacity":"","overlay-gradient":""},"tablet":{"background-color":"","background-image":"","background-repeat":"repeat","background-position":"center center","background-size":"auto","background-attachment":"scroll","background-type":"","background-media":"","overlay-type":"","overlay-color":"","overlay-opacity":"","overlay-gradient":""},"mobile":{"background-color":"","background-image":"","background-repeat":"repeat","background-position":"center center","background-size":"auto","background-attachment":"scroll","background-type":"","background-media":"","overlay-type":"","overlay-color":"","overlay-opacity":"","overlay-gradient":""}},"ast-content-background-meta":{"desktop":{"background-color":"var(--ast-global-color-5)","background-image":"","background-repeat":"repeat","background-position":"center center","background-size":"auto","background-attachment":"scroll","background-type":"","background-media":"","overlay-type":"","overlay-color":"","overlay-opacity":"","overlay-gradient":""},"tablet":{"background-color":"var(--ast-global-color-5)","background-image":"","background-repeat":"repeat","background-position":"center center","background-size":"auto","background-attachment":"scroll","background-type":"","background-media":"","overlay-type":"","overlay-color":"","overlay-opacity":"","overlay-gradient":""},"mobile":{"background-color":"var(--ast-global-color-5)","background-image":"","background-repeat":"repeat","background-position":"center center","background-size":"auto","background-attachment":"scroll","background-type":"","background-media":"","overlay-type":"","overlay-color":"","overlay-opacity":"","overlay-gradient":""}},"spay_email":""},"product_cat":[163,164,165,146,93,72],"product_tag":[],"_links":{"self":[{"href":"https:\/\/jugueterialudico.com.ar\/index.php?rest_route=\/wp\/v2\/product\/22263"}],"collection":[{"href":"https:\/\/jugueterialudico.com.ar\/index.php?rest_route=\/wp\/v2\/product"}],"about":[{"href":"https:\/\/jugueterialudico.com.ar\/index.php?rest_route=\/wp\/v2\/types\/product"}],"replies":[{"embeddable":true,"href":"https:\/\/jugueterialudico.com.ar\/index.php?rest_route=%2Fwp%2Fv2%2Fcomments&post=22263"}],"wp:featuredmedia":[{"embeddable":true,"href":"https:\/\/jugueterialudico.com.ar\/index.php?rest_route=\/wp\/v2\/media\/22259"}],"wp:attachment":[{"href":"https:\/\/jugueterialudico.com.ar\/index.php?rest_route=%2Fwp%2Fv2%2Fmedia&parent=22263"}],"wp:term":[{"taxonomy":"product_cat","embeddable":true,"href":"https:\/\/jugueterialudico.com.ar\/index.php?rest_route=%2Fwp%2Fv2%2Fproduct_cat&post=22263"},{"taxonomy":"product_tag","embeddable":true,"href":"https:\/\/jugueterialudico.com.ar\/index.php?rest_route=%2Fwp%2Fv2%2Fproduct_tag&post=22263"}],"curies":[{"name":"wp","href":"https:\/\/api.w.org\/{rel}","templated":true}]}}