{"id":22290,"date":"2022-11-09T10:49:40","date_gmt":"2022-11-09T13:49:40","guid":{"rendered":"https:\/\/jugueterialudico.com.ar\/?post_type=product&#038;p=22290"},"modified":"2025-03-11T17:00:13","modified_gmt":"2025-03-11T20:00:13","slug":"juego-de-memoria-062","status":"publish","type":"product","link":"https:\/\/jugueterialudico.com.ar\/?product=juego-de-memoria-062","title":{"rendered":"JUEGO DE MEMORIA -062"},"content":{"rendered":"<p>JUEGO DE MEMORIA DE MADERA<\/p>\n<p>Monstruos<\/p>\n<p>Animales<\/p>\n<p>Personajes<\/p>\n<p>&nbsp;<\/p>\n<p>Los juegos de memoria y asociaci\u00f3n ayudan al ni\u00f1o a trabajar su paciencia, memoria, concentraci\u00f3n, retenci\u00f3n y reconocimiento de formas.<\/p>\n<p>Los juegos de memoria pipikuku constan de 32 piezas (16 pares) fabricados en madera y laminados, lo que le brinda durabilidad y un espectacular acabado brillante. El ni\u00f1o puede empezar con un numero reducido de pares y luego ir agregando mas para ir desafi\u00e1ndose cada vez mas hasta poder jugar con todas las fichas. Dise\u00f1os originales, Ilustraciones brillantes y coloridas<\/p>\n","protected":false},"excerpt":{"rendered":"<p>JUEGO DE MEMORIA DE MADERA Monstruos Animales Personajes &nbsp; Los juegos de memoria y asociaci\u00f3n ayudan al ni\u00f1o a trabajar su paciencia, memoria, concentraci\u00f3n, retenci\u00f3n y reconocimiento de formas. Los juegos de memoria pipikuku constan de 32 piezas (16 pares) fabricados en madera y laminados, lo que le brinda durabilidad y un espectacular acabado brillante. [&hellip;]<\/p>\n","protected":false},"featured_media":22291,"comment_status":"open","ping_status":"closed","template":"","meta":{"site-sidebar-layout":"default","site-content-layout":"default","ast-site-content-layout":"","site-content-style":"default","site-sidebar-style":"default","ast-global-header-display":"","ast-banner-title-visibility":"","ast-main-header-display":"","ast-hfb-above-header-display":"","ast-hfb-below-header-display":"","ast-hfb-mobile-header-display":"","site-post-title":"","ast-breadcrumbs-content":"","ast-featured-img":"","footer-sml-layout":"","theme-transparent-header-meta":"default","adv-header-id-meta":"","stick-header-meta":"","header-above-stick-meta":"","header-main-stick-meta":"","header-below-stick-meta":"","astra-migrate-meta-layouts":"default","ast-page-background-enabled":"default","ast-page-background-meta":{"desktop":{"background-color":"","background-image":"","background-repeat":"repeat","background-position":"center center","background-size":"auto","background-attachment":"scroll","background-type":"","background-media":"","overlay-type":"","overlay-color":"","overlay-opacity":"","overlay-gradient":""},"tablet":{"background-color":"","background-image":"","background-repeat":"repeat","background-position":"center center","background-size":"auto","background-attachment":"scroll","background-type":"","background-media":"","overlay-type":"","overlay-color":"","overlay-opacity":"","overlay-gradient":""},"mobile":{"background-color":"","background-image":"","background-repeat":"repeat","background-position":"center center","background-size":"auto","background-attachment":"scroll","background-type":"","background-media":"","overlay-type":"","overlay-color":"","overlay-opacity":"","overlay-gradient":""}},"ast-content-background-meta":{"desktop":{"background-color":"var(--ast-global-color-5)","background-image":"","background-repeat":"repeat","background-position":"center center","background-size":"auto","background-attachment":"scroll","background-type":"","background-media":"","overlay-type":"","overlay-color":"","overlay-opacity":"","overlay-gradient":""},"tablet":{"background-color":"var(--ast-global-color-5)","background-image":"","background-repeat":"repeat","background-position":"center center","background-size":"auto","background-attachment":"scroll","background-type":"","background-media":"","overlay-type":"","overlay-color":"","overlay-opacity":"","overlay-gradient":""},"mobile":{"background-color":"var(--ast-global-color-5)","background-image":"","background-repeat":"repeat","background-position":"center center","background-size":"auto","background-attachment":"scroll","background-type":"","background-media":"","overlay-type":"","overlay-color":"","overlay-opacity":"","overlay-gradient":""}},"spay_email":""},"product_cat":[165,166,167,93,74],"product_tag":[],"_links":{"self":[{"href":"https:\/\/jugueterialudico.com.ar\/index.php?rest_route=\/wp\/v2\/product\/22290"}],"collection":[{"href":"https:\/\/jugueterialudico.com.ar\/index.php?rest_route=\/wp\/v2\/product"}],"about":[{"href":"https:\/\/jugueterialudico.com.ar\/index.php?rest_route=\/wp\/v2\/types\/product"}],"replies":[{"embeddable":true,"href":"https:\/\/jugueterialudico.com.ar\/index.php?rest_route=%2Fwp%2Fv2%2Fcomments&post=22290"}],"wp:featuredmedia":[{"embeddable":true,"href":"https:\/\/jugueterialudico.com.ar\/index.php?rest_route=\/wp\/v2\/media\/22291"}],"wp:attachment":[{"href":"https:\/\/jugueterialudico.com.ar\/index.php?rest_route=%2Fwp%2Fv2%2Fmedia&parent=22290"}],"wp:term":[{"taxonomy":"product_cat","embeddable":true,"href":"https:\/\/jugueterialudico.com.ar\/index.php?rest_route=%2Fwp%2Fv2%2Fproduct_cat&post=22290"},{"taxonomy":"product_tag","embeddable":true,"href":"https:\/\/jugueterialudico.com.ar\/index.php?rest_route=%2Fwp%2Fv2%2Fproduct_tag&post=22290"}],"curies":[{"name":"wp","href":"https:\/\/api.w.org\/{rel}","templated":true}]}}