{"id":22294,"date":"2022-11-09T10:57:27","date_gmt":"2022-11-09T13:57:27","guid":{"rendered":"https:\/\/jugueterialudico.com.ar\/?post_type=product&#038;p=22294"},"modified":"2025-03-11T16:59:56","modified_gmt":"2025-03-11T19:59:56","slug":"mis-aventuras-062","status":"publish","type":"product","link":"https:\/\/jugueterialudico.com.ar\/?product=mis-aventuras-062","title":{"rendered":"MIS AVENTURAS-062"},"content":{"rendered":"<p>Figuras de madera de diferentes tama\u00f1os y formas que proponen la posibilidad de juego libre para dejar volar la imaginaci\u00f3n creando historias incre\u00edbles y m\u00e1gicas. Desde explorar los misterios del espacio exterior hasta viajes en el tiempo al mundo de los dinosaurios. Presentadas en una bolsa de tela que permite su f\u00e1cil guardado.<\/p>\n<p>Estos juegos contribuyen al desarrollo de la motricidad fina mediante el uso de la pinza y potencian la posici\u00f3n, el equilibrio y la coordinaci\u00f3n mediante la manipulaci\u00f3n de las piezas. Estimulan la imaginaci\u00f3n, la invenci\u00f3n y la creatividad. Ayudan al aprendizaje de colores, formas y tama\u00f1os. Favorecen el proceso cognitivo mediante la resoluci\u00f3n de conflictos, el lenguaje y la imitaci\u00f3n. Trabajan el control espacial ya que permite armar libremente en el plano y en el espacio.<\/p>\n","protected":false},"excerpt":{"rendered":"<p>Figuras de madera de diferentes tama\u00f1os y formas que proponen la posibilidad de juego libre para dejar volar la imaginaci\u00f3n creando historias incre\u00edbles y m\u00e1gicas. Desde explorar los misterios del espacio exterior hasta viajes en el tiempo al mundo de los dinosaurios. Presentadas en una bolsa de tela que permite su f\u00e1cil guardado. Estos juegos [&hellip;]<\/p>\n","protected":false},"featured_media":22295,"comment_status":"open","ping_status":"closed","template":"","meta":{"site-sidebar-layout":"default","site-content-layout":"default","ast-site-content-layout":"","site-content-style":"default","site-sidebar-style":"default","ast-global-header-display":"","ast-banner-title-visibility":"","ast-main-header-display":"","ast-hfb-above-header-display":"","ast-hfb-below-header-display":"","ast-hfb-mobile-header-display":"","site-post-title":"","ast-breadcrumbs-content":"","ast-featured-img":"","footer-sml-layout":"","theme-transparent-header-meta":"default","adv-header-id-meta":"","stick-header-meta":"","header-above-stick-meta":"","header-main-stick-meta":"","header-below-stick-meta":"","astra-migrate-meta-layouts":"default","ast-page-background-enabled":"default","ast-page-background-meta":{"desktop":{"background-color":"","background-image":"","background-repeat":"repeat","background-position":"center center","background-size":"auto","background-attachment":"scroll","background-type":"","background-media":"","overlay-type":"","overlay-color":"","overlay-opacity":"","overlay-gradient":""},"tablet":{"background-color":"","background-image":"","background-repeat":"repeat","background-position":"center center","background-size":"auto","background-attachment":"scroll","background-type":"","background-media":"","overlay-type":"","overlay-color":"","overlay-opacity":"","overlay-gradient":""},"mobile":{"background-color":"","background-image":"","background-repeat":"repeat","background-position":"center center","background-size":"auto","background-attachment":"scroll","background-type":"","background-media":"","overlay-type":"","overlay-color":"","overlay-opacity":"","overlay-gradient":""}},"ast-content-background-meta":{"desktop":{"background-color":"var(--ast-global-color-5)","background-image":"","background-repeat":"repeat","background-position":"center center","background-size":"auto","background-attachment":"scroll","background-type":"","background-media":"","overlay-type":"","overlay-color":"","overlay-opacity":"","overlay-gradient":""},"tablet":{"background-color":"var(--ast-global-color-5)","background-image":"","background-repeat":"repeat","background-position":"center center","background-size":"auto","background-attachment":"scroll","background-type":"","background-media":"","overlay-type":"","overlay-color":"","overlay-opacity":"","overlay-gradient":""},"mobile":{"background-color":"var(--ast-global-color-5)","background-image":"","background-repeat":"repeat","background-position":"center center","background-size":"auto","background-attachment":"scroll","background-type":"","background-media":"","overlay-type":"","overlay-color":"","overlay-opacity":"","overlay-gradient":""}},"spay_email":""},"product_cat":[163,164,165,166,93],"product_tag":[],"_links":{"self":[{"href":"https:\/\/jugueterialudico.com.ar\/index.php?rest_route=\/wp\/v2\/product\/22294"}],"collection":[{"href":"https:\/\/jugueterialudico.com.ar\/index.php?rest_route=\/wp\/v2\/product"}],"about":[{"href":"https:\/\/jugueterialudico.com.ar\/index.php?rest_route=\/wp\/v2\/types\/product"}],"replies":[{"embeddable":true,"href":"https:\/\/jugueterialudico.com.ar\/index.php?rest_route=%2Fwp%2Fv2%2Fcomments&post=22294"}],"wp:featuredmedia":[{"embeddable":true,"href":"https:\/\/jugueterialudico.com.ar\/index.php?rest_route=\/wp\/v2\/media\/22295"}],"wp:attachment":[{"href":"https:\/\/jugueterialudico.com.ar\/index.php?rest_route=%2Fwp%2Fv2%2Fmedia&parent=22294"}],"wp:term":[{"taxonomy":"product_cat","embeddable":true,"href":"https:\/\/jugueterialudico.com.ar\/index.php?rest_route=%2Fwp%2Fv2%2Fproduct_cat&post=22294"},{"taxonomy":"product_tag","embeddable":true,"href":"https:\/\/jugueterialudico.com.ar\/index.php?rest_route=%2Fwp%2Fv2%2Fproduct_tag&post=22294"}],"curies":[{"name":"wp","href":"https:\/\/api.w.org\/{rel}","templated":true}]}}