{"id":22334,"date":"2022-11-09T11:49:33","date_gmt":"2022-11-09T14:49:33","guid":{"rendered":"https:\/\/jugueterialudico.com.ar\/?post_type=product&#038;p=22334"},"modified":"2025-03-11T16:58:09","modified_gmt":"2025-03-11T19:58:09","slug":"juego-de-recorrido-062","status":"publish","type":"product","link":"https:\/\/jugueterialudico.com.ar\/?product=juego-de-recorrido-062","title":{"rendered":"JUEGO DE RECORRIDO -062"},"content":{"rendered":"<p>Los juegos de recorrido son actividades l\u00fadicas que permiten trabajar con contenido matem\u00e1tico de distintas formas, logrando que el ni\u00f1o se interese y aprenda de madera divertida, acerca de la resoluci\u00f3n de conflictos y problemas, los n\u00fameros, las cantidades y la correspondencia. Permiten relacionar que a mayor cantidad de puntos sacados, mayor ser\u00e1 el recorrido, y anticipar con qu\u00e9 n\u00famero ganar\u00e1 el juego, con cu\u00e1l se aproximar\u00e1 al otro jugador o con qu\u00e9 n\u00famero pasar\u00e1 a su compa\u00f1ero. Estos juegos tambi\u00e9n trabajan la memoria de cantidad ya que deben avanzar tantos casilleros como indiquen los dados.<\/p>\n<p>Los Juegos de Recorrido\u00a0 contienen un tablero con un recorrido de 63 casillas que a su vez hace la funci\u00f3n de caja contenedora del juego, dos dados, el instructivo, cuatro personajes\/fichas de madera de 9mm y cuatro tarjetas.<\/p>\n<p>Cada jugador tira los dados en su turno y adelanta con su ficha el n\u00famero de casillas que indica la suma de los dados. El objetivo es recorrer todo el tablero atravesando las casillas especiales, en las que el jugador puede perder uno o m\u00e1s turnos, o avanzar o retroceder.<\/p>\n","protected":false},"excerpt":{"rendered":"<p>Los juegos de recorrido son actividades l\u00fadicas que permiten trabajar con contenido matem\u00e1tico de distintas formas, logrando que el ni\u00f1o se interese y aprenda de madera divertida, acerca de la resoluci\u00f3n de conflictos y problemas, los n\u00fameros, las cantidades y la correspondencia. Permiten relacionar que a mayor cantidad de puntos sacados, mayor ser\u00e1 el recorrido, [&hellip;]<\/p>\n","protected":false},"featured_media":22335,"comment_status":"open","ping_status":"closed","template":"","meta":{"site-sidebar-layout":"default","site-content-layout":"default","ast-site-content-layout":"","site-content-style":"default","site-sidebar-style":"default","ast-global-header-display":"","ast-banner-title-visibility":"","ast-main-header-display":"","ast-hfb-above-header-display":"","ast-hfb-below-header-display":"","ast-hfb-mobile-header-display":"","site-post-title":"","ast-breadcrumbs-content":"","ast-featured-img":"","footer-sml-layout":"","theme-transparent-header-meta":"default","adv-header-id-meta":"","stick-header-meta":"","header-above-stick-meta":"","header-main-stick-meta":"","header-below-stick-meta":"","astra-migrate-meta-layouts":"default","ast-page-background-enabled":"default","ast-page-background-meta":{"desktop":{"background-color":"","background-image":"","background-repeat":"repeat","background-position":"center center","background-size":"auto","background-attachment":"scroll","background-type":"","background-media":"","overlay-type":"","overlay-color":"","overlay-opacity":"","overlay-gradient":""},"tablet":{"background-color":"","background-image":"","background-repeat":"repeat","background-position":"center center","background-size":"auto","background-attachment":"scroll","background-type":"","background-media":"","overlay-type":"","overlay-color":"","overlay-opacity":"","overlay-gradient":""},"mobile":{"background-color":"","background-image":"","background-repeat":"repeat","background-position":"center center","background-size":"auto","background-attachment":"scroll","background-type":"","background-media":"","overlay-type":"","overlay-color":"","overlay-opacity":"","overlay-gradient":""}},"ast-content-background-meta":{"desktop":{"background-color":"var(--ast-global-color-5)","background-image":"","background-repeat":"repeat","background-position":"center center","background-size":"auto","background-attachment":"scroll","background-type":"","background-media":"","overlay-type":"","overlay-color":"","overlay-opacity":"","overlay-gradient":""},"tablet":{"background-color":"var(--ast-global-color-5)","background-image":"","background-repeat":"repeat","background-position":"center center","background-size":"auto","background-attachment":"scroll","background-type":"","background-media":"","overlay-type":"","overlay-color":"","overlay-opacity":"","overlay-gradient":""},"mobile":{"background-color":"var(--ast-global-color-5)","background-image":"","background-repeat":"repeat","background-position":"center center","background-size":"auto","background-attachment":"scroll","background-type":"","background-media":"","overlay-type":"","overlay-color":"","overlay-opacity":"","overlay-gradient":""}},"spay_email":""},"product_cat":[165,166,167,93,74],"product_tag":[],"_links":{"self":[{"href":"https:\/\/jugueterialudico.com.ar\/index.php?rest_route=\/wp\/v2\/product\/22334"}],"collection":[{"href":"https:\/\/jugueterialudico.com.ar\/index.php?rest_route=\/wp\/v2\/product"}],"about":[{"href":"https:\/\/jugueterialudico.com.ar\/index.php?rest_route=\/wp\/v2\/types\/product"}],"replies":[{"embeddable":true,"href":"https:\/\/jugueterialudico.com.ar\/index.php?rest_route=%2Fwp%2Fv2%2Fcomments&post=22334"}],"wp:featuredmedia":[{"embeddable":true,"href":"https:\/\/jugueterialudico.com.ar\/index.php?rest_route=\/wp\/v2\/media\/22335"}],"wp:attachment":[{"href":"https:\/\/jugueterialudico.com.ar\/index.php?rest_route=%2Fwp%2Fv2%2Fmedia&parent=22334"}],"wp:term":[{"taxonomy":"product_cat","embeddable":true,"href":"https:\/\/jugueterialudico.com.ar\/index.php?rest_route=%2Fwp%2Fv2%2Fproduct_cat&post=22334"},{"taxonomy":"product_tag","embeddable":true,"href":"https:\/\/jugueterialudico.com.ar\/index.php?rest_route=%2Fwp%2Fv2%2Fproduct_tag&post=22334"}],"curies":[{"name":"wp","href":"https:\/\/api.w.org\/{rel}","templated":true}]}}