{"id":22369,"date":"2022-11-09T19:22:34","date_gmt":"2022-11-09T22:22:34","guid":{"rendered":"https:\/\/jugueterialudico.com.ar\/?post_type=product&#038;p=22369"},"modified":"2026-03-10T10:46:30","modified_gmt":"2026-03-10T13:46:30","slug":"puzzle-piso-28-p-dinos-001","status":"publish","type":"product","link":"https:\/\/jugueterialudico.com.ar\/?product=puzzle-piso-28-p-dinos-001","title":{"rendered":"PUZZLE PISO 28 P. DINOS &#8211; 001"},"content":{"rendered":"<p>\u00bfTe gustar\u00eda darle de comer a un amigable\u00a0T-rex? \u00bfO tomar un t\u00e9 con algunos amigos Triceratops? Jugar con Dinosaurios es una de nuestras cosas favoritas.\u00a0\u00a0Arm\u00e1 este rompecabezas y descubr\u00ed cada una de sus historias y personajes. AH! y despu\u00e9s dalo vuelta y pintalo!<\/p>\n<p>Los rompecabezas ayudan a ejercitar ambos lados del cerebro, incrementan la concentraci\u00f3n, desarrollan la creatividad y la paciencia y mejoran las habilidades motoras.<\/p>\n<p>&nbsp;<\/p>\n<p>Incluye 28 piezas de cart\u00f3n extra gruesas. 2 niveles de dificultad con 8 piezas enteras.\u00a0El dorso es una l\u00e1mina en blanco y negro para colorear.<\/p>\n<p>&nbsp;<\/p>\n<p>Tama\u00f1o de caja: 25x23x10cm<\/p>\n<p>Peso: 720g<\/p>\n<p>Edad sugerida: +2\/6 a\u00f1os<\/p>\n<p>&nbsp;<\/p>\n<p><strong>Habilidades que desarrolla: motricidad, espacio y paciencia.<\/strong><\/p>\n","protected":false},"excerpt":{"rendered":"<p>\u00bfTe gustar\u00eda darle de comer a un amigable\u00a0T-rex? \u00bfO tomar un t\u00e9 con algunos amigos Triceratops? Jugar con Dinosaurios es una de nuestras cosas favoritas.\u00a0\u00a0Arm\u00e1 este rompecabezas y descubr\u00ed cada una de sus historias y personajes. AH! y despu\u00e9s dalo vuelta y pintalo! Los rompecabezas ayudan a ejercitar ambos lados del cerebro, incrementan la concentraci\u00f3n, [&hellip;]<\/p>\n","protected":false},"featured_media":22371,"comment_status":"open","ping_status":"closed","template":"","meta":{"site-sidebar-layout":"default","site-content-layout":"default","ast-site-content-layout":"","site-content-style":"default","site-sidebar-style":"default","ast-global-header-display":"","ast-banner-title-visibility":"","ast-main-header-display":"","ast-hfb-above-header-display":"","ast-hfb-below-header-display":"","ast-hfb-mobile-header-display":"","site-post-title":"","ast-breadcrumbs-content":"","ast-featured-img":"","footer-sml-layout":"","theme-transparent-header-meta":"default","adv-header-id-meta":"","stick-header-meta":"","header-above-stick-meta":"","header-main-stick-meta":"","header-below-stick-meta":"","astra-migrate-meta-layouts":"default","ast-page-background-enabled":"default","ast-page-background-meta":{"desktop":{"background-color":"","background-image":"","background-repeat":"repeat","background-position":"center center","background-size":"auto","background-attachment":"scroll","background-type":"","background-media":"","overlay-type":"","overlay-color":"","overlay-opacity":"","overlay-gradient":""},"tablet":{"background-color":"","background-image":"","background-repeat":"repeat","background-position":"center center","background-size":"auto","background-attachment":"scroll","background-type":"","background-media":"","overlay-type":"","overlay-color":"","overlay-opacity":"","overlay-gradient":""},"mobile":{"background-color":"","background-image":"","background-repeat":"repeat","background-position":"center center","background-size":"auto","background-attachment":"scroll","background-type":"","background-media":"","overlay-type":"","overlay-color":"","overlay-opacity":"","overlay-gradient":""}},"ast-content-background-meta":{"desktop":{"background-color":"var(--ast-global-color-5)","background-image":"","background-repeat":"repeat","background-position":"center center","background-size":"auto","background-attachment":"scroll","background-type":"","background-media":"","overlay-type":"","overlay-color":"","overlay-opacity":"","overlay-gradient":""},"tablet":{"background-color":"var(--ast-global-color-5)","background-image":"","background-repeat":"repeat","background-position":"center center","background-size":"auto","background-attachment":"scroll","background-type":"","background-media":"","overlay-type":"","overlay-color":"","overlay-opacity":"","overlay-gradient":""},"mobile":{"background-color":"var(--ast-global-color-5)","background-image":"","background-repeat":"repeat","background-position":"center center","background-size":"auto","background-attachment":"scroll","background-type":"","background-media":"","overlay-type":"","overlay-color":"","overlay-opacity":"","overlay-gradient":""}},"spay_email":""},"product_cat":[163,164,165,72],"product_tag":[],"_links":{"self":[{"href":"https:\/\/jugueterialudico.com.ar\/index.php?rest_route=\/wp\/v2\/product\/22369"}],"collection":[{"href":"https:\/\/jugueterialudico.com.ar\/index.php?rest_route=\/wp\/v2\/product"}],"about":[{"href":"https:\/\/jugueterialudico.com.ar\/index.php?rest_route=\/wp\/v2\/types\/product"}],"replies":[{"embeddable":true,"href":"https:\/\/jugueterialudico.com.ar\/index.php?rest_route=%2Fwp%2Fv2%2Fcomments&post=22369"}],"wp:featuredmedia":[{"embeddable":true,"href":"https:\/\/jugueterialudico.com.ar\/index.php?rest_route=\/wp\/v2\/media\/22371"}],"wp:attachment":[{"href":"https:\/\/jugueterialudico.com.ar\/index.php?rest_route=%2Fwp%2Fv2%2Fmedia&parent=22369"}],"wp:term":[{"taxonomy":"product_cat","embeddable":true,"href":"https:\/\/jugueterialudico.com.ar\/index.php?rest_route=%2Fwp%2Fv2%2Fproduct_cat&post=22369"},{"taxonomy":"product_tag","embeddable":true,"href":"https:\/\/jugueterialudico.com.ar\/index.php?rest_route=%2Fwp%2Fv2%2Fproduct_tag&post=22369"}],"curies":[{"name":"wp","href":"https:\/\/api.w.org\/{rel}","templated":true}]}}