{"id":22422,"date":"2022-11-12T17:19:05","date_gmt":"2022-11-12T20:19:05","guid":{"rendered":"https:\/\/jugueterialudico.com.ar\/?post_type=product&#038;p=22422"},"modified":"2024-08-20T17:51:27","modified_gmt":"2024-08-20T20:51:27","slug":"ke-sos-mimica-107","status":"publish","type":"product","link":"https:\/\/jugueterialudico.com.ar\/?product=ke-sos-mimica-107","title":{"rendered":"\u00bfKE SOS? MIMICA &#8211; 107"},"content":{"rendered":"<p>\u00bfKe sos? M\u00edmica<\/p>\n<p>El divertido juego de actuaci\u00f3n familiar.<\/p>\n<p>&nbsp;<\/p>\n<p>Es tu turno, elige una tarjeta y ponela en la vincha sin verla, ah\u00ed comienza el misterio de este maravilloso juego. Ahora pregunta: es animal? Un alimento? Quiz\u00e1s un mueble? Sumando todos los datos acumulados, llegaras a saber que sos!<\/p>\n<p>&nbsp;<\/p>\n<p>Contenido:<\/p>\n<p>&nbsp;<\/p>\n<p>66 tarjetas<\/p>\n<p>24 fichas<\/p>\n<p>6 vinchas porta tarjetas<\/p>\n<p>Reloj de arena<\/p>\n<p>instrucciones<\/p>\n<p>&nbsp;<\/p>\n<p>Edad: a partir de 7 a\u00f1os<\/p>\n<p>&nbsp;<\/p>\n<p>Participantes: de 2 a 6 jugadores<\/p>\n<p class=\"p1\">\n","protected":false},"excerpt":{"rendered":"<p>\u00bfKe sos? M\u00edmica El divertido juego de actuaci\u00f3n familiar. &nbsp; Es tu turno, elige una tarjeta y ponela en la vincha sin verla, ah\u00ed comienza el misterio de este maravilloso juego. Ahora pregunta: es animal? Un alimento? Quiz\u00e1s un mueble? Sumando todos los datos acumulados, llegaras a saber que sos! &nbsp; Contenido: &nbsp; 66 tarjetas [&hellip;]<\/p>\n","protected":false},"featured_media":22424,"comment_status":"open","ping_status":"closed","template":"","meta":{"site-sidebar-layout":"default","site-content-layout":"default","ast-site-content-layout":"","site-content-style":"default","site-sidebar-style":"default","ast-global-header-display":"","ast-banner-title-visibility":"","ast-main-header-display":"","ast-hfb-above-header-display":"","ast-hfb-below-header-display":"","ast-hfb-mobile-header-display":"","site-post-title":"","ast-breadcrumbs-content":"","ast-featured-img":"","footer-sml-layout":"","theme-transparent-header-meta":"default","adv-header-id-meta":"","stick-header-meta":"","header-above-stick-meta":"","header-main-stick-meta":"","header-below-stick-meta":"","astra-migrate-meta-layouts":"default","ast-page-background-enabled":"default","ast-page-background-meta":{"desktop":{"background-color":"","background-image":"","background-repeat":"repeat","background-position":"center center","background-size":"auto","background-attachment":"scroll","background-type":"","background-media":"","overlay-type":"","overlay-color":"","overlay-opacity":"","overlay-gradient":""},"tablet":{"background-color":"","background-image":"","background-repeat":"repeat","background-position":"center center","background-size":"auto","background-attachment":"scroll","background-type":"","background-media":"","overlay-type":"","overlay-color":"","overlay-opacity":"","overlay-gradient":""},"mobile":{"background-color":"","background-image":"","background-repeat":"repeat","background-position":"center center","background-size":"auto","background-attachment":"scroll","background-type":"","background-media":"","overlay-type":"","overlay-color":"","overlay-opacity":"","overlay-gradient":""}},"ast-content-background-meta":{"desktop":{"background-color":"var(--ast-global-color-5)","background-image":"","background-repeat":"repeat","background-position":"center center","background-size":"auto","background-attachment":"scroll","background-type":"","background-media":"","overlay-type":"","overlay-color":"","overlay-opacity":"","overlay-gradient":""},"tablet":{"background-color":"var(--ast-global-color-5)","background-image":"","background-repeat":"repeat","background-position":"center center","background-size":"auto","background-attachment":"scroll","background-type":"","background-media":"","overlay-type":"","overlay-color":"","overlay-opacity":"","overlay-gradient":""},"mobile":{"background-color":"var(--ast-global-color-5)","background-image":"","background-repeat":"repeat","background-position":"center center","background-size":"auto","background-attachment":"scroll","background-type":"","background-media":"","overlay-type":"","overlay-color":"","overlay-opacity":"","overlay-gradient":""}},"spay_email":""},"product_cat":[168,166,167,74],"product_tag":[],"_links":{"self":[{"href":"https:\/\/jugueterialudico.com.ar\/index.php?rest_route=\/wp\/v2\/product\/22422"}],"collection":[{"href":"https:\/\/jugueterialudico.com.ar\/index.php?rest_route=\/wp\/v2\/product"}],"about":[{"href":"https:\/\/jugueterialudico.com.ar\/index.php?rest_route=\/wp\/v2\/types\/product"}],"replies":[{"embeddable":true,"href":"https:\/\/jugueterialudico.com.ar\/index.php?rest_route=%2Fwp%2Fv2%2Fcomments&post=22422"}],"wp:featuredmedia":[{"embeddable":true,"href":"https:\/\/jugueterialudico.com.ar\/index.php?rest_route=\/wp\/v2\/media\/22424"}],"wp:attachment":[{"href":"https:\/\/jugueterialudico.com.ar\/index.php?rest_route=%2Fwp%2Fv2%2Fmedia&parent=22422"}],"wp:term":[{"taxonomy":"product_cat","embeddable":true,"href":"https:\/\/jugueterialudico.com.ar\/index.php?rest_route=%2Fwp%2Fv2%2Fproduct_cat&post=22422"},{"taxonomy":"product_tag","embeddable":true,"href":"https:\/\/jugueterialudico.com.ar\/index.php?rest_route=%2Fwp%2Fv2%2Fproduct_tag&post=22422"}],"curies":[{"name":"wp","href":"https:\/\/api.w.org\/{rel}","templated":true}]}}