{"id":22429,"date":"2022-11-12T17:45:12","date_gmt":"2022-11-12T20:45:12","guid":{"rendered":"https:\/\/jugueterialudico.com.ar\/?post_type=product&#038;p=22429"},"modified":"2026-04-10T11:07:18","modified_gmt":"2026-04-10T14:07:18","slug":"jumanji-107","status":"publish","type":"product","link":"https:\/\/jugueterialudico.com.ar\/?product=jumanji-107","title":{"rendered":"JUMANJI Clasico  &#8211; 107"},"content":{"rendered":"<p>El Juego de Mesa de la pelicula!<\/p>\n<p>Lee las cartas a trav\u00e9s del decodificador, \u00e9ste te revelar\u00e1 los peligros! Leones que rugen, rinocerontes que atacan, cocodrilos hambrientos y mucho m\u00e1s en el fant\u00e1stico mundo de Jumanji, y s\u00f3lo est\u00e1n aun paso tuyo!!! Elige tu pe\u00f3n y comienza a jugar un viaje peligroso, decodifica un mensaje de una carta y puede ser un desastre! Si no logras escapar, la jungla te puede devorar. Tu \u00fanica salida es terminar el juego, solo as\u00ed los terrores de la jungla podr\u00e1n desaparecer&#8230;<\/p>\n<p>Contenido:<\/p>\n<p>&#8211; Tablero de juego<\/p>\n<p>&#8211; 4 peones<\/p>\n<p>&#8211; 1 figura de rinoceronte<\/p>\n<p>&#8211; 2 dados de n\u00fameros<\/p>\n<p>&#8211; 4 dados de rescate<\/p>\n<p>&#8211; Decodificador de cartas<\/p>\n<p>&#8211; 30 cartas de peligros<\/p>\n<p>&#8211; Instrucciones<\/p>\n<p>Cantidad de jugadores: de 2 a 4<\/p>\n<p>Edad recomendada: para mayores de 8 a\u00f1os<\/p>\n","protected":false},"excerpt":{"rendered":"<p>El Juego de Mesa de la pelicula! Lee las cartas a trav\u00e9s del decodificador, \u00e9ste te revelar\u00e1 los peligros! Leones que rugen, rinocerontes que atacan, cocodrilos hambrientos y mucho m\u00e1s en el fant\u00e1stico mundo de Jumanji, y s\u00f3lo est\u00e1n aun paso tuyo!!! Elige tu pe\u00f3n y comienza a jugar un viaje peligroso, decodifica un mensaje [&hellip;]<\/p>\n","protected":false},"featured_media":22432,"comment_status":"open","ping_status":"closed","template":"","meta":{"site-sidebar-layout":"default","site-content-layout":"default","ast-site-content-layout":"","site-content-style":"default","site-sidebar-style":"default","ast-global-header-display":"","ast-banner-title-visibility":"","ast-main-header-display":"","ast-hfb-above-header-display":"","ast-hfb-below-header-display":"","ast-hfb-mobile-header-display":"","site-post-title":"","ast-breadcrumbs-content":"","ast-featured-img":"","footer-sml-layout":"","theme-transparent-header-meta":"default","adv-header-id-meta":"","stick-header-meta":"","header-above-stick-meta":"","header-main-stick-meta":"","header-below-stick-meta":"","astra-migrate-meta-layouts":"default","ast-page-background-enabled":"default","ast-page-background-meta":{"desktop":{"background-color":"","background-image":"","background-repeat":"repeat","background-position":"center center","background-size":"auto","background-attachment":"scroll","background-type":"","background-media":"","overlay-type":"","overlay-color":"","overlay-opacity":"","overlay-gradient":""},"tablet":{"background-color":"","background-image":"","background-repeat":"repeat","background-position":"center center","background-size":"auto","background-attachment":"scroll","background-type":"","background-media":"","overlay-type":"","overlay-color":"","overlay-opacity":"","overlay-gradient":""},"mobile":{"background-color":"","background-image":"","background-repeat":"repeat","background-position":"center center","background-size":"auto","background-attachment":"scroll","background-type":"","background-media":"","overlay-type":"","overlay-color":"","overlay-opacity":"","overlay-gradient":""}},"ast-content-background-meta":{"desktop":{"background-color":"var(--ast-global-color-5)","background-image":"","background-repeat":"repeat","background-position":"center center","background-size":"auto","background-attachment":"scroll","background-type":"","background-media":"","overlay-type":"","overlay-color":"","overlay-opacity":"","overlay-gradient":""},"tablet":{"background-color":"var(--ast-global-color-5)","background-image":"","background-repeat":"repeat","background-position":"center center","background-size":"auto","background-attachment":"scroll","background-type":"","background-media":"","overlay-type":"","overlay-color":"","overlay-opacity":"","overlay-gradient":""},"mobile":{"background-color":"var(--ast-global-color-5)","background-image":"","background-repeat":"repeat","background-position":"center center","background-size":"auto","background-attachment":"scroll","background-type":"","background-media":"","overlay-type":"","overlay-color":"","overlay-opacity":"","overlay-gradient":""}},"spay_email":""},"product_cat":[168,167,74],"product_tag":[],"_links":{"self":[{"href":"https:\/\/jugueterialudico.com.ar\/index.php?rest_route=\/wp\/v2\/product\/22429"}],"collection":[{"href":"https:\/\/jugueterialudico.com.ar\/index.php?rest_route=\/wp\/v2\/product"}],"about":[{"href":"https:\/\/jugueterialudico.com.ar\/index.php?rest_route=\/wp\/v2\/types\/product"}],"replies":[{"embeddable":true,"href":"https:\/\/jugueterialudico.com.ar\/index.php?rest_route=%2Fwp%2Fv2%2Fcomments&post=22429"}],"wp:featuredmedia":[{"embeddable":true,"href":"https:\/\/jugueterialudico.com.ar\/index.php?rest_route=\/wp\/v2\/media\/22432"}],"wp:attachment":[{"href":"https:\/\/jugueterialudico.com.ar\/index.php?rest_route=%2Fwp%2Fv2%2Fmedia&parent=22429"}],"wp:term":[{"taxonomy":"product_cat","embeddable":true,"href":"https:\/\/jugueterialudico.com.ar\/index.php?rest_route=%2Fwp%2Fv2%2Fproduct_cat&post=22429"},{"taxonomy":"product_tag","embeddable":true,"href":"https:\/\/jugueterialudico.com.ar\/index.php?rest_route=%2Fwp%2Fv2%2Fproduct_tag&post=22429"}],"curies":[{"name":"wp","href":"https:\/\/api.w.org\/{rel}","templated":true}]}}