{"id":22477,"date":"2022-11-14T16:44:39","date_gmt":"2022-11-14T19:44:39","guid":{"rendered":"https:\/\/jugueterialudico.com.ar\/?post_type=product&#038;p=22477"},"modified":"2025-10-21T16:57:15","modified_gmt":"2025-10-21T19:57:15","slug":"crisis-104","status":"publish","type":"product","link":"https:\/\/jugueterialudico.com.ar\/?product=crisis-104","title":{"rendered":"CRISIS &#8211; 104"},"content":{"rendered":"<header id=\"main-header\" data-height-onload=\"152\" data-height-loaded=\"true\" data-fixed-height-onload=\"67\">\n<div class=\"container clearfix et_menu_container\">\n<div id=\"et-top-navigation\" data-height=\"125\" data-fixed-height=\"40\">\n<nav id=\"top-menu-nav\"><span style=\"font-size: 1.7em; font-weight: bold;\">Conquist\u00e1 el mundo siendo el mejor estratega<\/span><\/p>\n<\/nav>\n<\/div>\n<\/div>\n<\/header>\n<div id=\"et-main-area\">\n<div id=\"main-content\">\n<article id=\"post-273\" class=\"post-273 project type-project status-publish has-post-thumbnail hentry project_category-edad-8-adelante project_category-familia-y-amigos project_category-juegos project_tag-conquista project_tag-conquistas project_tag-crisis project_tag-estrategia project_tag-familiar project_tag-familiares project_tag-guerra project_tag-guerras et_pb_post\">\n<div class=\"entry-content\">\n<div class=\"et-l et-l--post\">\n<div class=\"et_builder_inner_content et_pb_gutters3\">\n<div id=\"ttCrisis\" class=\"et_pb_section et_pb_section_0 tt_standard_product_box et_section_regular\">\n<div class=\"et_pb_row et_pb_row_1 tt_product_description\">\n<div class=\"et_pb_column et_pb_column_4_4 et_pb_column_2  et_pb_css_mix_blend_mode_passthrough et-last-child\">\n<div class=\"et_pb_module et_pb_code et_pb_code_2\">\n<div class=\"et_pb_code_inner\">\n<p>El mundo est\u00e1 en juego. La estrategia ser\u00e1 fundamental para dominarlo. Figuras en 3D y tarjetas de misiones mejoradas.<\/p>\n<p>\u2022 Incluye:<br \/>\n&#8211; 5 Dados.<br \/>\n&#8211; 1 Tablero.<br \/>\n&#8211; 6 bolsitas.<br \/>\n&#8211; 8 Soldaditos por color. (6 Colores diferentes).<br \/>\n&#8211; 6 Tanques por color. (6 Colores diferentes).<br \/>\n&#8211; 4 Aviones por color. (6 Colores diferentes).<br \/>\n&#8211; Tarjetas de Pa\u00edses.<br \/>\n&#8211; Tarjetas de Misiones.<\/p>\n<ul style=\"font-size: 16px; font-style: normal; font-weight: 400;\">\n<li style=\"font-size: 16px;\">MEDIDAS:\u00a030 cm (Alto) x 51 cm (Largo) x 5 cm (Ancho)<\/li>\n<\/ul>\n<p>Edad recomendada: +8\u00a0 a\u00f1os<\/p>\n<p>Juego familiar.<\/p>\n<\/div>\n<\/div>\n<\/div>\n<\/div>\n<\/div>\n<\/div>\n<\/div>\n<\/div>\n<\/article>\n<\/div>\n<\/div>\n","protected":false},"excerpt":{"rendered":"<p>Conquist\u00e1 el mundo siendo el mejor estratega El mundo est\u00e1 en juego. La estrategia ser\u00e1 fundamental para dominarlo. Figuras en 3D y tarjetas de misiones mejoradas. \u2022 Incluye: &#8211; 5 Dados. &#8211; 1 Tablero. &#8211; 6 bolsitas. &#8211; 8 Soldaditos por color. (6 Colores diferentes). &#8211; 6 Tanques por color. (6 Colores diferentes). &#8211; 4 [&hellip;]<\/p>\n","protected":false},"featured_media":22478,"comment_status":"open","ping_status":"closed","template":"","meta":{"site-sidebar-layout":"default","site-content-layout":"default","ast-site-content-layout":"","site-content-style":"default","site-sidebar-style":"default","ast-global-header-display":"","ast-banner-title-visibility":"","ast-main-header-display":"","ast-hfb-above-header-display":"","ast-hfb-below-header-display":"","ast-hfb-mobile-header-display":"","site-post-title":"","ast-breadcrumbs-content":"","ast-featured-img":"","footer-sml-layout":"","theme-transparent-header-meta":"default","adv-header-id-meta":"","stick-header-meta":"","header-above-stick-meta":"","header-main-stick-meta":"","header-below-stick-meta":"","astra-migrate-meta-layouts":"default","ast-page-background-enabled":"default","ast-page-background-meta":{"desktop":{"background-color":"","background-image":"","background-repeat":"repeat","background-position":"center center","background-size":"auto","background-attachment":"scroll","background-type":"","background-media":"","overlay-type":"","overlay-color":"","overlay-opacity":"","overlay-gradient":""},"tablet":{"background-color":"","background-image":"","background-repeat":"repeat","background-position":"center center","background-size":"auto","background-attachment":"scroll","background-type":"","background-media":"","overlay-type":"","overlay-color":"","overlay-opacity":"","overlay-gradient":""},"mobile":{"background-color":"","background-image":"","background-repeat":"repeat","background-position":"center center","background-size":"auto","background-attachment":"scroll","background-type":"","background-media":"","overlay-type":"","overlay-color":"","overlay-opacity":"","overlay-gradient":""}},"ast-content-background-meta":{"desktop":{"background-color":"var(--ast-global-color-5)","background-image":"","background-repeat":"repeat","background-position":"center center","background-size":"auto","background-attachment":"scroll","background-type":"","background-media":"","overlay-type":"","overlay-color":"","overlay-opacity":"","overlay-gradient":""},"tablet":{"background-color":"var(--ast-global-color-5)","background-image":"","background-repeat":"repeat","background-position":"center center","background-size":"auto","background-attachment":"scroll","background-type":"","background-media":"","overlay-type":"","overlay-color":"","overlay-opacity":"","overlay-gradient":""},"mobile":{"background-color":"var(--ast-global-color-5)","background-image":"","background-repeat":"repeat","background-position":"center center","background-size":"auto","background-attachment":"scroll","background-type":"","background-media":"","overlay-type":"","overlay-color":"","overlay-opacity":"","overlay-gradient":""}},"spay_email":""},"product_cat":[185,168,167,74],"product_tag":[],"_links":{"self":[{"href":"https:\/\/jugueterialudico.com.ar\/index.php?rest_route=\/wp\/v2\/product\/22477"}],"collection":[{"href":"https:\/\/jugueterialudico.com.ar\/index.php?rest_route=\/wp\/v2\/product"}],"about":[{"href":"https:\/\/jugueterialudico.com.ar\/index.php?rest_route=\/wp\/v2\/types\/product"}],"replies":[{"embeddable":true,"href":"https:\/\/jugueterialudico.com.ar\/index.php?rest_route=%2Fwp%2Fv2%2Fcomments&post=22477"}],"wp:featuredmedia":[{"embeddable":true,"href":"https:\/\/jugueterialudico.com.ar\/index.php?rest_route=\/wp\/v2\/media\/22478"}],"wp:attachment":[{"href":"https:\/\/jugueterialudico.com.ar\/index.php?rest_route=%2Fwp%2Fv2%2Fmedia&parent=22477"}],"wp:term":[{"taxonomy":"product_cat","embeddable":true,"href":"https:\/\/jugueterialudico.com.ar\/index.php?rest_route=%2Fwp%2Fv2%2Fproduct_cat&post=22477"},{"taxonomy":"product_tag","embeddable":true,"href":"https:\/\/jugueterialudico.com.ar\/index.php?rest_route=%2Fwp%2Fv2%2Fproduct_tag&post=22477"}],"curies":[{"name":"wp","href":"https:\/\/api.w.org\/{rel}","templated":true}]}}