{"id":22480,"date":"2022-11-14T16:52:55","date_gmt":"2022-11-14T19:52:55","guid":{"rendered":"https:\/\/jugueterialudico.com.ar\/?post_type=product&#038;p=22480"},"modified":"2025-10-21T16:57:02","modified_gmt":"2025-10-21T19:57:02","slug":"crisis-de-viaje-104","status":"publish","type":"product","link":"https:\/\/jugueterialudico.com.ar\/?product=crisis-de-viaje-104","title":{"rendered":"CRISIS DE VIAJE &#8211; 104"},"content":{"rendered":"<p>Juego de mesa &#8216;Crisis&#8217;<\/p>\n<p>Corren tiempos de crisis y t\u00fa tienes una misi\u00f3n. Demuestra tu capacidad estrat\u00e9gica, ambici\u00f3n y gana. Se juega a ganar 26 pa\u00edses.<\/p>\n<p>Incluye: 3 dados, 1 caja contenedora con tablero, fichas de 4 colores diferentes, tarjetas de pa\u00edses y tarjetas de misiones.<br \/>\nDimensiones caja: 30 x 25 x 4.5 cm aprox.<\/p>\n<p>Edad recomendada: +6 a\u00f1os.<\/p>\n","protected":false},"excerpt":{"rendered":"<p>Juego de mesa &#8216;Crisis&#8217; Corren tiempos de crisis y t\u00fa tienes una misi\u00f3n. Demuestra tu capacidad estrat\u00e9gica, ambici\u00f3n y gana. Se juega a ganar 26 pa\u00edses. Incluye: 3 dados, 1 caja contenedora con tablero, fichas de 4 colores diferentes, tarjetas de pa\u00edses y tarjetas de misiones. Dimensiones caja: 30 x 25 x 4.5 cm aprox. [&hellip;]<\/p>\n","protected":false},"featured_media":22481,"comment_status":"open","ping_status":"closed","template":"","meta":{"site-sidebar-layout":"default","site-content-layout":"default","ast-site-content-layout":"","site-content-style":"default","site-sidebar-style":"default","ast-global-header-display":"","ast-banner-title-visibility":"","ast-main-header-display":"","ast-hfb-above-header-display":"","ast-hfb-below-header-display":"","ast-hfb-mobile-header-display":"","site-post-title":"","ast-breadcrumbs-content":"","ast-featured-img":"","footer-sml-layout":"","theme-transparent-header-meta":"default","adv-header-id-meta":"","stick-header-meta":"","header-above-stick-meta":"","header-main-stick-meta":"","header-below-stick-meta":"","astra-migrate-meta-layouts":"default","ast-page-background-enabled":"default","ast-page-background-meta":{"desktop":{"background-color":"","background-image":"","background-repeat":"repeat","background-position":"center center","background-size":"auto","background-attachment":"scroll","background-type":"","background-media":"","overlay-type":"","overlay-color":"","overlay-opacity":"","overlay-gradient":""},"tablet":{"background-color":"","background-image":"","background-repeat":"repeat","background-position":"center center","background-size":"auto","background-attachment":"scroll","background-type":"","background-media":"","overlay-type":"","overlay-color":"","overlay-opacity":"","overlay-gradient":""},"mobile":{"background-color":"","background-image":"","background-repeat":"repeat","background-position":"center center","background-size":"auto","background-attachment":"scroll","background-type":"","background-media":"","overlay-type":"","overlay-color":"","overlay-opacity":"","overlay-gradient":""}},"ast-content-background-meta":{"desktop":{"background-color":"var(--ast-global-color-5)","background-image":"","background-repeat":"repeat","background-position":"center center","background-size":"auto","background-attachment":"scroll","background-type":"","background-media":"","overlay-type":"","overlay-color":"","overlay-opacity":"","overlay-gradient":""},"tablet":{"background-color":"var(--ast-global-color-5)","background-image":"","background-repeat":"repeat","background-position":"center center","background-size":"auto","background-attachment":"scroll","background-type":"","background-media":"","overlay-type":"","overlay-color":"","overlay-opacity":"","overlay-gradient":""},"mobile":{"background-color":"var(--ast-global-color-5)","background-image":"","background-repeat":"repeat","background-position":"center center","background-size":"auto","background-attachment":"scroll","background-type":"","background-media":"","overlay-type":"","overlay-color":"","overlay-opacity":"","overlay-gradient":""}},"spay_email":""},"product_cat":[168,166,167,74],"product_tag":[],"_links":{"self":[{"href":"https:\/\/jugueterialudico.com.ar\/index.php?rest_route=\/wp\/v2\/product\/22480"}],"collection":[{"href":"https:\/\/jugueterialudico.com.ar\/index.php?rest_route=\/wp\/v2\/product"}],"about":[{"href":"https:\/\/jugueterialudico.com.ar\/index.php?rest_route=\/wp\/v2\/types\/product"}],"replies":[{"embeddable":true,"href":"https:\/\/jugueterialudico.com.ar\/index.php?rest_route=%2Fwp%2Fv2%2Fcomments&post=22480"}],"wp:featuredmedia":[{"embeddable":true,"href":"https:\/\/jugueterialudico.com.ar\/index.php?rest_route=\/wp\/v2\/media\/22481"}],"wp:attachment":[{"href":"https:\/\/jugueterialudico.com.ar\/index.php?rest_route=%2Fwp%2Fv2%2Fmedia&parent=22480"}],"wp:term":[{"taxonomy":"product_cat","embeddable":true,"href":"https:\/\/jugueterialudico.com.ar\/index.php?rest_route=%2Fwp%2Fv2%2Fproduct_cat&post=22480"},{"taxonomy":"product_tag","embeddable":true,"href":"https:\/\/jugueterialudico.com.ar\/index.php?rest_route=%2Fwp%2Fv2%2Fproduct_tag&post=22480"}],"curies":[{"name":"wp","href":"https:\/\/api.w.org\/{rel}","templated":true}]}}