{"id":22557,"date":"2022-11-23T10:40:38","date_gmt":"2022-11-23T13:40:38","guid":{"rendered":"https:\/\/jugueterialudico.com.ar\/?post_type=product&#038;p=22557"},"modified":"2026-02-12T15:47:47","modified_gmt":"2026-02-12T18:47:47","slug":"actividades-terapeuticas-046","status":"publish","type":"product","link":"https:\/\/jugueterialudico.com.ar\/?product=actividades-terapeuticas-046","title":{"rendered":"ACTIVIDADES TERAPEUTICAS -046"},"content":{"rendered":"<p>Pictogramas correspondientes a las actividades que habitualmente se realizan en diferentes tratamientos: Psicopedagog\u00eda, Fonoaudiolog\u00eda, Terapia Ocupacional, Psicolog\u00eda, etc.<\/p>\n<p>Incluye las siguientes actividades y objetos representados: Llego al consultorio, saludo, chequeo la agenda visual, me siento, hablamos, jugamos, burbujas, dibujar, compu\/tablet, celular, espero sentado, juego con mu\u00f1ecos, juego simb\u00f3lico, n\u00fameros, pelota blanda, busco el igual, tarjetas, bloques, juego de mesa, enhebrados, ladrillitos, masa, cuentos, ba\u00f1o, rompecabezas, escuchamos m\u00fasica, trabajo en mesa, espero, pelota grande, guardo los juguetes, vuelvo a casa, correspondencia, pinto, escribo, mi turno, tu turno, me pongo el barbijo, me pongo alcohol en gel, flecha de ahora (para indicar la actividad actual)<\/p>\n<p>Material: fichas plasticas con im\u00e1n\u00a0en la parte posterior<\/p>\n","protected":false},"excerpt":{"rendered":"<p>Pictogramas correspondientes a las actividades que habitualmente se realizan en diferentes tratamientos: Psicopedagog\u00eda, Fonoaudiolog\u00eda, Terapia Ocupacional, Psicolog\u00eda, etc. Incluye las siguientes actividades y objetos representados: Llego al consultorio, saludo, chequeo la agenda visual, me siento, hablamos, jugamos, burbujas, dibujar, compu\/tablet, celular, espero sentado, juego con mu\u00f1ecos, juego simb\u00f3lico, n\u00fameros, pelota blanda, busco el igual, tarjetas, [&hellip;]<\/p>\n","protected":false},"featured_media":22558,"comment_status":"open","ping_status":"closed","template":"","meta":{"site-sidebar-layout":"default","site-content-layout":"default","ast-site-content-layout":"","site-content-style":"default","site-sidebar-style":"default","ast-global-header-display":"","ast-banner-title-visibility":"","ast-main-header-display":"","ast-hfb-above-header-display":"","ast-hfb-below-header-display":"","ast-hfb-mobile-header-display":"","site-post-title":"","ast-breadcrumbs-content":"","ast-featured-img":"","footer-sml-layout":"","theme-transparent-header-meta":"default","adv-header-id-meta":"","stick-header-meta":"","header-above-stick-meta":"","header-main-stick-meta":"","header-below-stick-meta":"","astra-migrate-meta-layouts":"default","ast-page-background-enabled":"default","ast-page-background-meta":{"desktop":{"background-color":"","background-image":"","background-repeat":"repeat","background-position":"center center","background-size":"auto","background-attachment":"scroll","background-type":"","background-media":"","overlay-type":"","overlay-color":"","overlay-opacity":"","overlay-gradient":""},"tablet":{"background-color":"","background-image":"","background-repeat":"repeat","background-position":"center center","background-size":"auto","background-attachment":"scroll","background-type":"","background-media":"","overlay-type":"","overlay-color":"","overlay-opacity":"","overlay-gradient":""},"mobile":{"background-color":"","background-image":"","background-repeat":"repeat","background-position":"center center","background-size":"auto","background-attachment":"scroll","background-type":"","background-media":"","overlay-type":"","overlay-color":"","overlay-opacity":"","overlay-gradient":""}},"ast-content-background-meta":{"desktop":{"background-color":"var(--ast-global-color-5)","background-image":"","background-repeat":"repeat","background-position":"center center","background-size":"auto","background-attachment":"scroll","background-type":"","background-media":"","overlay-type":"","overlay-color":"","overlay-opacity":"","overlay-gradient":""},"tablet":{"background-color":"var(--ast-global-color-5)","background-image":"","background-repeat":"repeat","background-position":"center center","background-size":"auto","background-attachment":"scroll","background-type":"","background-media":"","overlay-type":"","overlay-color":"","overlay-opacity":"","overlay-gradient":""},"mobile":{"background-color":"var(--ast-global-color-5)","background-image":"","background-repeat":"repeat","background-position":"center center","background-size":"auto","background-attachment":"scroll","background-type":"","background-media":"","overlay-type":"","overlay-color":"","overlay-opacity":"","overlay-gradient":""}},"spay_email":""},"product_cat":[165,166,167,146,158],"product_tag":[],"_links":{"self":[{"href":"https:\/\/jugueterialudico.com.ar\/index.php?rest_route=\/wp\/v2\/product\/22557"}],"collection":[{"href":"https:\/\/jugueterialudico.com.ar\/index.php?rest_route=\/wp\/v2\/product"}],"about":[{"href":"https:\/\/jugueterialudico.com.ar\/index.php?rest_route=\/wp\/v2\/types\/product"}],"replies":[{"embeddable":true,"href":"https:\/\/jugueterialudico.com.ar\/index.php?rest_route=%2Fwp%2Fv2%2Fcomments&post=22557"}],"wp:featuredmedia":[{"embeddable":true,"href":"https:\/\/jugueterialudico.com.ar\/index.php?rest_route=\/wp\/v2\/media\/22558"}],"wp:attachment":[{"href":"https:\/\/jugueterialudico.com.ar\/index.php?rest_route=%2Fwp%2Fv2%2Fmedia&parent=22557"}],"wp:term":[{"taxonomy":"product_cat","embeddable":true,"href":"https:\/\/jugueterialudico.com.ar\/index.php?rest_route=%2Fwp%2Fv2%2Fproduct_cat&post=22557"},{"taxonomy":"product_tag","embeddable":true,"href":"https:\/\/jugueterialudico.com.ar\/index.php?rest_route=%2Fwp%2Fv2%2Fproduct_tag&post=22557"}],"curies":[{"name":"wp","href":"https:\/\/api.w.org\/{rel}","templated":true}]}}