{"id":22569,"date":"2022-11-25T19:04:45","date_gmt":"2022-11-25T22:04:45","guid":{"rendered":"https:\/\/jugueterialudico.com.ar\/?post_type=product&#038;p=22569"},"modified":"2026-04-20T14:22:21","modified_gmt":"2026-04-20T17:22:21","slug":"pompones-magicos-067","status":"publish","type":"product","link":"https:\/\/jugueterialudico.com.ar\/?product=pompones-magicos-067","title":{"rendered":"POMPONES M\u00c1GICOS &#8211; 067"},"content":{"rendered":"<p>Juego para armar.<br \/>\n400 Pompones de diferentes colores y 36 accesorios para personalizarlos. Conect\u00e1 los pompones entre s\u00ed fuertemente y con los accesorios, arm\u00e1 todo tipo de\u00a0personajes, animales, casas. etc. el l\u00edmite es tu imaginaci\u00f3n!<br \/>\nRecomendado a partir de\u00a0<strong>4 a\u00f1os en adelante<\/strong>.<br \/>\nEste tipo de juegos, estimula la creatividad, la imaginaci\u00f3n,\u00a0la motricidad fina y la relajaci\u00f3n.<br \/>\nImportante: No llevar al cabello, puede enredarse!<\/p>\n","protected":false},"excerpt":{"rendered":"<p>Juego para armar. 400 Pompones de diferentes colores y 36 accesorios para personalizarlos. Conect\u00e1 los pompones entre s\u00ed fuertemente y con los accesorios, arm\u00e1 todo tipo de\u00a0personajes, animales, casas. etc. el l\u00edmite es tu imaginaci\u00f3n! Recomendado a partir de\u00a04 a\u00f1os en adelante. Este tipo de juegos, estimula la creatividad, la imaginaci\u00f3n,\u00a0la motricidad fina y la [&hellip;]<\/p>\n","protected":false},"featured_media":22572,"comment_status":"open","ping_status":"closed","template":"","meta":{"site-sidebar-layout":"default","site-content-layout":"default","ast-site-content-layout":"","site-content-style":"default","site-sidebar-style":"default","ast-global-header-display":"","ast-banner-title-visibility":"","ast-main-header-display":"","ast-hfb-above-header-display":"","ast-hfb-below-header-display":"","ast-hfb-mobile-header-display":"","site-post-title":"","ast-breadcrumbs-content":"","ast-featured-img":"","footer-sml-layout":"","theme-transparent-header-meta":"default","adv-header-id-meta":"","stick-header-meta":"","header-above-stick-meta":"","header-main-stick-meta":"","header-below-stick-meta":"","astra-migrate-meta-layouts":"default","ast-page-background-enabled":"default","ast-page-background-meta":{"desktop":{"background-color":"","background-image":"","background-repeat":"repeat","background-position":"center center","background-size":"auto","background-attachment":"scroll","background-type":"","background-media":"","overlay-type":"","overlay-color":"","overlay-opacity":"","overlay-gradient":""},"tablet":{"background-color":"","background-image":"","background-repeat":"repeat","background-position":"center center","background-size":"auto","background-attachment":"scroll","background-type":"","background-media":"","overlay-type":"","overlay-color":"","overlay-opacity":"","overlay-gradient":""},"mobile":{"background-color":"","background-image":"","background-repeat":"repeat","background-position":"center center","background-size":"auto","background-attachment":"scroll","background-type":"","background-media":"","overlay-type":"","overlay-color":"","overlay-opacity":"","overlay-gradient":""}},"ast-content-background-meta":{"desktop":{"background-color":"var(--ast-global-color-5)","background-image":"","background-repeat":"repeat","background-position":"center center","background-size":"auto","background-attachment":"scroll","background-type":"","background-media":"","overlay-type":"","overlay-color":"","overlay-opacity":"","overlay-gradient":""},"tablet":{"background-color":"var(--ast-global-color-5)","background-image":"","background-repeat":"repeat","background-position":"center center","background-size":"auto","background-attachment":"scroll","background-type":"","background-media":"","overlay-type":"","overlay-color":"","overlay-opacity":"","overlay-gradient":""},"mobile":{"background-color":"var(--ast-global-color-5)","background-image":"","background-repeat":"repeat","background-position":"center center","background-size":"auto","background-attachment":"scroll","background-type":"","background-media":"","overlay-type":"","overlay-color":"","overlay-opacity":"","overlay-gradient":""}},"spay_email":""},"product_cat":[168,165,166,167,77,78],"product_tag":[],"_links":{"self":[{"href":"https:\/\/jugueterialudico.com.ar\/index.php?rest_route=\/wp\/v2\/product\/22569"}],"collection":[{"href":"https:\/\/jugueterialudico.com.ar\/index.php?rest_route=\/wp\/v2\/product"}],"about":[{"href":"https:\/\/jugueterialudico.com.ar\/index.php?rest_route=\/wp\/v2\/types\/product"}],"replies":[{"embeddable":true,"href":"https:\/\/jugueterialudico.com.ar\/index.php?rest_route=%2Fwp%2Fv2%2Fcomments&post=22569"}],"wp:featuredmedia":[{"embeddable":true,"href":"https:\/\/jugueterialudico.com.ar\/index.php?rest_route=\/wp\/v2\/media\/22572"}],"wp:attachment":[{"href":"https:\/\/jugueterialudico.com.ar\/index.php?rest_route=%2Fwp%2Fv2%2Fmedia&parent=22569"}],"wp:term":[{"taxonomy":"product_cat","embeddable":true,"href":"https:\/\/jugueterialudico.com.ar\/index.php?rest_route=%2Fwp%2Fv2%2Fproduct_cat&post=22569"},{"taxonomy":"product_tag","embeddable":true,"href":"https:\/\/jugueterialudico.com.ar\/index.php?rest_route=%2Fwp%2Fv2%2Fproduct_tag&post=22569"}],"curies":[{"name":"wp","href":"https:\/\/api.w.org\/{rel}","templated":true}]}}