{"id":22685,"date":"2023-01-27T09:51:33","date_gmt":"2023-01-27T12:51:33","guid":{"rendered":"https:\/\/jugueterialudico.com.ar\/?post_type=product&#038;p=22685"},"modified":"2026-02-23T16:39:45","modified_gmt":"2026-02-23T19:39:45","slug":"set-espuma-de-bano-069","status":"publish","type":"product","link":"https:\/\/jugueterialudico.com.ar\/?product=set-espuma-de-bano-069","title":{"rendered":"SET ESPUMA DE BA\u00d1O &#8211; 069"},"content":{"rendered":"<section class=\"page-header \">\n<div class=\"\" data-store=\"page-title\">\n<h1 class=\"h2 js-product-name h2-md\" data-store=\"product-name-147277205\">Set espumas de ba\u00f1o s\u00f3lidas<\/h1>\n<\/div>\n<\/section>\n<form id=\"product_form\" class=\"js-product-form\" action=\"https:\/\/www.coloreria.com.ar\/comprar\/\" method=\"post\" data-store=\"product-form-147277205\">\n<div id=\"product-shipping-container\" class=\"product-shipping-calculator list-readonly float-left w-100\" data-shipping-url=\"\/envio\/\">\n<div class=\"product-shipping-calculator mb-2\" data-store=\"shipping-calculator\">\n<div class=\"js-shipping-calculator-head shipping-calculator-head position-relative transition-soft mt-2 with-form \">\n<div class=\"js-shipping-calculator-with-zipcode  w-100 transition-up position-absolute\"><\/div>\n<div class=\"js-shipping-calculator-form mt-3 transition-up position-absolute transition-up-active\">\n<div class=\"form-group form-row form-group-inline align-items-center mb-3\">\n<div class=\"col-12\"><\/div>\n<\/div>\n<\/div>\n<\/div>\n<\/div>\n<\/div>\n<\/form>\n<div data-store=\"product-description-147277205\">\n<div class=\"product-description user-content\">\n<p>Contiene 3 espumas de colores (rosa, naranja y amarillo).<\/p>\n<p>Rinde hasta 3 ba\u00f1os divertidos!<\/p>\n<p>&nbsp;<\/p>\n<p>Para lograr m\u00e1s espuma, usar en agua tibia o calentita, y romperla abajo del chorro de la canilla.<\/p>\n<p>Pod\u00e9s usar una espuma entera o media, seg\u00fan la cantidad de agua y la espuma deseada.<\/p>\n<p>Est\u00e1n aprobadas para uso en ni\u00f1os\/as desde 3 a\u00f1os y dejan un perfume rico y suave. \u00a1Mucha espuma y un leve color en el agua, sin manchar el cuerpo ni la ba\u00f1adera!<\/p>\n<p>Son veganas, cruelty free y biodegradables. Est\u00e1n hechas a mano en un laboratorio argentino.<\/p>\n<p>&nbsp;<\/p>\n<p>Contenido neto : 3 unidades de 35gr cada una.<\/p>\n<\/div>\n<\/div>\n","protected":false},"excerpt":{"rendered":"<p>Set espumas de ba\u00f1o s\u00f3lidas Contiene 3 espumas de colores (rosa, naranja y amarillo). Rinde hasta 3 ba\u00f1os divertidos! &nbsp; Para lograr m\u00e1s espuma, usar en agua tibia o calentita, y romperla abajo del chorro de la canilla. Pod\u00e9s usar una espuma entera o media, seg\u00fan la cantidad de agua y la espuma deseada. Est\u00e1n [&hellip;]<\/p>\n","protected":false},"featured_media":22690,"comment_status":"open","ping_status":"closed","template":"","meta":{"site-sidebar-layout":"default","site-content-layout":"default","ast-site-content-layout":"","site-content-style":"default","site-sidebar-style":"default","ast-global-header-display":"","ast-banner-title-visibility":"","ast-main-header-display":"","ast-hfb-above-header-display":"","ast-hfb-below-header-display":"","ast-hfb-mobile-header-display":"","site-post-title":"","ast-breadcrumbs-content":"","ast-featured-img":"","footer-sml-layout":"","theme-transparent-header-meta":"default","adv-header-id-meta":"","stick-header-meta":"","header-above-stick-meta":"","header-main-stick-meta":"","header-below-stick-meta":"","astra-migrate-meta-layouts":"default","ast-page-background-enabled":"default","ast-page-background-meta":{"desktop":{"background-color":"","background-image":"","background-repeat":"repeat","background-position":"center center","background-size":"auto","background-attachment":"scroll","background-type":"","background-media":"","overlay-type":"","overlay-color":"","overlay-opacity":"","overlay-gradient":""},"tablet":{"background-color":"","background-image":"","background-repeat":"repeat","background-position":"center center","background-size":"auto","background-attachment":"scroll","background-type":"","background-media":"","overlay-type":"","overlay-color":"","overlay-opacity":"","overlay-gradient":""},"mobile":{"background-color":"","background-image":"","background-repeat":"repeat","background-position":"center center","background-size":"auto","background-attachment":"scroll","background-type":"","background-media":"","overlay-type":"","overlay-color":"","overlay-opacity":"","overlay-gradient":""}},"ast-content-background-meta":{"desktop":{"background-color":"var(--ast-global-color-5)","background-image":"","background-repeat":"repeat","background-position":"center center","background-size":"auto","background-attachment":"scroll","background-type":"","background-media":"","overlay-type":"","overlay-color":"","overlay-opacity":"","overlay-gradient":""},"tablet":{"background-color":"var(--ast-global-color-5)","background-image":"","background-repeat":"repeat","background-position":"center center","background-size":"auto","background-attachment":"scroll","background-type":"","background-media":"","overlay-type":"","overlay-color":"","overlay-opacity":"","overlay-gradient":""},"mobile":{"background-color":"var(--ast-global-color-5)","background-image":"","background-repeat":"repeat","background-position":"center center","background-size":"auto","background-attachment":"scroll","background-type":"","background-media":"","overlay-type":"","overlay-color":"","overlay-opacity":"","overlay-gradient":""}},"spay_email":""},"product_cat":[163,164,165,166,191,153],"product_tag":[],"_links":{"self":[{"href":"https:\/\/jugueterialudico.com.ar\/index.php?rest_route=\/wp\/v2\/product\/22685"}],"collection":[{"href":"https:\/\/jugueterialudico.com.ar\/index.php?rest_route=\/wp\/v2\/product"}],"about":[{"href":"https:\/\/jugueterialudico.com.ar\/index.php?rest_route=\/wp\/v2\/types\/product"}],"replies":[{"embeddable":true,"href":"https:\/\/jugueterialudico.com.ar\/index.php?rest_route=%2Fwp%2Fv2%2Fcomments&post=22685"}],"wp:featuredmedia":[{"embeddable":true,"href":"https:\/\/jugueterialudico.com.ar\/index.php?rest_route=\/wp\/v2\/media\/22690"}],"wp:attachment":[{"href":"https:\/\/jugueterialudico.com.ar\/index.php?rest_route=%2Fwp%2Fv2%2Fmedia&parent=22685"}],"wp:term":[{"taxonomy":"product_cat","embeddable":true,"href":"https:\/\/jugueterialudico.com.ar\/index.php?rest_route=%2Fwp%2Fv2%2Fproduct_cat&post=22685"},{"taxonomy":"product_tag","embeddable":true,"href":"https:\/\/jugueterialudico.com.ar\/index.php?rest_route=%2Fwp%2Fv2%2Fproduct_tag&post=22685"}],"curies":[{"name":"wp","href":"https:\/\/api.w.org\/{rel}","templated":true}]}}