{"id":22692,"date":"2023-01-27T10:04:40","date_gmt":"2023-01-27T13:04:40","guid":{"rendered":"https:\/\/jugueterialudico.com.ar\/?post_type=product&#038;p=22692"},"modified":"2026-03-17T18:16:55","modified_gmt":"2026-03-17T21:16:55","slug":"set-de-pesca-con-riel-120","status":"publish","type":"product","link":"https:\/\/jugueterialudico.com.ar\/?product=set-de-pesca-con-riel-120","title":{"rendered":"SET DE PESCA CON RIEL &#8211; 120"},"content":{"rendered":"<h2>Set de pesca con im\u00e1n y riel\ud83d\udc1f\ud83d\udc20<\/h2>\n<p>Incre\u00edble juego de pesca con riel, la ca\u00f1a posee un sistema igual a los reales, donde el ni\u00f1o\/a sube y baja la l\u00ednea de su ca\u00f1a para pescar 5 simp\u00e1ticos peces de colores imantados<\/p>\n<p>La ca\u00f1a con riel mide 56cm. y sus peces 7cm.; Acompa\u00f1ada de una bolsita de tela para guardarla y llevarla a todas partes!<\/p>\n<p>Edad recomendada: +3 a\u00f1os<\/p>\n","protected":false},"excerpt":{"rendered":"<p>Set de pesca con im\u00e1n y riel\ud83d\udc1f\ud83d\udc20 Incre\u00edble juego de pesca con riel, la ca\u00f1a posee un sistema igual a los reales, donde el ni\u00f1o\/a sube y baja la l\u00ednea de su ca\u00f1a para pescar 5 simp\u00e1ticos peces de colores imantados La ca\u00f1a con riel mide 56cm. y sus peces 7cm.; Acompa\u00f1ada de una bolsita [&hellip;]<\/p>\n","protected":false},"featured_media":22694,"comment_status":"open","ping_status":"closed","template":"","meta":{"site-sidebar-layout":"default","site-content-layout":"default","ast-site-content-layout":"","site-content-style":"default","site-sidebar-style":"default","ast-global-header-display":"","ast-banner-title-visibility":"","ast-main-header-display":"","ast-hfb-above-header-display":"","ast-hfb-below-header-display":"","ast-hfb-mobile-header-display":"","site-post-title":"","ast-breadcrumbs-content":"","ast-featured-img":"","footer-sml-layout":"","theme-transparent-header-meta":"default","adv-header-id-meta":"","stick-header-meta":"","header-above-stick-meta":"","header-main-stick-meta":"","header-below-stick-meta":"","astra-migrate-meta-layouts":"default","ast-page-background-enabled":"default","ast-page-background-meta":{"desktop":{"background-color":"","background-image":"","background-repeat":"repeat","background-position":"center center","background-size":"auto","background-attachment":"scroll","background-type":"","background-media":"","overlay-type":"","overlay-color":"","overlay-opacity":"","overlay-gradient":""},"tablet":{"background-color":"","background-image":"","background-repeat":"repeat","background-position":"center center","background-size":"auto","background-attachment":"scroll","background-type":"","background-media":"","overlay-type":"","overlay-color":"","overlay-opacity":"","overlay-gradient":""},"mobile":{"background-color":"","background-image":"","background-repeat":"repeat","background-position":"center center","background-size":"auto","background-attachment":"scroll","background-type":"","background-media":"","overlay-type":"","overlay-color":"","overlay-opacity":"","overlay-gradient":""}},"ast-content-background-meta":{"desktop":{"background-color":"var(--ast-global-color-5)","background-image":"","background-repeat":"repeat","background-position":"center center","background-size":"auto","background-attachment":"scroll","background-type":"","background-media":"","overlay-type":"","overlay-color":"","overlay-opacity":"","overlay-gradient":""},"tablet":{"background-color":"var(--ast-global-color-5)","background-image":"","background-repeat":"repeat","background-position":"center center","background-size":"auto","background-attachment":"scroll","background-type":"","background-media":"","overlay-type":"","overlay-color":"","overlay-opacity":"","overlay-gradient":""},"mobile":{"background-color":"var(--ast-global-color-5)","background-image":"","background-repeat":"repeat","background-position":"center center","background-size":"auto","background-attachment":"scroll","background-type":"","background-media":"","overlay-type":"","overlay-color":"","overlay-opacity":"","overlay-gradient":""}},"spay_email":""},"product_cat":[164,165,166,69,151,158,93],"product_tag":[],"_links":{"self":[{"href":"https:\/\/jugueterialudico.com.ar\/index.php?rest_route=\/wp\/v2\/product\/22692"}],"collection":[{"href":"https:\/\/jugueterialudico.com.ar\/index.php?rest_route=\/wp\/v2\/product"}],"about":[{"href":"https:\/\/jugueterialudico.com.ar\/index.php?rest_route=\/wp\/v2\/types\/product"}],"replies":[{"embeddable":true,"href":"https:\/\/jugueterialudico.com.ar\/index.php?rest_route=%2Fwp%2Fv2%2Fcomments&post=22692"}],"wp:featuredmedia":[{"embeddable":true,"href":"https:\/\/jugueterialudico.com.ar\/index.php?rest_route=\/wp\/v2\/media\/22694"}],"wp:attachment":[{"href":"https:\/\/jugueterialudico.com.ar\/index.php?rest_route=%2Fwp%2Fv2%2Fmedia&parent=22692"}],"wp:term":[{"taxonomy":"product_cat","embeddable":true,"href":"https:\/\/jugueterialudico.com.ar\/index.php?rest_route=%2Fwp%2Fv2%2Fproduct_cat&post=22692"},{"taxonomy":"product_tag","embeddable":true,"href":"https:\/\/jugueterialudico.com.ar\/index.php?rest_route=%2Fwp%2Fv2%2Fproduct_tag&post=22692"}],"curies":[{"name":"wp","href":"https:\/\/api.w.org\/{rel}","templated":true}]}}