{"id":22712,"date":"2023-01-27T11:28:54","date_gmt":"2023-01-27T14:28:54","guid":{"rendered":"https:\/\/jugueterialudico.com.ar\/?post_type=product&#038;p=22712"},"modified":"2024-08-28T12:46:53","modified_gmt":"2024-08-28T15:46:53","slug":"laboratorio-de-slime-068","status":"publish","type":"product","link":"https:\/\/jugueterialudico.com.ar\/?product=laboratorio-de-slime-068","title":{"rendered":"LABORATORIO DE SLIME &#8211; 068"},"content":{"rendered":"<h2>Laboratorio para fabricar slime en dos simples pasos!<\/h2>\n<p>Con este juego realizaras una reacci\u00f3n qu\u00edmica, llamada polimerizaci\u00f3n, que dar\u00e1 lugar a una nueva sustancia con caracter\u00edsticas distintas a las originales. Y as\u00ed obtener una nueva Macro Mol\u00e9cula.<\/p>\n<p><strong>SIN BORAX \u2013 NO TOXICO.<\/strong><\/p>\n<p>Contiene todo lo necesario para hacer 2 Slime. Uno FLUO y otro GLITTER!<\/p>\n<p>Caja de cart\u00f3n 15x15x6 cm.<\/p>\n<p>Edad recomendada: +6 a\u00f1os<\/p>\n","protected":false},"excerpt":{"rendered":"<p>Laboratorio para fabricar slime en dos simples pasos! Con este juego realizaras una reacci\u00f3n qu\u00edmica, llamada polimerizaci\u00f3n, que dar\u00e1 lugar a una nueva sustancia con caracter\u00edsticas distintas a las originales. Y as\u00ed obtener una nueva Macro Mol\u00e9cula. SIN BORAX \u2013 NO TOXICO. Contiene todo lo necesario para hacer 2 Slime. Uno FLUO y otro GLITTER! [&hellip;]<\/p>\n","protected":false},"featured_media":22713,"comment_status":"open","ping_status":"closed","template":"","meta":{"site-sidebar-layout":"default","site-content-layout":"default","ast-site-content-layout":"","site-content-style":"default","site-sidebar-style":"default","ast-global-header-display":"","ast-banner-title-visibility":"","ast-main-header-display":"","ast-hfb-above-header-display":"","ast-hfb-below-header-display":"","ast-hfb-mobile-header-display":"","site-post-title":"","ast-breadcrumbs-content":"","ast-featured-img":"","footer-sml-layout":"","theme-transparent-header-meta":"default","adv-header-id-meta":"","stick-header-meta":"","header-above-stick-meta":"","header-main-stick-meta":"","header-below-stick-meta":"","astra-migrate-meta-layouts":"default","ast-page-background-enabled":"default","ast-page-background-meta":{"desktop":{"background-color":"","background-image":"","background-repeat":"repeat","background-position":"center center","background-size":"auto","background-attachment":"scroll","background-type":"","background-media":"","overlay-type":"","overlay-color":"","overlay-opacity":"","overlay-gradient":""},"tablet":{"background-color":"","background-image":"","background-repeat":"repeat","background-position":"center center","background-size":"auto","background-attachment":"scroll","background-type":"","background-media":"","overlay-type":"","overlay-color":"","overlay-opacity":"","overlay-gradient":""},"mobile":{"background-color":"","background-image":"","background-repeat":"repeat","background-position":"center center","background-size":"auto","background-attachment":"scroll","background-type":"","background-media":"","overlay-type":"","overlay-color":"","overlay-opacity":"","overlay-gradient":""}},"ast-content-background-meta":{"desktop":{"background-color":"var(--ast-global-color-5)","background-image":"","background-repeat":"repeat","background-position":"center center","background-size":"auto","background-attachment":"scroll","background-type":"","background-media":"","overlay-type":"","overlay-color":"","overlay-opacity":"","overlay-gradient":""},"tablet":{"background-color":"var(--ast-global-color-5)","background-image":"","background-repeat":"repeat","background-position":"center center","background-size":"auto","background-attachment":"scroll","background-type":"","background-media":"","overlay-type":"","overlay-color":"","overlay-opacity":"","overlay-gradient":""},"mobile":{"background-color":"var(--ast-global-color-5)","background-image":"","background-repeat":"repeat","background-position":"center center","background-size":"auto","background-attachment":"scroll","background-type":"","background-media":"","overlay-type":"","overlay-color":"","overlay-opacity":"","overlay-gradient":""}},"spay_email":""},"product_cat":[166,167,75,78],"product_tag":[],"_links":{"self":[{"href":"https:\/\/jugueterialudico.com.ar\/index.php?rest_route=\/wp\/v2\/product\/22712"}],"collection":[{"href":"https:\/\/jugueterialudico.com.ar\/index.php?rest_route=\/wp\/v2\/product"}],"about":[{"href":"https:\/\/jugueterialudico.com.ar\/index.php?rest_route=\/wp\/v2\/types\/product"}],"replies":[{"embeddable":true,"href":"https:\/\/jugueterialudico.com.ar\/index.php?rest_route=%2Fwp%2Fv2%2Fcomments&post=22712"}],"wp:featuredmedia":[{"embeddable":true,"href":"https:\/\/jugueterialudico.com.ar\/index.php?rest_route=\/wp\/v2\/media\/22713"}],"wp:attachment":[{"href":"https:\/\/jugueterialudico.com.ar\/index.php?rest_route=%2Fwp%2Fv2%2Fmedia&parent=22712"}],"wp:term":[{"taxonomy":"product_cat","embeddable":true,"href":"https:\/\/jugueterialudico.com.ar\/index.php?rest_route=%2Fwp%2Fv2%2Fproduct_cat&post=22712"},{"taxonomy":"product_tag","embeddable":true,"href":"https:\/\/jugueterialudico.com.ar\/index.php?rest_route=%2Fwp%2Fv2%2Fproduct_tag&post=22712"}],"curies":[{"name":"wp","href":"https:\/\/api.w.org\/{rel}","templated":true}]}}