{"id":22727,"date":"2023-01-30T12:45:26","date_gmt":"2023-01-30T15:45:26","guid":{"rendered":"https:\/\/jugueterialudico.com.ar\/?post_type=product&#038;p=22727"},"modified":"2025-09-06T16:30:04","modified_gmt":"2025-09-06T19:30:04","slug":"buscacaminos-129","status":"publish","type":"product","link":"https:\/\/jugueterialudico.com.ar\/?product=buscacaminos-129","title":{"rendered":"BUSCACAMINOS -129"},"content":{"rendered":"<p><strong>EDAD RECOMENDADA<\/strong><br \/>\nEl busca caminos es un juego recomendado para ni\u00f1os de 2 y 5 a\u00f1os.<br \/>\n<strong>C\u00d3MO SE JUEGA<\/strong><br \/>\nConsiste en un recorrido cuya meta es ubicar las fichas en los extremos del mismo color, desplaz\u00e1ndolas manualmente por el laberinto. Luego de cumplido el objetivo, se da vuelta y las piezas vuelven a estar desordenadas, comenzando nuevamente del otro lado.<br \/>\n<strong>BENEFICIOS<\/strong><br \/>\nEste laberinto did\u00e1ctico sirve para el desarrollo cognitivo, la motricidad fina y gruesa. Otro de los beneficios de este juguete es el reconocimiento de colores, convirti\u00e9ndolo en uno de los mejores juegos educativos para ni\u00f1os.<\/p>\n","protected":false},"excerpt":{"rendered":"<p>EDAD RECOMENDADA El busca caminos es un juego recomendado para ni\u00f1os de 2 y 5 a\u00f1os. C\u00d3MO SE JUEGA Consiste en un recorrido cuya meta es ubicar las fichas en los extremos del mismo color, desplaz\u00e1ndolas manualmente por el laberinto. Luego de cumplido el objetivo, se da vuelta y las piezas vuelven a estar desordenadas, [&hellip;]<\/p>\n","protected":false},"featured_media":24385,"comment_status":"open","ping_status":"closed","template":"","meta":{"site-sidebar-layout":"default","site-content-layout":"default","ast-site-content-layout":"","site-content-style":"default","site-sidebar-style":"default","ast-global-header-display":"","ast-banner-title-visibility":"","ast-main-header-display":"","ast-hfb-above-header-display":"","ast-hfb-below-header-display":"","ast-hfb-mobile-header-display":"","site-post-title":"","ast-breadcrumbs-content":"","ast-featured-img":"","footer-sml-layout":"","theme-transparent-header-meta":"default","adv-header-id-meta":"","stick-header-meta":"","header-above-stick-meta":"","header-main-stick-meta":"","header-below-stick-meta":"","astra-migrate-meta-layouts":"default","ast-page-background-enabled":"default","ast-page-background-meta":{"desktop":{"background-color":"","background-image":"","background-repeat":"repeat","background-position":"center center","background-size":"auto","background-attachment":"scroll","background-type":"","background-media":"","overlay-type":"","overlay-color":"","overlay-opacity":"","overlay-gradient":""},"tablet":{"background-color":"","background-image":"","background-repeat":"repeat","background-position":"center center","background-size":"auto","background-attachment":"scroll","background-type":"","background-media":"","overlay-type":"","overlay-color":"","overlay-opacity":"","overlay-gradient":""},"mobile":{"background-color":"","background-image":"","background-repeat":"repeat","background-position":"center center","background-size":"auto","background-attachment":"scroll","background-type":"","background-media":"","overlay-type":"","overlay-color":"","overlay-opacity":"","overlay-gradient":""}},"ast-content-background-meta":{"desktop":{"background-color":"var(--ast-global-color-5)","background-image":"","background-repeat":"repeat","background-position":"center center","background-size":"auto","background-attachment":"scroll","background-type":"","background-media":"","overlay-type":"","overlay-color":"","overlay-opacity":"","overlay-gradient":""},"tablet":{"background-color":"var(--ast-global-color-5)","background-image":"","background-repeat":"repeat","background-position":"center center","background-size":"auto","background-attachment":"scroll","background-type":"","background-media":"","overlay-type":"","overlay-color":"","overlay-opacity":"","overlay-gradient":""},"mobile":{"background-color":"var(--ast-global-color-5)","background-image":"","background-repeat":"repeat","background-position":"center center","background-size":"auto","background-attachment":"scroll","background-type":"","background-media":"","overlay-type":"","overlay-color":"","overlay-opacity":"","overlay-gradient":""}},"spay_email":""},"product_cat":[163,164,165,93],"product_tag":[],"_links":{"self":[{"href":"https:\/\/jugueterialudico.com.ar\/index.php?rest_route=\/wp\/v2\/product\/22727"}],"collection":[{"href":"https:\/\/jugueterialudico.com.ar\/index.php?rest_route=\/wp\/v2\/product"}],"about":[{"href":"https:\/\/jugueterialudico.com.ar\/index.php?rest_route=\/wp\/v2\/types\/product"}],"replies":[{"embeddable":true,"href":"https:\/\/jugueterialudico.com.ar\/index.php?rest_route=%2Fwp%2Fv2%2Fcomments&post=22727"}],"wp:featuredmedia":[{"embeddable":true,"href":"https:\/\/jugueterialudico.com.ar\/index.php?rest_route=\/wp\/v2\/media\/24385"}],"wp:attachment":[{"href":"https:\/\/jugueterialudico.com.ar\/index.php?rest_route=%2Fwp%2Fv2%2Fmedia&parent=22727"}],"wp:term":[{"taxonomy":"product_cat","embeddable":true,"href":"https:\/\/jugueterialudico.com.ar\/index.php?rest_route=%2Fwp%2Fv2%2Fproduct_cat&post=22727"},{"taxonomy":"product_tag","embeddable":true,"href":"https:\/\/jugueterialudico.com.ar\/index.php?rest_route=%2Fwp%2Fv2%2Fproduct_tag&post=22727"}],"curies":[{"name":"wp","href":"https:\/\/api.w.org\/{rel}","templated":true}]}}