{"id":22771,"date":"2023-01-30T17:18:37","date_gmt":"2023-01-30T20:18:37","guid":{"rendered":"https:\/\/jugueterialudico.com.ar\/?post_type=product&#038;p=22771"},"modified":"2026-04-28T18:40:25","modified_gmt":"2026-04-28T21:40:25","slug":"mi-libro-de-oraciones-011","status":"publish","type":"product","link":"https:\/\/jugueterialudico.com.ar\/?product=mi-libro-de-oraciones-011","title":{"rendered":"MI LIBRO DE ORACIONES &#8211; 011"},"content":{"rendered":"<h1>Libro m\u00f3vil para armar oraciones<\/h1>\n<p>Forma diferentes oraciones con las im\u00e1genes que te ofrece este hermoso libro. Adem\u00e1s si te animas podes escribir debajo las frases que formaste y repetirlas.<\/p>\n<p>Excelente herramienta para divertirse mientras se aprende la estructura de las frases en edades tempranas. Se adec\u00faa tanto para lectores como no lectores, ya que cada componente de la oraci\u00f3n est\u00e1 acompa\u00f1ado de la ilustraci\u00f3n correspondiente.<\/p>\n<p>Las preguntas \u00bfQUI\u00c9N? \u00bfQU\u00c9 HACE? \u00bfQU\u00c9 COSA\/D\u00d3NDE? ayudar\u00e1n a los ni\u00f1os a organizar las oraciones presentadas y facilitar\u00e1n el armado de la frase<\/p>\n<p>Viene con im\u00e1genes de frases sugeridas para armar y cuentas con mucha variedad para poder crear tambi\u00e9n oraciones seg\u00fan lo que la imaginaci\u00f3n de cada peque\u00f1o usuario desee.<\/p>\n<p>&nbsp;<\/p>\n<h5>MEDIDA LIBRO<\/h5>\n<p>31 x 17 cent\u00edmetros.<\/p>\n","protected":false},"excerpt":{"rendered":"<p>Libro m\u00f3vil para armar oraciones Forma diferentes oraciones con las im\u00e1genes que te ofrece este hermoso libro. Adem\u00e1s si te animas podes escribir debajo las frases que formaste y repetirlas. Excelente herramienta para divertirse mientras se aprende la estructura de las frases en edades tempranas. Se adec\u00faa tanto para lectores como no lectores, ya que [&hellip;]<\/p>\n","protected":false},"featured_media":22772,"comment_status":"open","ping_status":"closed","template":"","meta":{"site-sidebar-layout":"default","site-content-layout":"default","ast-site-content-layout":"","site-content-style":"default","site-sidebar-style":"default","ast-global-header-display":"","ast-banner-title-visibility":"","ast-main-header-display":"","ast-hfb-above-header-display":"","ast-hfb-below-header-display":"","ast-hfb-mobile-header-display":"","site-post-title":"","ast-breadcrumbs-content":"","ast-featured-img":"","footer-sml-layout":"","theme-transparent-header-meta":"default","adv-header-id-meta":"","stick-header-meta":"","header-above-stick-meta":"","header-main-stick-meta":"","header-below-stick-meta":"","astra-migrate-meta-layouts":"default","ast-page-background-enabled":"default","ast-page-background-meta":{"desktop":{"background-color":"","background-image":"","background-repeat":"repeat","background-position":"center center","background-size":"auto","background-attachment":"scroll","background-type":"","background-media":"","overlay-type":"","overlay-color":"","overlay-opacity":"","overlay-gradient":""},"tablet":{"background-color":"","background-image":"","background-repeat":"repeat","background-position":"center center","background-size":"auto","background-attachment":"scroll","background-type":"","background-media":"","overlay-type":"","overlay-color":"","overlay-opacity":"","overlay-gradient":""},"mobile":{"background-color":"","background-image":"","background-repeat":"repeat","background-position":"center center","background-size":"auto","background-attachment":"scroll","background-type":"","background-media":"","overlay-type":"","overlay-color":"","overlay-opacity":"","overlay-gradient":""}},"ast-content-background-meta":{"desktop":{"background-color":"var(--ast-global-color-5)","background-image":"","background-repeat":"repeat","background-position":"center center","background-size":"auto","background-attachment":"scroll","background-type":"","background-media":"","overlay-type":"","overlay-color":"","overlay-opacity":"","overlay-gradient":""},"tablet":{"background-color":"var(--ast-global-color-5)","background-image":"","background-repeat":"repeat","background-position":"center center","background-size":"auto","background-attachment":"scroll","background-type":"","background-media":"","overlay-type":"","overlay-color":"","overlay-opacity":"","overlay-gradient":""},"mobile":{"background-color":"var(--ast-global-color-5)","background-image":"","background-repeat":"repeat","background-position":"center center","background-size":"auto","background-attachment":"scroll","background-type":"","background-media":"","overlay-type":"","overlay-color":"","overlay-opacity":"","overlay-gradient":""}},"spay_email":""},"product_cat":[166,167,146,145],"product_tag":[],"_links":{"self":[{"href":"https:\/\/jugueterialudico.com.ar\/index.php?rest_route=\/wp\/v2\/product\/22771"}],"collection":[{"href":"https:\/\/jugueterialudico.com.ar\/index.php?rest_route=\/wp\/v2\/product"}],"about":[{"href":"https:\/\/jugueterialudico.com.ar\/index.php?rest_route=\/wp\/v2\/types\/product"}],"replies":[{"embeddable":true,"href":"https:\/\/jugueterialudico.com.ar\/index.php?rest_route=%2Fwp%2Fv2%2Fcomments&post=22771"}],"wp:featuredmedia":[{"embeddable":true,"href":"https:\/\/jugueterialudico.com.ar\/index.php?rest_route=\/wp\/v2\/media\/22772"}],"wp:attachment":[{"href":"https:\/\/jugueterialudico.com.ar\/index.php?rest_route=%2Fwp%2Fv2%2Fmedia&parent=22771"}],"wp:term":[{"taxonomy":"product_cat","embeddable":true,"href":"https:\/\/jugueterialudico.com.ar\/index.php?rest_route=%2Fwp%2Fv2%2Fproduct_cat&post=22771"},{"taxonomy":"product_tag","embeddable":true,"href":"https:\/\/jugueterialudico.com.ar\/index.php?rest_route=%2Fwp%2Fv2%2Fproduct_tag&post=22771"}],"curies":[{"name":"wp","href":"https:\/\/api.w.org\/{rel}","templated":true}]}}