{"id":22814,"date":"2023-02-02T16:54:59","date_gmt":"2023-02-02T19:54:59","guid":{"rendered":"https:\/\/jugueterialudico.com.ar\/?post_type=product&#038;p=22814"},"modified":"2026-02-10T16:55:57","modified_gmt":"2026-02-10T19:55:57","slug":"libro-de-activ-alimentos-061","status":"publish","type":"product","link":"https:\/\/jugueterialudico.com.ar\/?product=libro-de-activ-alimentos-061","title":{"rendered":"LIBRO DE ACTIV 03(ALIMENTOS) &#8211; 061"},"content":{"rendered":"<h1>Libro de actividades de alimentos<\/h1>\n<p>&nbsp;<\/p>\n<p>Los libros kiwi <span style=\"color: #222222;\"><span style=\"font-family: tahoma, sans-serif;\"><span>\u00a0e<\/span><\/span><\/span><span style=\"color: #1d2129;\"><span style=\"font-family: tahoma, sans-serif;\"><span>st\u00e1n pensados para ofrecer a los ni\u00f1os sensaciones y oportunidades para desarrollar habilidades importantes de forma relajada y jugando.<\/span><\/span><\/span><\/p>\n<p><span style=\"color: #1d2129;\"><span style=\"font-family: tahoma, sans-serif;\"><span>Se estimula el desarrollo sensorial, la psicomotricidad fina, la coordinaci\u00f3n de las manos y la creatividad.<br \/>\nSe despierta la curiosidad y la exploraci\u00f3n por los materiales, las formas, los n\u00fameros, el lenguaje, la imaginaci\u00f3n y la emoci\u00f3n.<\/span><\/span><\/span><\/p>\n<p><span style=\"color: #1d2129; font-family: tahoma, sans-serif;\">-Esta edici\u00f3n cuenta con hojas semi r\u00edgidas 100% lavables<\/span><\/p>\n<p>Aclaraci\u00f3n importante!<\/p>\n<p>Tanto los colores como la confecci\u00f3n de algunos accesorios puede variar respecto a la foto o video. Es un producto artesanal!<\/p>\n","protected":false},"excerpt":{"rendered":"<p>Libro de actividades de alimentos &nbsp; Los libros kiwi \u00a0est\u00e1n pensados para ofrecer a los ni\u00f1os sensaciones y oportunidades para desarrollar habilidades importantes de forma relajada y jugando. Se estimula el desarrollo sensorial, la psicomotricidad fina, la coordinaci\u00f3n de las manos y la creatividad. Se despierta la curiosidad y la exploraci\u00f3n por los materiales, las [&hellip;]<\/p>\n","protected":false},"featured_media":22816,"comment_status":"open","ping_status":"closed","template":"","meta":{"site-sidebar-layout":"default","site-content-layout":"default","ast-site-content-layout":"","site-content-style":"default","site-sidebar-style":"default","ast-global-header-display":"","ast-banner-title-visibility":"","ast-main-header-display":"","ast-hfb-above-header-display":"","ast-hfb-below-header-display":"","ast-hfb-mobile-header-display":"","site-post-title":"","ast-breadcrumbs-content":"","ast-featured-img":"","footer-sml-layout":"","theme-transparent-header-meta":"default","adv-header-id-meta":"","stick-header-meta":"","header-above-stick-meta":"","header-main-stick-meta":"","header-below-stick-meta":"","astra-migrate-meta-layouts":"default","ast-page-background-enabled":"default","ast-page-background-meta":{"desktop":{"background-color":"","background-image":"","background-repeat":"repeat","background-position":"center center","background-size":"auto","background-attachment":"scroll","background-type":"","background-media":"","overlay-type":"","overlay-color":"","overlay-opacity":"","overlay-gradient":""},"tablet":{"background-color":"","background-image":"","background-repeat":"repeat","background-position":"center center","background-size":"auto","background-attachment":"scroll","background-type":"","background-media":"","overlay-type":"","overlay-color":"","overlay-opacity":"","overlay-gradient":""},"mobile":{"background-color":"","background-image":"","background-repeat":"repeat","background-position":"center center","background-size":"auto","background-attachment":"scroll","background-type":"","background-media":"","overlay-type":"","overlay-color":"","overlay-opacity":"","overlay-gradient":""}},"ast-content-background-meta":{"desktop":{"background-color":"var(--ast-global-color-5)","background-image":"","background-repeat":"repeat","background-position":"center center","background-size":"auto","background-attachment":"scroll","background-type":"","background-media":"","overlay-type":"","overlay-color":"","overlay-opacity":"","overlay-gradient":""},"tablet":{"background-color":"var(--ast-global-color-5)","background-image":"","background-repeat":"repeat","background-position":"center center","background-size":"auto","background-attachment":"scroll","background-type":"","background-media":"","overlay-type":"","overlay-color":"","overlay-opacity":"","overlay-gradient":""},"mobile":{"background-color":"var(--ast-global-color-5)","background-image":"","background-repeat":"repeat","background-position":"center center","background-size":"auto","background-attachment":"scroll","background-type":"","background-media":"","overlay-type":"","overlay-color":"","overlay-opacity":"","overlay-gradient":""}},"spay_email":""},"product_cat":[163,164,165,76,159],"product_tag":[],"_links":{"self":[{"href":"https:\/\/jugueterialudico.com.ar\/index.php?rest_route=\/wp\/v2\/product\/22814"}],"collection":[{"href":"https:\/\/jugueterialudico.com.ar\/index.php?rest_route=\/wp\/v2\/product"}],"about":[{"href":"https:\/\/jugueterialudico.com.ar\/index.php?rest_route=\/wp\/v2\/types\/product"}],"replies":[{"embeddable":true,"href":"https:\/\/jugueterialudico.com.ar\/index.php?rest_route=%2Fwp%2Fv2%2Fcomments&post=22814"}],"wp:featuredmedia":[{"embeddable":true,"href":"https:\/\/jugueterialudico.com.ar\/index.php?rest_route=\/wp\/v2\/media\/22816"}],"wp:attachment":[{"href":"https:\/\/jugueterialudico.com.ar\/index.php?rest_route=%2Fwp%2Fv2%2Fmedia&parent=22814"}],"wp:term":[{"taxonomy":"product_cat","embeddable":true,"href":"https:\/\/jugueterialudico.com.ar\/index.php?rest_route=%2Fwp%2Fv2%2Fproduct_cat&post=22814"},{"taxonomy":"product_tag","embeddable":true,"href":"https:\/\/jugueterialudico.com.ar\/index.php?rest_route=%2Fwp%2Fv2%2Fproduct_tag&post=22814"}],"curies":[{"name":"wp","href":"https:\/\/api.w.org\/{rel}","templated":true}]}}