{"id":22880,"date":"2023-02-09T10:48:08","date_gmt":"2023-02-09T13:48:08","guid":{"rendered":"https:\/\/jugueterialudico.com.ar\/?post_type=product&#038;p=22880"},"modified":"2026-04-06T16:47:38","modified_gmt":"2026-04-06T19:47:38","slug":"memotest","status":"publish","type":"product","link":"https:\/\/jugueterialudico.com.ar\/?product=memotest","title":{"rendered":"ENCONTRA2  &#8211; 0100"},"content":{"rendered":"<p>Hermosos juego de memoria con motivo s\u00faper divertido y did\u00e1ctico para los m\u00e1s chicos.<\/p>\n<p>Desafi\u00e1 tu memoria jugando entre amigos o en familia, con este colorido Memo para todas las edades.<\/p>\n<p>18 fichas Impresas a todo color con laminado brillante sobre base de madera.<\/p>\n<p>Packaging deslizable con caj\u00f3n de madera r\u00edgida<\/p>\n<p>MODELOS<\/p>\n<ul>\n<li>PRINCESAS<\/li>\n<li>DINOSAURIOS<\/li>\n<li>UNICORNIOS<\/li>\n<li>EMOCIONES<\/li>\n<li>GRANJA<\/li>\n<\/ul>\n<p>&nbsp;<\/p>\n<p>#Consultar disponibilidad<\/p>\n","protected":false},"excerpt":{"rendered":"<p>Hermosos juego de memoria con motivo s\u00faper divertido y did\u00e1ctico para los m\u00e1s chicos. Desafi\u00e1 tu memoria jugando entre amigos o en familia, con este colorido Memo para todas las edades. 18 fichas Impresas a todo color con laminado brillante sobre base de madera. Packaging deslizable con caj\u00f3n de madera r\u00edgida MODELOS PRINCESAS DINOSAURIOS UNICORNIOS [&hellip;]<\/p>\n","protected":false},"featured_media":23374,"comment_status":"open","ping_status":"closed","template":"","meta":{"site-sidebar-layout":"default","site-content-layout":"default","ast-site-content-layout":"","site-content-style":"default","site-sidebar-style":"default","ast-global-header-display":"","ast-banner-title-visibility":"","ast-main-header-display":"","ast-hfb-above-header-display":"","ast-hfb-below-header-display":"","ast-hfb-mobile-header-display":"","site-post-title":"","ast-breadcrumbs-content":"","ast-featured-img":"","footer-sml-layout":"","theme-transparent-header-meta":"default","adv-header-id-meta":"","stick-header-meta":"","header-above-stick-meta":"","header-main-stick-meta":"","header-below-stick-meta":"","astra-migrate-meta-layouts":"default","ast-page-background-enabled":"default","ast-page-background-meta":{"desktop":{"background-color":"","background-image":"","background-repeat":"repeat","background-position":"center center","background-size":"auto","background-attachment":"scroll","background-type":"","background-media":"","overlay-type":"","overlay-color":"","overlay-opacity":"","overlay-gradient":""},"tablet":{"background-color":"","background-image":"","background-repeat":"repeat","background-position":"center center","background-size":"auto","background-attachment":"scroll","background-type":"","background-media":"","overlay-type":"","overlay-color":"","overlay-opacity":"","overlay-gradient":""},"mobile":{"background-color":"","background-image":"","background-repeat":"repeat","background-position":"center center","background-size":"auto","background-attachment":"scroll","background-type":"","background-media":"","overlay-type":"","overlay-color":"","overlay-opacity":"","overlay-gradient":""}},"ast-content-background-meta":{"desktop":{"background-color":"var(--ast-global-color-5)","background-image":"","background-repeat":"repeat","background-position":"center center","background-size":"auto","background-attachment":"scroll","background-type":"","background-media":"","overlay-type":"","overlay-color":"","overlay-opacity":"","overlay-gradient":""},"tablet":{"background-color":"var(--ast-global-color-5)","background-image":"","background-repeat":"repeat","background-position":"center center","background-size":"auto","background-attachment":"scroll","background-type":"","background-media":"","overlay-type":"","overlay-color":"","overlay-opacity":"","overlay-gradient":""},"mobile":{"background-color":"var(--ast-global-color-5)","background-image":"","background-repeat":"repeat","background-position":"center center","background-size":"auto","background-attachment":"scroll","background-type":"","background-media":"","overlay-type":"","overlay-color":"","overlay-opacity":"","overlay-gradient":""}},"spay_email":""},"product_cat":[168,163,164,165,93,74],"product_tag":[],"_links":{"self":[{"href":"https:\/\/jugueterialudico.com.ar\/index.php?rest_route=\/wp\/v2\/product\/22880"}],"collection":[{"href":"https:\/\/jugueterialudico.com.ar\/index.php?rest_route=\/wp\/v2\/product"}],"about":[{"href":"https:\/\/jugueterialudico.com.ar\/index.php?rest_route=\/wp\/v2\/types\/product"}],"replies":[{"embeddable":true,"href":"https:\/\/jugueterialudico.com.ar\/index.php?rest_route=%2Fwp%2Fv2%2Fcomments&post=22880"}],"wp:featuredmedia":[{"embeddable":true,"href":"https:\/\/jugueterialudico.com.ar\/index.php?rest_route=\/wp\/v2\/media\/23374"}],"wp:attachment":[{"href":"https:\/\/jugueterialudico.com.ar\/index.php?rest_route=%2Fwp%2Fv2%2Fmedia&parent=22880"}],"wp:term":[{"taxonomy":"product_cat","embeddable":true,"href":"https:\/\/jugueterialudico.com.ar\/index.php?rest_route=%2Fwp%2Fv2%2Fproduct_cat&post=22880"},{"taxonomy":"product_tag","embeddable":true,"href":"https:\/\/jugueterialudico.com.ar\/index.php?rest_route=%2Fwp%2Fv2%2Fproduct_tag&post=22880"}],"curies":[{"name":"wp","href":"https:\/\/api.w.org\/{rel}","templated":true}]}}