{"id":22906,"date":"2023-02-10T17:33:48","date_gmt":"2023-02-10T20:33:48","guid":{"rendered":"https:\/\/jugueterialudico.com.ar\/?post_type=product&#038;p=22906"},"modified":"2025-11-26T18:00:55","modified_gmt":"2025-11-26T21:00:55","slug":"aprendiendo-a-sumar-012","status":"publish","type":"product","link":"https:\/\/jugueterialudico.com.ar\/?product=aprendiendo-a-sumar-012","title":{"rendered":"APRENDIENDO A SUMAR &#8211; 012"},"content":{"rendered":"<h1>Aprendiendo a sumar<\/h1>\n<p>&nbsp;<\/p>\n<p>juego de mesa para aprender a sumar, en madera pintada.<br \/>\nEl objetivo del juego es aprender a sumar. Encontrar\u00e1s sumas m\u00e1s sencillas y otras m\u00e1s dif\u00edciles. Para jugar hay que ubicar la suma con el resultado que le corresponda.<\/p>\n<p style=\"font-size: 16px; font-style: normal; font-weight: 400;\">Una divertida forma de aprender sumas, con 3 juegos:<\/p>\n<ul style=\"font-size: 16px; font-style: normal; font-weight: 400;\">\n<li style=\"font-size: 16px;\">A memorizar<\/li>\n<li style=\"font-size: 16px;\">Rapidito, rapidito<\/li>\n<li style=\"font-size: 16px;\">Loter\u00eda<\/li>\n<\/ul>\n<p>Contiene:<br \/>\n36 fichas de madera pintada.<\/p>\n<p>Edad: a partir de 6 a\u00f1os.<\/p>\n<p>De 2 a 4 jugadores<\/p>\n","protected":false},"excerpt":{"rendered":"<p>Aprendiendo a sumar &nbsp; juego de mesa para aprender a sumar, en madera pintada. El objetivo del juego es aprender a sumar. Encontrar\u00e1s sumas m\u00e1s sencillas y otras m\u00e1s dif\u00edciles. Para jugar hay que ubicar la suma con el resultado que le corresponda. Una divertida forma de aprender sumas, con 3 juegos: A memorizar Rapidito, [&hellip;]<\/p>\n","protected":false},"featured_media":22907,"comment_status":"open","ping_status":"closed","template":"","meta":{"site-sidebar-layout":"default","site-content-layout":"default","ast-site-content-layout":"","site-content-style":"default","site-sidebar-style":"default","ast-global-header-display":"","ast-banner-title-visibility":"","ast-main-header-display":"","ast-hfb-above-header-display":"","ast-hfb-below-header-display":"","ast-hfb-mobile-header-display":"","site-post-title":"","ast-breadcrumbs-content":"","ast-featured-img":"","footer-sml-layout":"","theme-transparent-header-meta":"default","adv-header-id-meta":"","stick-header-meta":"","header-above-stick-meta":"","header-main-stick-meta":"","header-below-stick-meta":"","astra-migrate-meta-layouts":"default","ast-page-background-enabled":"default","ast-page-background-meta":{"desktop":{"background-color":"","background-image":"","background-repeat":"repeat","background-position":"center center","background-size":"auto","background-attachment":"scroll","background-type":"","background-media":"","overlay-type":"","overlay-color":"","overlay-opacity":"","overlay-gradient":""},"tablet":{"background-color":"","background-image":"","background-repeat":"repeat","background-position":"center center","background-size":"auto","background-attachment":"scroll","background-type":"","background-media":"","overlay-type":"","overlay-color":"","overlay-opacity":"","overlay-gradient":""},"mobile":{"background-color":"","background-image":"","background-repeat":"repeat","background-position":"center center","background-size":"auto","background-attachment":"scroll","background-type":"","background-media":"","overlay-type":"","overlay-color":"","overlay-opacity":"","overlay-gradient":""}},"ast-content-background-meta":{"desktop":{"background-color":"var(--ast-global-color-5)","background-image":"","background-repeat":"repeat","background-position":"center center","background-size":"auto","background-attachment":"scroll","background-type":"","background-media":"","overlay-type":"","overlay-color":"","overlay-opacity":"","overlay-gradient":""},"tablet":{"background-color":"var(--ast-global-color-5)","background-image":"","background-repeat":"repeat","background-position":"center center","background-size":"auto","background-attachment":"scroll","background-type":"","background-media":"","overlay-type":"","overlay-color":"","overlay-opacity":"","overlay-gradient":""},"mobile":{"background-color":"var(--ast-global-color-5)","background-image":"","background-repeat":"repeat","background-position":"center center","background-size":"auto","background-attachment":"scroll","background-type":"","background-media":"","overlay-type":"","overlay-color":"","overlay-opacity":"","overlay-gradient":""}},"spay_email":""},"product_cat":[166,146,93],"product_tag":[],"_links":{"self":[{"href":"https:\/\/jugueterialudico.com.ar\/index.php?rest_route=\/wp\/v2\/product\/22906"}],"collection":[{"href":"https:\/\/jugueterialudico.com.ar\/index.php?rest_route=\/wp\/v2\/product"}],"about":[{"href":"https:\/\/jugueterialudico.com.ar\/index.php?rest_route=\/wp\/v2\/types\/product"}],"replies":[{"embeddable":true,"href":"https:\/\/jugueterialudico.com.ar\/index.php?rest_route=%2Fwp%2Fv2%2Fcomments&post=22906"}],"wp:featuredmedia":[{"embeddable":true,"href":"https:\/\/jugueterialudico.com.ar\/index.php?rest_route=\/wp\/v2\/media\/22907"}],"wp:attachment":[{"href":"https:\/\/jugueterialudico.com.ar\/index.php?rest_route=%2Fwp%2Fv2%2Fmedia&parent=22906"}],"wp:term":[{"taxonomy":"product_cat","embeddable":true,"href":"https:\/\/jugueterialudico.com.ar\/index.php?rest_route=%2Fwp%2Fv2%2Fproduct_cat&post=22906"},{"taxonomy":"product_tag","embeddable":true,"href":"https:\/\/jugueterialudico.com.ar\/index.php?rest_route=%2Fwp%2Fv2%2Fproduct_tag&post=22906"}],"curies":[{"name":"wp","href":"https:\/\/api.w.org\/{rel}","templated":true}]}}