{"id":22951,"date":"2023-02-16T09:50:45","date_gmt":"2023-02-16T12:50:45","guid":{"rendered":"https:\/\/jugueterialudico.com.ar\/?post_type=product&#038;p=22951"},"modified":"2026-03-16T10:36:39","modified_gmt":"2026-03-16T13:36:39","slug":"terra-aq-064","status":"publish","type":"product","link":"https:\/\/jugueterialudico.com.ar\/?product=terra-aq-064","title":{"rendered":"TERRA AQ -064"},"content":{"rendered":"<h3>En T\u00e9rrAq el objetivo es hallar acciones ecol\u00f3gicas destinadas a rescatar a las especies vulnerables y sus h\u00e1bitats en peligro.<\/h3>\n<h3>Usando estrategia ser\u00e1 posible convertirse en guardi\u00e1n de regiones marinas y continentales, ocupar santuarios, avanzar por los caminos de biodiversidad y finalmente cumplir la misi\u00f3n. Se obtendr\u00e1n puntos de victoria con cada uno de estos logros.<\/h3>\n<h3>Durante el juego se establece un di\u00e1logo en el que palabras como Educar, Proteger, Reciclar\u2026 son parte inseparable de la experiencia de juego. T\u00e9rrAq no explica c\u00f3mo tomar conciencia ecol\u00f3gica, sino que en su propia din\u00e1mica diversos conceptos se transmiten a trav\u00e9s de la emoci\u00f3n generada por una propuesta divertida y desafiante.<\/h3>\n<h3>\u00danico en su clase, T\u00e9rrAq asegura un tiempo de juego entretenido y estimulante, de calidad conceptual y est\u00e9tica. Las ilustraciones y los textos especialmente creados luego de una vasta investigaci\u00f3n, as\u00ed como los detalles gr\u00e1ficos, aportan valor informativo. En paralelo, su estructura l\u00fadica da lugar a variados desaf\u00edos, recompensas y rejugabilidad.<\/h3>\n<h3>BONUS: El dorso del tablero presenta una segunda propuesta de juego. Un espacio para el debate que ampl\u00eda la posibilidad de lectura e interpretaci\u00f3n de la informaci\u00f3n de las Tarjetas de Especie y de las Cartas de Sucesos.<\/h3>\n<h3><span>Edad sugerida: +12 a\u00f1os.<\/span><\/h3>\n<h3><span>Duraci\u00f3n de la partida: de 30 minutos a dos horas, dependiendo de la misi\u00f3n elegida.<\/span><\/h3>\n<h3><span>Recomendado para 4 jugadores. Tambi\u00e9n se puede jugar formando equipos.<\/span><\/h3>\n","protected":false},"excerpt":{"rendered":"<p>En T\u00e9rrAq el objetivo es hallar acciones ecol\u00f3gicas destinadas a rescatar a las especies vulnerables y sus h\u00e1bitats en peligro. Usando estrategia ser\u00e1 posible convertirse en guardi\u00e1n de regiones marinas y continentales, ocupar santuarios, avanzar por los caminos de biodiversidad y finalmente cumplir la misi\u00f3n. Se obtendr\u00e1n puntos de victoria con cada uno de estos [&hellip;]<\/p>\n","protected":false},"featured_media":22952,"comment_status":"open","ping_status":"closed","template":"","meta":{"site-sidebar-layout":"default","site-content-layout":"default","ast-site-content-layout":"","site-content-style":"default","site-sidebar-style":"default","ast-global-header-display":"","ast-banner-title-visibility":"","ast-main-header-display":"","ast-hfb-above-header-display":"","ast-hfb-below-header-display":"","ast-hfb-mobile-header-display":"","site-post-title":"","ast-breadcrumbs-content":"","ast-featured-img":"","footer-sml-layout":"","theme-transparent-header-meta":"default","adv-header-id-meta":"","stick-header-meta":"","header-above-stick-meta":"","header-main-stick-meta":"","header-below-stick-meta":"","astra-migrate-meta-layouts":"default","ast-page-background-enabled":"default","ast-page-background-meta":{"desktop":{"background-color":"","background-image":"","background-repeat":"repeat","background-position":"center center","background-size":"auto","background-attachment":"scroll","background-type":"","background-media":"","overlay-type":"","overlay-color":"","overlay-opacity":"","overlay-gradient":""},"tablet":{"background-color":"","background-image":"","background-repeat":"repeat","background-position":"center center","background-size":"auto","background-attachment":"scroll","background-type":"","background-media":"","overlay-type":"","overlay-color":"","overlay-opacity":"","overlay-gradient":""},"mobile":{"background-color":"","background-image":"","background-repeat":"repeat","background-position":"center center","background-size":"auto","background-attachment":"scroll","background-type":"","background-media":"","overlay-type":"","overlay-color":"","overlay-opacity":"","overlay-gradient":""}},"ast-content-background-meta":{"desktop":{"background-color":"var(--ast-global-color-5)","background-image":"","background-repeat":"repeat","background-position":"center center","background-size":"auto","background-attachment":"scroll","background-type":"","background-media":"","overlay-type":"","overlay-color":"","overlay-opacity":"","overlay-gradient":""},"tablet":{"background-color":"var(--ast-global-color-5)","background-image":"","background-repeat":"repeat","background-position":"center center","background-size":"auto","background-attachment":"scroll","background-type":"","background-media":"","overlay-type":"","overlay-color":"","overlay-opacity":"","overlay-gradient":""},"mobile":{"background-color":"var(--ast-global-color-5)","background-image":"","background-repeat":"repeat","background-position":"center center","background-size":"auto","background-attachment":"scroll","background-type":"","background-media":"","overlay-type":"","overlay-color":"","overlay-opacity":"","overlay-gradient":""}},"spay_email":""},"product_cat":[185,168,74],"product_tag":[],"_links":{"self":[{"href":"https:\/\/jugueterialudico.com.ar\/index.php?rest_route=\/wp\/v2\/product\/22951"}],"collection":[{"href":"https:\/\/jugueterialudico.com.ar\/index.php?rest_route=\/wp\/v2\/product"}],"about":[{"href":"https:\/\/jugueterialudico.com.ar\/index.php?rest_route=\/wp\/v2\/types\/product"}],"replies":[{"embeddable":true,"href":"https:\/\/jugueterialudico.com.ar\/index.php?rest_route=%2Fwp%2Fv2%2Fcomments&post=22951"}],"wp:featuredmedia":[{"embeddable":true,"href":"https:\/\/jugueterialudico.com.ar\/index.php?rest_route=\/wp\/v2\/media\/22952"}],"wp:attachment":[{"href":"https:\/\/jugueterialudico.com.ar\/index.php?rest_route=%2Fwp%2Fv2%2Fmedia&parent=22951"}],"wp:term":[{"taxonomy":"product_cat","embeddable":true,"href":"https:\/\/jugueterialudico.com.ar\/index.php?rest_route=%2Fwp%2Fv2%2Fproduct_cat&post=22951"},{"taxonomy":"product_tag","embeddable":true,"href":"https:\/\/jugueterialudico.com.ar\/index.php?rest_route=%2Fwp%2Fv2%2Fproduct_tag&post=22951"}],"curies":[{"name":"wp","href":"https:\/\/api.w.org\/{rel}","templated":true}]}}