{"id":23060,"date":"2023-03-20T09:56:20","date_gmt":"2023-03-20T12:56:20","guid":{"rendered":"https:\/\/jugueterialudico.com.ar\/?post_type=product&#038;p=23060"},"modified":"2026-04-28T18:38:52","modified_gmt":"2026-04-28T21:38:52","slug":"al-final-del-arcoiris-011","status":"publish","type":"product","link":"https:\/\/jugueterialudico.com.ar\/?product=al-final-del-arcoiris-011","title":{"rendered":"AL FINAL DEL ARCOIRIS -011"},"content":{"rendered":"<p>Al Final Del Arco\u00edris<\/p>\n<p>\u2022 Al final del arco\u00edris hay una olla con monedas de oro, hay que tratar de llegar a ella antes de que el duende lo haga.<\/p>\n<p>\u2022 Este juego permite que se diviertan ni\u00f1os desde 3 a\u00f1os en adelante ya que no necesitan leer ni sumar para jugar. Pueden participar de 2 a 6 jugadores.<\/p>\n<p>\u2022 El recorrido lo hacen los personajes sobre el hermoso arco\u00edris seg\u00fan los tr\u00e9boles de colores que van obteniendo. \u00a1Pero cuidado! el duende puede avanzar tambi\u00e9n y tratar de llegar antes.<\/p>\n<p>\u2022 Al final del arco\u00edris se puede llegar de dos formas: en modo cooperativo, colaborando entre todos los participantes para llegar a la meta, o tambi\u00e9n se puede llegar en modo competitivo, tratando de llegar a la meta antes que el duende y antes que todo el resto de los participantes.<\/p>\n<p>&nbsp;<\/p>\n<h5>CONTENIDO<\/h5>\n<p>\u2022 1 Tablero\u00a0 \u00a0 \u00a0 \u2022 7 Fichas\u00a0 \u00a0 \u00a0 \u2022 36 Tarjetas<\/p>\n<p>\u2022 Gu\u00eda para padres<\/p>\n<p>\u2022 Instructivo<\/p>\n","protected":false},"excerpt":{"rendered":"<p>Al Final Del Arco\u00edris \u2022 Al final del arco\u00edris hay una olla con monedas de oro, hay que tratar de llegar a ella antes de que el duende lo haga. \u2022 Este juego permite que se diviertan ni\u00f1os desde 3 a\u00f1os en adelante ya que no necesitan leer ni sumar para jugar. Pueden participar de [&hellip;]<\/p>\n","protected":false},"featured_media":23061,"comment_status":"open","ping_status":"closed","template":"","meta":{"site-sidebar-layout":"default","site-content-layout":"default","ast-site-content-layout":"","site-content-style":"default","site-sidebar-style":"default","ast-global-header-display":"","ast-banner-title-visibility":"","ast-main-header-display":"","ast-hfb-above-header-display":"","ast-hfb-below-header-display":"","ast-hfb-mobile-header-display":"","site-post-title":"","ast-breadcrumbs-content":"","ast-featured-img":"","footer-sml-layout":"","theme-transparent-header-meta":"default","adv-header-id-meta":"","stick-header-meta":"","header-above-stick-meta":"","header-main-stick-meta":"","header-below-stick-meta":"","astra-migrate-meta-layouts":"default","ast-page-background-enabled":"default","ast-page-background-meta":{"desktop":{"background-color":"","background-image":"","background-repeat":"repeat","background-position":"center center","background-size":"auto","background-attachment":"scroll","background-type":"","background-media":"","overlay-type":"","overlay-color":"","overlay-opacity":"","overlay-gradient":""},"tablet":{"background-color":"","background-image":"","background-repeat":"repeat","background-position":"center center","background-size":"auto","background-attachment":"scroll","background-type":"","background-media":"","overlay-type":"","overlay-color":"","overlay-opacity":"","overlay-gradient":""},"mobile":{"background-color":"","background-image":"","background-repeat":"repeat","background-position":"center center","background-size":"auto","background-attachment":"scroll","background-type":"","background-media":"","overlay-type":"","overlay-color":"","overlay-opacity":"","overlay-gradient":""}},"ast-content-background-meta":{"desktop":{"background-color":"var(--ast-global-color-5)","background-image":"","background-repeat":"repeat","background-position":"center center","background-size":"auto","background-attachment":"scroll","background-type":"","background-media":"","overlay-type":"","overlay-color":"","overlay-opacity":"","overlay-gradient":""},"tablet":{"background-color":"var(--ast-global-color-5)","background-image":"","background-repeat":"repeat","background-position":"center center","background-size":"auto","background-attachment":"scroll","background-type":"","background-media":"","overlay-type":"","overlay-color":"","overlay-opacity":"","overlay-gradient":""},"mobile":{"background-color":"var(--ast-global-color-5)","background-image":"","background-repeat":"repeat","background-position":"center center","background-size":"auto","background-attachment":"scroll","background-type":"","background-media":"","overlay-type":"","overlay-color":"","overlay-opacity":"","overlay-gradient":""}},"spay_email":""},"product_cat":[164,165,166,74],"product_tag":[],"_links":{"self":[{"href":"https:\/\/jugueterialudico.com.ar\/index.php?rest_route=\/wp\/v2\/product\/23060"}],"collection":[{"href":"https:\/\/jugueterialudico.com.ar\/index.php?rest_route=\/wp\/v2\/product"}],"about":[{"href":"https:\/\/jugueterialudico.com.ar\/index.php?rest_route=\/wp\/v2\/types\/product"}],"replies":[{"embeddable":true,"href":"https:\/\/jugueterialudico.com.ar\/index.php?rest_route=%2Fwp%2Fv2%2Fcomments&post=23060"}],"wp:featuredmedia":[{"embeddable":true,"href":"https:\/\/jugueterialudico.com.ar\/index.php?rest_route=\/wp\/v2\/media\/23061"}],"wp:attachment":[{"href":"https:\/\/jugueterialudico.com.ar\/index.php?rest_route=%2Fwp%2Fv2%2Fmedia&parent=23060"}],"wp:term":[{"taxonomy":"product_cat","embeddable":true,"href":"https:\/\/jugueterialudico.com.ar\/index.php?rest_route=%2Fwp%2Fv2%2Fproduct_cat&post=23060"},{"taxonomy":"product_tag","embeddable":true,"href":"https:\/\/jugueterialudico.com.ar\/index.php?rest_route=%2Fwp%2Fv2%2Fproduct_tag&post=23060"}],"curies":[{"name":"wp","href":"https:\/\/api.w.org\/{rel}","templated":true}]}}