{"id":23063,"date":"2023-03-20T09:59:21","date_gmt":"2023-03-20T12:59:21","guid":{"rendered":"https:\/\/jugueterialudico.com.ar\/?post_type=product&#038;p=23063"},"modified":"2026-04-28T18:38:23","modified_gmt":"2026-04-28T21:38:23","slug":"el-arbol-de-las-aves-011","status":"publish","type":"product","link":"https:\/\/jugueterialudico.com.ar\/?product=el-arbol-de-las-aves-011","title":{"rendered":"EL \u00c1RBOL DE LAS AVES -011"},"content":{"rendered":"<p>El \u00c1rbol De Las Aves<\/p>\n<p>\u2022 Este hermoso juego nos invita a divertirnos con una din\u00e1mica diferente, que te mantendr\u00e1 alerta cuidando de las aves mientras que aprendemos sobre ellas.<\/p>\n<p>\u2022 Pueden jugar ni\u00f1os desde 5 a\u00f1os en adelante, y\u2026 \u00a1hasta los adultos van a divertirse mucho!<\/p>\n<p>\u2022 Participan de 2 a 5 jugadores, y depende de cuantos sean se selecciona el tablero a utilizar. Cada participante elije el ave que m\u00e1s le gusta y las toma consigo. En cada tablero hay \u00e1rboles donde necesitamos colocar a nuestras aves.<\/p>\n<p>\u2022 El primer jugador que logre colocar sus aves en el \u00e1rbol es el ganador, pero va a necesitar defender muy bien los lugares que vayan ocupando ya que todos los p\u00e1jaros van a querer estar en la misma rama del \u00e1rbol.<\/p>\n<p>&nbsp;<\/p>\n<h5>CONTENIDO<\/h5>\n<p>\u2022 2 Tableros\u00a0 \u00a0 \u00a0 \u2022 35 Fichas\u00a0 \u00a0 \u00a0 \u2022 32 Tarjetas<\/p>\n<p>\u2022 1 Cono\u00a0 \u00a0 \u00a0 \u00a0 \u00a0 \u00a0 \u00a0\u2022 1 Dado<\/p>\n<p>\u2022 Instructivo<\/p>\n","protected":false},"excerpt":{"rendered":"<p>El \u00c1rbol De Las Aves \u2022 Este hermoso juego nos invita a divertirnos con una din\u00e1mica diferente, que te mantendr\u00e1 alerta cuidando de las aves mientras que aprendemos sobre ellas. \u2022 Pueden jugar ni\u00f1os desde 5 a\u00f1os en adelante, y\u2026 \u00a1hasta los adultos van a divertirse mucho! \u2022 Participan de 2 a 5 jugadores, y [&hellip;]<\/p>\n","protected":false},"featured_media":24622,"comment_status":"open","ping_status":"closed","template":"","meta":{"site-sidebar-layout":"default","site-content-layout":"default","ast-site-content-layout":"default","site-content-style":"default","site-sidebar-style":"default","ast-global-header-display":"","ast-banner-title-visibility":"","ast-main-header-display":"","ast-hfb-above-header-display":"","ast-hfb-below-header-display":"","ast-hfb-mobile-header-display":"","site-post-title":"","ast-breadcrumbs-content":"","ast-featured-img":"","footer-sml-layout":"","theme-transparent-header-meta":"default","adv-header-id-meta":"","stick-header-meta":"","header-above-stick-meta":"","header-main-stick-meta":"","header-below-stick-meta":"","astra-migrate-meta-layouts":"set","ast-page-background-enabled":"default","ast-page-background-meta":{"desktop":{"background-color":"","background-image":"","background-repeat":"repeat","background-position":"center center","background-size":"auto","background-attachment":"scroll","background-type":"","background-media":"","overlay-type":"","overlay-color":"","overlay-opacity":"","overlay-gradient":""},"tablet":{"background-color":"","background-image":"","background-repeat":"repeat","background-position":"center center","background-size":"auto","background-attachment":"scroll","background-type":"","background-media":"","overlay-type":"","overlay-color":"","overlay-opacity":"","overlay-gradient":""},"mobile":{"background-color":"","background-image":"","background-repeat":"repeat","background-position":"center center","background-size":"auto","background-attachment":"scroll","background-type":"","background-media":"","overlay-type":"","overlay-color":"","overlay-opacity":"","overlay-gradient":""}},"ast-content-background-meta":{"desktop":{"background-color":"var(--ast-global-color-5)","background-image":"","background-repeat":"repeat","background-position":"center center","background-size":"auto","background-attachment":"scroll","background-type":"","background-media":"","overlay-type":"","overlay-color":"","overlay-opacity":"","overlay-gradient":""},"tablet":{"background-color":"var(--ast-global-color-5)","background-image":"","background-repeat":"repeat","background-position":"center center","background-size":"auto","background-attachment":"scroll","background-type":"","background-media":"","overlay-type":"","overlay-color":"","overlay-opacity":"","overlay-gradient":""},"mobile":{"background-color":"var(--ast-global-color-5)","background-image":"","background-repeat":"repeat","background-position":"center center","background-size":"auto","background-attachment":"scroll","background-type":"","background-media":"","overlay-type":"","overlay-color":"","overlay-opacity":"","overlay-gradient":""}},"spay_email":""},"product_cat":[166,167,146,74],"product_tag":[],"_links":{"self":[{"href":"https:\/\/jugueterialudico.com.ar\/index.php?rest_route=\/wp\/v2\/product\/23063"}],"collection":[{"href":"https:\/\/jugueterialudico.com.ar\/index.php?rest_route=\/wp\/v2\/product"}],"about":[{"href":"https:\/\/jugueterialudico.com.ar\/index.php?rest_route=\/wp\/v2\/types\/product"}],"replies":[{"embeddable":true,"href":"https:\/\/jugueterialudico.com.ar\/index.php?rest_route=%2Fwp%2Fv2%2Fcomments&post=23063"}],"wp:featuredmedia":[{"embeddable":true,"href":"https:\/\/jugueterialudico.com.ar\/index.php?rest_route=\/wp\/v2\/media\/24622"}],"wp:attachment":[{"href":"https:\/\/jugueterialudico.com.ar\/index.php?rest_route=%2Fwp%2Fv2%2Fmedia&parent=23063"}],"wp:term":[{"taxonomy":"product_cat","embeddable":true,"href":"https:\/\/jugueterialudico.com.ar\/index.php?rest_route=%2Fwp%2Fv2%2Fproduct_cat&post=23063"},{"taxonomy":"product_tag","embeddable":true,"href":"https:\/\/jugueterialudico.com.ar\/index.php?rest_route=%2Fwp%2Fv2%2Fproduct_tag&post=23063"}],"curies":[{"name":"wp","href":"https:\/\/api.w.org\/{rel}","templated":true}]}}