{"id":23124,"date":"2023-04-04T11:53:54","date_gmt":"2023-04-04T14:53:54","guid":{"rendered":"https:\/\/jugueterialudico.com.ar\/?post_type=product&#038;p=23124"},"modified":"2026-04-20T18:26:01","modified_gmt":"2026-04-20T21:26:01","slug":"libro-de-tela-nina-explora-arg-177","status":"publish","type":"product","link":"https:\/\/jugueterialudico.com.ar\/?product=libro-de-tela-nina-explora-arg-177","title":{"rendered":"LIBRO DE TELA &#8211; NINA EXPLORA ARG &#8211; 177"},"content":{"rendered":"<h2>VIAJAR ENTRE ILUSTRACIONES Y PALABRAS&#8230;<\/h2>\n<p><em>\u00abYa esta todo cargado en el portaequipaje, no queda lugar ni para un quesito m\u00e1s\u2026<\/em><\/p>\n<p><em>Brownie ser\u00e1 copiloto \u00a1Guau!\u00a1 y\u00a0Nina al volante toda la Argentina pretende visitar!<\/em><\/p>\n<p><em>En esta nueva traves\u00eda, nuestra amiga roedora y su fiel amigo salchicha, vuelven a\u00a0la ciudad con nuevos amigos y algunos cuantos l\u00edos que contar&#8230;\u00bb<\/em><\/p>\n<p><strong>Nina explora Argentina, es el nuevo libro\u00a0<\/strong>ilustrado donde Nina y su fiel amigo\u00a0<em>brownie<\/em>\u00a0recorren nuestro hermoso pa\u00eds, cada p\u00e1gina nos trasporta a un paisaje \u00fanico con un mont\u00f3n de detalles, un cuento y mucho para explorar ( bolsillos\/ capas\/ chifle y cintas). Recorramos juntos algunos de nuestros m\u00e1s ic\u00f3nicos paisajes y que comience una nueva aventura<\/p>\n<p>&nbsp;<\/p>\n<ol>\n<li>Medidas del libro: 22 x 20 x 6 \/ relleno con\u00a0guata org\u00e1nica\u00a0\/\u00a0lavable\u00a0\/ suave y liviano<\/li>\n<li>Portada y contratapa m\u00e1s y 10 escenas para observar, jugar y aprender<\/li>\n<li>Se puede lavar a m\u00e1quina (lavado\u00a0suave)<\/li>\n<li>S\u00f3lo para almas viajeras&#8230;<\/li>\n<li>El libro viene con la ratona Nina<\/li>\n<\/ol>\n<p>Edad recomendada:+6 meses<\/p>\n","protected":false},"excerpt":{"rendered":"<p>VIAJAR ENTRE ILUSTRACIONES Y PALABRAS&#8230; \u00abYa esta todo cargado en el portaequipaje, no queda lugar ni para un quesito m\u00e1s\u2026 Brownie ser\u00e1 copiloto \u00a1Guau!\u00a1 y\u00a0Nina al volante toda la Argentina pretende visitar! En esta nueva traves\u00eda, nuestra amiga roedora y su fiel amigo salchicha, vuelven a\u00a0la ciudad con nuevos amigos y algunos cuantos l\u00edos que [&hellip;]<\/p>\n","protected":false},"featured_media":23131,"comment_status":"open","ping_status":"closed","template":"","meta":{"site-sidebar-layout":"default","site-content-layout":"default","ast-site-content-layout":"","site-content-style":"default","site-sidebar-style":"default","ast-global-header-display":"","ast-banner-title-visibility":"","ast-main-header-display":"","ast-hfb-above-header-display":"","ast-hfb-below-header-display":"","ast-hfb-mobile-header-display":"","site-post-title":"","ast-breadcrumbs-content":"","ast-featured-img":"","footer-sml-layout":"","theme-transparent-header-meta":"default","adv-header-id-meta":"","stick-header-meta":"","header-above-stick-meta":"","header-main-stick-meta":"","header-below-stick-meta":"","astra-migrate-meta-layouts":"default","ast-page-background-enabled":"default","ast-page-background-meta":{"desktop":{"background-color":"","background-image":"","background-repeat":"repeat","background-position":"center center","background-size":"auto","background-attachment":"scroll","background-type":"","background-media":"","overlay-type":"","overlay-color":"","overlay-opacity":"","overlay-gradient":""},"tablet":{"background-color":"","background-image":"","background-repeat":"repeat","background-position":"center center","background-size":"auto","background-attachment":"scroll","background-type":"","background-media":"","overlay-type":"","overlay-color":"","overlay-opacity":"","overlay-gradient":""},"mobile":{"background-color":"","background-image":"","background-repeat":"repeat","background-position":"center center","background-size":"auto","background-attachment":"scroll","background-type":"","background-media":"","overlay-type":"","overlay-color":"","overlay-opacity":"","overlay-gradient":""}},"ast-content-background-meta":{"desktop":{"background-color":"var(--ast-global-color-5)","background-image":"","background-repeat":"repeat","background-position":"center center","background-size":"auto","background-attachment":"scroll","background-type":"","background-media":"","overlay-type":"","overlay-color":"","overlay-opacity":"","overlay-gradient":""},"tablet":{"background-color":"var(--ast-global-color-5)","background-image":"","background-repeat":"repeat","background-position":"center center","background-size":"auto","background-attachment":"scroll","background-type":"","background-media":"","overlay-type":"","overlay-color":"","overlay-opacity":"","overlay-gradient":""},"mobile":{"background-color":"var(--ast-global-color-5)","background-image":"","background-repeat":"repeat","background-position":"center center","background-size":"auto","background-attachment":"scroll","background-type":"","background-media":"","overlay-type":"","overlay-color":"","overlay-opacity":"","overlay-gradient":""}},"spay_email":""},"product_cat":[162,161,163,164,165,166,76,196,145,159],"product_tag":[],"_links":{"self":[{"href":"https:\/\/jugueterialudico.com.ar\/index.php?rest_route=\/wp\/v2\/product\/23124"}],"collection":[{"href":"https:\/\/jugueterialudico.com.ar\/index.php?rest_route=\/wp\/v2\/product"}],"about":[{"href":"https:\/\/jugueterialudico.com.ar\/index.php?rest_route=\/wp\/v2\/types\/product"}],"replies":[{"embeddable":true,"href":"https:\/\/jugueterialudico.com.ar\/index.php?rest_route=%2Fwp%2Fv2%2Fcomments&post=23124"}],"wp:featuredmedia":[{"embeddable":true,"href":"https:\/\/jugueterialudico.com.ar\/index.php?rest_route=\/wp\/v2\/media\/23131"}],"wp:attachment":[{"href":"https:\/\/jugueterialudico.com.ar\/index.php?rest_route=%2Fwp%2Fv2%2Fmedia&parent=23124"}],"wp:term":[{"taxonomy":"product_cat","embeddable":true,"href":"https:\/\/jugueterialudico.com.ar\/index.php?rest_route=%2Fwp%2Fv2%2Fproduct_cat&post=23124"},{"taxonomy":"product_tag","embeddable":true,"href":"https:\/\/jugueterialudico.com.ar\/index.php?rest_route=%2Fwp%2Fv2%2Fproduct_tag&post=23124"}],"curies":[{"name":"wp","href":"https:\/\/api.w.org\/{rel}","templated":true}]}}