{"id":23148,"date":"2023-04-17T17:06:20","date_gmt":"2023-04-17T20:06:20","guid":{"rendered":"https:\/\/jugueterialudico.com.ar\/?post_type=product&#038;p=23148"},"modified":"2025-07-19T17:06:06","modified_gmt":"2025-07-19T20:06:06","slug":"mapa-animales-de-america-p-pintar-163","status":"publish","type":"product","link":"https:\/\/jugueterialudico.com.ar\/?product=mapa-animales-de-america-p-pintar-163","title":{"rendered":"MAPA ANIMALES DE AMERICA P\/PINTAR- 163"},"content":{"rendered":"<h2>Mapa de animales de Am\u00e9rica para pintar<\/h2>\n<p>El Proyecto Am\u00e9rica: Animales es un mapa gigante de Am\u00e9rica para colorear, que nos muestra la fauna representativa de sus 35 pa\u00edses.<br \/>\nAdem\u00e1s viene con unas geniales indicaciones: Si est\u00e1n el peligro de extinci\u00f3n, su tiempo de vida, peso promedio y alimentaci\u00f3n. Como siempre Atlantis pretende reunir a la familia o a los amigos alrededor del mapa, y comenzar a \u00a1pintar, conversar y aprender!<\/p>\n<p>MEDIDAS:<br \/>\n\u2022 mapa 90 x 60 cm.<br \/>\n\u2022 caja que permite guardarlo y seguir pint\u00e1ndo otro d\u00eda de 60x7x7 cm.<\/p>\n<p>Impreso en papel obra de 100 gr.<br \/>\nDibujos: Josefina Jolly @josefina_jolly<br \/>\nDise\u00f1o: ZkySky @estudiozkysky<br \/>\nTextos: In\u00e9s Ulanovsky @inesulanovsky<br \/>\nImpresi\u00f3n: Talleres Trama @tallerestrama<\/p>\n","protected":false},"excerpt":{"rendered":"<p>Mapa de animales de Am\u00e9rica para pintar El Proyecto Am\u00e9rica: Animales es un mapa gigante de Am\u00e9rica para colorear, que nos muestra la fauna representativa de sus 35 pa\u00edses. Adem\u00e1s viene con unas geniales indicaciones: Si est\u00e1n el peligro de extinci\u00f3n, su tiempo de vida, peso promedio y alimentaci\u00f3n. Como siempre Atlantis pretende reunir a [&hellip;]<\/p>\n","protected":false},"featured_media":23149,"comment_status":"open","ping_status":"closed","template":"","meta":{"site-sidebar-layout":"default","site-content-layout":"default","ast-site-content-layout":"","site-content-style":"default","site-sidebar-style":"default","ast-global-header-display":"","ast-banner-title-visibility":"","ast-main-header-display":"","ast-hfb-above-header-display":"","ast-hfb-below-header-display":"","ast-hfb-mobile-header-display":"","site-post-title":"","ast-breadcrumbs-content":"","ast-featured-img":"","footer-sml-layout":"","theme-transparent-header-meta":"default","adv-header-id-meta":"","stick-header-meta":"","header-above-stick-meta":"","header-main-stick-meta":"","header-below-stick-meta":"","astra-migrate-meta-layouts":"default","ast-page-background-enabled":"default","ast-page-background-meta":{"desktop":{"background-color":"","background-image":"","background-repeat":"repeat","background-position":"center center","background-size":"auto","background-attachment":"scroll","background-type":"","background-media":"","overlay-type":"","overlay-color":"","overlay-opacity":"","overlay-gradient":""},"tablet":{"background-color":"","background-image":"","background-repeat":"repeat","background-position":"center center","background-size":"auto","background-attachment":"scroll","background-type":"","background-media":"","overlay-type":"","overlay-color":"","overlay-opacity":"","overlay-gradient":""},"mobile":{"background-color":"","background-image":"","background-repeat":"repeat","background-position":"center center","background-size":"auto","background-attachment":"scroll","background-type":"","background-media":"","overlay-type":"","overlay-color":"","overlay-opacity":"","overlay-gradient":""}},"ast-content-background-meta":{"desktop":{"background-color":"var(--ast-global-color-5)","background-image":"","background-repeat":"repeat","background-position":"center center","background-size":"auto","background-attachment":"scroll","background-type":"","background-media":"","overlay-type":"","overlay-color":"","overlay-opacity":"","overlay-gradient":""},"tablet":{"background-color":"var(--ast-global-color-5)","background-image":"","background-repeat":"repeat","background-position":"center center","background-size":"auto","background-attachment":"scroll","background-type":"","background-media":"","overlay-type":"","overlay-color":"","overlay-opacity":"","overlay-gradient":""},"mobile":{"background-color":"var(--ast-global-color-5)","background-image":"","background-repeat":"repeat","background-position":"center center","background-size":"auto","background-attachment":"scroll","background-type":"","background-media":"","overlay-type":"","overlay-color":"","overlay-opacity":"","overlay-gradient":""}},"spay_email":""},"product_cat":[168,165,166,167,151,146,196],"product_tag":[],"_links":{"self":[{"href":"https:\/\/jugueterialudico.com.ar\/index.php?rest_route=\/wp\/v2\/product\/23148"}],"collection":[{"href":"https:\/\/jugueterialudico.com.ar\/index.php?rest_route=\/wp\/v2\/product"}],"about":[{"href":"https:\/\/jugueterialudico.com.ar\/index.php?rest_route=\/wp\/v2\/types\/product"}],"replies":[{"embeddable":true,"href":"https:\/\/jugueterialudico.com.ar\/index.php?rest_route=%2Fwp%2Fv2%2Fcomments&post=23148"}],"wp:featuredmedia":[{"embeddable":true,"href":"https:\/\/jugueterialudico.com.ar\/index.php?rest_route=\/wp\/v2\/media\/23149"}],"wp:attachment":[{"href":"https:\/\/jugueterialudico.com.ar\/index.php?rest_route=%2Fwp%2Fv2%2Fmedia&parent=23148"}],"wp:term":[{"taxonomy":"product_cat","embeddable":true,"href":"https:\/\/jugueterialudico.com.ar\/index.php?rest_route=%2Fwp%2Fv2%2Fproduct_cat&post=23148"},{"taxonomy":"product_tag","embeddable":true,"href":"https:\/\/jugueterialudico.com.ar\/index.php?rest_route=%2Fwp%2Fv2%2Fproduct_tag&post=23148"}],"curies":[{"name":"wp","href":"https:\/\/api.w.org\/{rel}","templated":true}]}}