{"id":23153,"date":"2023-04-17T17:39:06","date_gmt":"2023-04-17T20:39:06","guid":{"rendered":"https:\/\/jugueterialudico.com.ar\/?post_type=product&#038;p=23153"},"modified":"2025-07-19T17:05:56","modified_gmt":"2025-07-19T20:05:56","slug":"mapa-argentina-p-pintar-163","status":"publish","type":"product","link":"https:\/\/jugueterialudico.com.ar\/?product=mapa-argentina-p-pintar-163","title":{"rendered":"MAPA ARGENTINA P\/PINTAR &#8211; 163"},"content":{"rendered":"<h2>Mapa de Argentina para pintar<\/h2>\n<p>&nbsp;<\/p>\n<p>Atlantis es un proyecto que te acerca mapas gigantes para colorear. Una invitaci\u00f3n a desconectarnos un rato de las pantallas, reunir a la familia y los amigos alrededor del mapa, y sentarnos en el suelo a conversar, aprender y colorear.<\/p>\n<p>MEDIDAS:<br \/>\n\u2022 mapa 100 x 69 cm.<br \/>\n\u2022 caja que permite guardarlo y seguir pint\u00e1ndo otro d\u00eda de 70x7x7 cm.<\/p>\n<p>\u201cProyecto Argentina\u201d es el primero de la serie. Nos lleva de paseo por territorios conocidos y desconocidos repletos de detalles por descubrir. En este recorrido por las provincias encontr\u00e1s flora y fauna aut\u00f3ctona, accidentes geogr\u00e1ficos, monumentos hist\u00f3ricos, personajes fundamentales de nuestra cultura, comidas t\u00edpicas, costumbres, maravillas de la naturaleza y mucho m\u00e1s.<\/p>\n<p>Atlantis es un mapa en blanco lleno de contenido.<\/p>\n<p>El dato curioso es que este proyecto fue pensado por Juan Minujin desde su faceta de padre y dibujante aficionado. Todos los dibujos de Atlantis fueron realizados por la ilustradora argentina Josefina Jolly.<\/p>\n","protected":false},"excerpt":{"rendered":"<p>Mapa de Argentina para pintar &nbsp; Atlantis es un proyecto que te acerca mapas gigantes para colorear. Una invitaci\u00f3n a desconectarnos un rato de las pantallas, reunir a la familia y los amigos alrededor del mapa, y sentarnos en el suelo a conversar, aprender y colorear. MEDIDAS: \u2022 mapa 100 x 69 cm. \u2022 caja [&hellip;]<\/p>\n","protected":false},"featured_media":23154,"comment_status":"open","ping_status":"closed","template":"","meta":{"site-sidebar-layout":"default","site-content-layout":"default","ast-site-content-layout":"","site-content-style":"default","site-sidebar-style":"default","ast-global-header-display":"","ast-banner-title-visibility":"","ast-main-header-display":"","ast-hfb-above-header-display":"","ast-hfb-below-header-display":"","ast-hfb-mobile-header-display":"","site-post-title":"","ast-breadcrumbs-content":"","ast-featured-img":"","footer-sml-layout":"","theme-transparent-header-meta":"default","adv-header-id-meta":"","stick-header-meta":"","header-above-stick-meta":"","header-main-stick-meta":"","header-below-stick-meta":"","astra-migrate-meta-layouts":"default","ast-page-background-enabled":"default","ast-page-background-meta":{"desktop":{"background-color":"","background-image":"","background-repeat":"repeat","background-position":"center center","background-size":"auto","background-attachment":"scroll","background-type":"","background-media":"","overlay-type":"","overlay-color":"","overlay-opacity":"","overlay-gradient":""},"tablet":{"background-color":"","background-image":"","background-repeat":"repeat","background-position":"center center","background-size":"auto","background-attachment":"scroll","background-type":"","background-media":"","overlay-type":"","overlay-color":"","overlay-opacity":"","overlay-gradient":""},"mobile":{"background-color":"","background-image":"","background-repeat":"repeat","background-position":"center center","background-size":"auto","background-attachment":"scroll","background-type":"","background-media":"","overlay-type":"","overlay-color":"","overlay-opacity":"","overlay-gradient":""}},"ast-content-background-meta":{"desktop":{"background-color":"var(--ast-global-color-5)","background-image":"","background-repeat":"repeat","background-position":"center center","background-size":"auto","background-attachment":"scroll","background-type":"","background-media":"","overlay-type":"","overlay-color":"","overlay-opacity":"","overlay-gradient":""},"tablet":{"background-color":"var(--ast-global-color-5)","background-image":"","background-repeat":"repeat","background-position":"center center","background-size":"auto","background-attachment":"scroll","background-type":"","background-media":"","overlay-type":"","overlay-color":"","overlay-opacity":"","overlay-gradient":""},"mobile":{"background-color":"var(--ast-global-color-5)","background-image":"","background-repeat":"repeat","background-position":"center center","background-size":"auto","background-attachment":"scroll","background-type":"","background-media":"","overlay-type":"","overlay-color":"","overlay-opacity":"","overlay-gradient":""}},"spay_email":""},"product_cat":[168,165,166,167,146,196],"product_tag":[],"_links":{"self":[{"href":"https:\/\/jugueterialudico.com.ar\/index.php?rest_route=\/wp\/v2\/product\/23153"}],"collection":[{"href":"https:\/\/jugueterialudico.com.ar\/index.php?rest_route=\/wp\/v2\/product"}],"about":[{"href":"https:\/\/jugueterialudico.com.ar\/index.php?rest_route=\/wp\/v2\/types\/product"}],"replies":[{"embeddable":true,"href":"https:\/\/jugueterialudico.com.ar\/index.php?rest_route=%2Fwp%2Fv2%2Fcomments&post=23153"}],"wp:featuredmedia":[{"embeddable":true,"href":"https:\/\/jugueterialudico.com.ar\/index.php?rest_route=\/wp\/v2\/media\/23154"}],"wp:attachment":[{"href":"https:\/\/jugueterialudico.com.ar\/index.php?rest_route=%2Fwp%2Fv2%2Fmedia&parent=23153"}],"wp:term":[{"taxonomy":"product_cat","embeddable":true,"href":"https:\/\/jugueterialudico.com.ar\/index.php?rest_route=%2Fwp%2Fv2%2Fproduct_cat&post=23153"},{"taxonomy":"product_tag","embeddable":true,"href":"https:\/\/jugueterialudico.com.ar\/index.php?rest_route=%2Fwp%2Fv2%2Fproduct_tag&post=23153"}],"curies":[{"name":"wp","href":"https:\/\/api.w.org\/{rel}","templated":true}]}}