{"id":23162,"date":"2023-04-17T17:53:15","date_gmt":"2023-04-17T20:53:15","guid":{"rendered":"https:\/\/jugueterialudico.com.ar\/?post_type=product&#038;p=23162"},"modified":"2026-03-26T19:13:12","modified_gmt":"2026-03-26T22:13:12","slug":"mapamundi-p-pintar-163","status":"publish","type":"product","link":"https:\/\/jugueterialudico.com.ar\/?product=mapamundi-p-pintar-163","title":{"rendered":"MAPAMUNDI P\/PINTAR &#8211; 163"},"content":{"rendered":"<h2>Mapamundi para pintar<\/h2>\n<p>&nbsp;<\/p>\n<p>El Proyecto Mapamundi es un viaje a trav\u00e9s del color para que puedas recorrer casi 200 pa\u00edses y otros tantos territorios aut\u00f3nomos. Vas a poder encontrar animales, costumbres, identidades, monumentos.<\/p>\n<p>Una propuesta para compartir en familia: un mapa del mundo entero.<\/p>\n<p>MEDIDAS:<br \/>\n\u2022 mapa 100 x 69 cm.<br \/>\n\u2022 caja que permite guardarlo y seguir pint\u00e1ndo otro d\u00eda de 70x7x7 cm.<\/p>\n<p>Impreso en papel obra de 100 gr.<br \/>\nDibujos: Josefina Jolly @josefina_jolly<br \/>\nDise\u00f1o: ZkySky @estudiozkysky<br \/>\nTextos: In\u00e9s Ulanovsky @inesulanovsky<br \/>\nImpresi\u00f3n: Talleres Trama @tallerestrama<\/p>\n","protected":false},"excerpt":{"rendered":"<p>Mapamundi para pintar &nbsp; El Proyecto Mapamundi es un viaje a trav\u00e9s del color para que puedas recorrer casi 200 pa\u00edses y otros tantos territorios aut\u00f3nomos. Vas a poder encontrar animales, costumbres, identidades, monumentos. Una propuesta para compartir en familia: un mapa del mundo entero. MEDIDAS: \u2022 mapa 100 x 69 cm. \u2022 caja que [&hellip;]<\/p>\n","protected":false},"featured_media":23167,"comment_status":"open","ping_status":"closed","template":"","meta":{"site-sidebar-layout":"default","site-content-layout":"default","ast-site-content-layout":"","site-content-style":"default","site-sidebar-style":"default","ast-global-header-display":"","ast-banner-title-visibility":"","ast-main-header-display":"","ast-hfb-above-header-display":"","ast-hfb-below-header-display":"","ast-hfb-mobile-header-display":"","site-post-title":"","ast-breadcrumbs-content":"","ast-featured-img":"","footer-sml-layout":"","theme-transparent-header-meta":"default","adv-header-id-meta":"","stick-header-meta":"","header-above-stick-meta":"","header-main-stick-meta":"","header-below-stick-meta":"","astra-migrate-meta-layouts":"default","ast-page-background-enabled":"default","ast-page-background-meta":{"desktop":{"background-color":"","background-image":"","background-repeat":"repeat","background-position":"center center","background-size":"auto","background-attachment":"scroll","background-type":"","background-media":"","overlay-type":"","overlay-color":"","overlay-opacity":"","overlay-gradient":""},"tablet":{"background-color":"","background-image":"","background-repeat":"repeat","background-position":"center center","background-size":"auto","background-attachment":"scroll","background-type":"","background-media":"","overlay-type":"","overlay-color":"","overlay-opacity":"","overlay-gradient":""},"mobile":{"background-color":"","background-image":"","background-repeat":"repeat","background-position":"center center","background-size":"auto","background-attachment":"scroll","background-type":"","background-media":"","overlay-type":"","overlay-color":"","overlay-opacity":"","overlay-gradient":""}},"ast-content-background-meta":{"desktop":{"background-color":"var(--ast-global-color-5)","background-image":"","background-repeat":"repeat","background-position":"center center","background-size":"auto","background-attachment":"scroll","background-type":"","background-media":"","overlay-type":"","overlay-color":"","overlay-opacity":"","overlay-gradient":""},"tablet":{"background-color":"var(--ast-global-color-5)","background-image":"","background-repeat":"repeat","background-position":"center center","background-size":"auto","background-attachment":"scroll","background-type":"","background-media":"","overlay-type":"","overlay-color":"","overlay-opacity":"","overlay-gradient":""},"mobile":{"background-color":"var(--ast-global-color-5)","background-image":"","background-repeat":"repeat","background-position":"center center","background-size":"auto","background-attachment":"scroll","background-type":"","background-media":"","overlay-type":"","overlay-color":"","overlay-opacity":"","overlay-gradient":""}},"spay_email":""},"product_cat":[168,165,166,167,146,196],"product_tag":[],"_links":{"self":[{"href":"https:\/\/jugueterialudico.com.ar\/index.php?rest_route=\/wp\/v2\/product\/23162"}],"collection":[{"href":"https:\/\/jugueterialudico.com.ar\/index.php?rest_route=\/wp\/v2\/product"}],"about":[{"href":"https:\/\/jugueterialudico.com.ar\/index.php?rest_route=\/wp\/v2\/types\/product"}],"replies":[{"embeddable":true,"href":"https:\/\/jugueterialudico.com.ar\/index.php?rest_route=%2Fwp%2Fv2%2Fcomments&post=23162"}],"wp:featuredmedia":[{"embeddable":true,"href":"https:\/\/jugueterialudico.com.ar\/index.php?rest_route=\/wp\/v2\/media\/23167"}],"wp:attachment":[{"href":"https:\/\/jugueterialudico.com.ar\/index.php?rest_route=%2Fwp%2Fv2%2Fmedia&parent=23162"}],"wp:term":[{"taxonomy":"product_cat","embeddable":true,"href":"https:\/\/jugueterialudico.com.ar\/index.php?rest_route=%2Fwp%2Fv2%2Fproduct_cat&post=23162"},{"taxonomy":"product_tag","embeddable":true,"href":"https:\/\/jugueterialudico.com.ar\/index.php?rest_route=%2Fwp%2Fv2%2Fproduct_tag&post=23162"}],"curies":[{"name":"wp","href":"https:\/\/api.w.org\/{rel}","templated":true}]}}