{"id":23169,"date":"2023-04-17T18:43:58","date_gmt":"2023-04-17T21:43:58","guid":{"rendered":"https:\/\/jugueterialudico.com.ar\/?post_type=product&#038;p=23169"},"modified":"2025-07-19T17:05:34","modified_gmt":"2025-07-19T20:05:34","slug":"lamina-marta-minujin-p-pintar-163","status":"publish","type":"product","link":"https:\/\/jugueterialudico.com.ar\/?product=lamina-marta-minujin-p-pintar-163","title":{"rendered":"LAMINA MARTA MINUJIN P\/PINTAR &#8211; 163"},"content":{"rendered":"<p>Atlantis sigue creciendo. Esta vez nos propone sumergirnos en el incre\u00edble mundo de Marta Minujin, una de las artistas m\u00e1s relevantes de Argentina, con un mapa que recorre su vida y su obra.<\/p>\n<p>Desde hace mucho tiempo que \u00abLos Minujin\u00bb (Marta y Juan, t\u00eda y sobrino respectivamente) quer\u00edan hacer un proyecto juntos. As\u00ed naci\u00f3 este mapa, que es una invitaci\u00f3n para descubrir, explorar, aprender, colorear y sobre todo, intervenir algunas de sus obras.<\/p>\n<p>Este recorrido incluye una l\u00ednea de tiempo con sus m\u00e1s grandes creaciones como \u00abApolo fragmentado\u00bb, \u00abPerfiles\u00bb, \u00abParten\u00f3n de libros\u00bb, \u00abObelisco acostado\u00bb, o \u00abEl pago de la deuda externa con ma\u00edz\u00bb. Adem\u00e1s incluye datos biogr\u00e1ficos y sus extraordinarias definiciones sobre el arte.<br \/>\nCon dibujos de Josefina Jolly, homenajeamos a esta gran artista, reconocida en el mundo entero. \u00a1Arte, arte, arte!<\/p>\n<p>El Proyecto Minujin contiene una l\u00e1mina para colorear de 100 x 69 cent\u00edmetros y una caja de marcadores fl\u00fao.<\/p>\n<p>Ficha t\u00e9cnica Mapa:<br \/>\nTama\u00f1o: 69 cm x 100 cm.<br \/>\nImpreso en papel obra de 100 gr.<br \/>\nDibujos: Josefina Jolly<br \/>\nDise\u00f1o: ZkySky<br \/>\nTextos: In\u00e9s Ulanovsky<br \/>\nImpresi\u00f3n: Talleres Trama<\/p>\n<p>Marcadores:<br \/>\n3 marcadores Trabi 420 Plus Fluo<br \/>\nPunta redonda 2-4mm<br \/>\nCapuch\u00f3n Ventilado con clip<\/p>\n","protected":false},"excerpt":{"rendered":"<p>Atlantis sigue creciendo. Esta vez nos propone sumergirnos en el incre\u00edble mundo de Marta Minujin, una de las artistas m\u00e1s relevantes de Argentina, con un mapa que recorre su vida y su obra. Desde hace mucho tiempo que \u00abLos Minujin\u00bb (Marta y Juan, t\u00eda y sobrino respectivamente) quer\u00edan hacer un proyecto juntos. As\u00ed naci\u00f3 este [&hellip;]<\/p>\n","protected":false},"featured_media":23176,"comment_status":"open","ping_status":"closed","template":"","meta":{"site-sidebar-layout":"default","site-content-layout":"default","ast-site-content-layout":"","site-content-style":"default","site-sidebar-style":"default","ast-global-header-display":"","ast-banner-title-visibility":"","ast-main-header-display":"","ast-hfb-above-header-display":"","ast-hfb-below-header-display":"","ast-hfb-mobile-header-display":"","site-post-title":"","ast-breadcrumbs-content":"","ast-featured-img":"","footer-sml-layout":"","theme-transparent-header-meta":"default","adv-header-id-meta":"","stick-header-meta":"","header-above-stick-meta":"","header-main-stick-meta":"","header-below-stick-meta":"","astra-migrate-meta-layouts":"default","ast-page-background-enabled":"default","ast-page-background-meta":{"desktop":{"background-color":"","background-image":"","background-repeat":"repeat","background-position":"center center","background-size":"auto","background-attachment":"scroll","background-type":"","background-media":"","overlay-type":"","overlay-color":"","overlay-opacity":"","overlay-gradient":""},"tablet":{"background-color":"","background-image":"","background-repeat":"repeat","background-position":"center center","background-size":"auto","background-attachment":"scroll","background-type":"","background-media":"","overlay-type":"","overlay-color":"","overlay-opacity":"","overlay-gradient":""},"mobile":{"background-color":"","background-image":"","background-repeat":"repeat","background-position":"center center","background-size":"auto","background-attachment":"scroll","background-type":"","background-media":"","overlay-type":"","overlay-color":"","overlay-opacity":"","overlay-gradient":""}},"ast-content-background-meta":{"desktop":{"background-color":"var(--ast-global-color-5)","background-image":"","background-repeat":"repeat","background-position":"center center","background-size":"auto","background-attachment":"scroll","background-type":"","background-media":"","overlay-type":"","overlay-color":"","overlay-opacity":"","overlay-gradient":""},"tablet":{"background-color":"var(--ast-global-color-5)","background-image":"","background-repeat":"repeat","background-position":"center center","background-size":"auto","background-attachment":"scroll","background-type":"","background-media":"","overlay-type":"","overlay-color":"","overlay-opacity":"","overlay-gradient":""},"mobile":{"background-color":"var(--ast-global-color-5)","background-image":"","background-repeat":"repeat","background-position":"center center","background-size":"auto","background-attachment":"scroll","background-type":"","background-media":"","overlay-type":"","overlay-color":"","overlay-opacity":"","overlay-gradient":""}},"spay_email":""},"product_cat":[168,165,166,167,196],"product_tag":[],"_links":{"self":[{"href":"https:\/\/jugueterialudico.com.ar\/index.php?rest_route=\/wp\/v2\/product\/23169"}],"collection":[{"href":"https:\/\/jugueterialudico.com.ar\/index.php?rest_route=\/wp\/v2\/product"}],"about":[{"href":"https:\/\/jugueterialudico.com.ar\/index.php?rest_route=\/wp\/v2\/types\/product"}],"replies":[{"embeddable":true,"href":"https:\/\/jugueterialudico.com.ar\/index.php?rest_route=%2Fwp%2Fv2%2Fcomments&post=23169"}],"wp:featuredmedia":[{"embeddable":true,"href":"https:\/\/jugueterialudico.com.ar\/index.php?rest_route=\/wp\/v2\/media\/23176"}],"wp:attachment":[{"href":"https:\/\/jugueterialudico.com.ar\/index.php?rest_route=%2Fwp%2Fv2%2Fmedia&parent=23169"}],"wp:term":[{"taxonomy":"product_cat","embeddable":true,"href":"https:\/\/jugueterialudico.com.ar\/index.php?rest_route=%2Fwp%2Fv2%2Fproduct_cat&post=23169"},{"taxonomy":"product_tag","embeddable":true,"href":"https:\/\/jugueterialudico.com.ar\/index.php?rest_route=%2Fwp%2Fv2%2Fproduct_tag&post=23169"}],"curies":[{"name":"wp","href":"https:\/\/api.w.org\/{rel}","templated":true}]}}