{"id":23177,"date":"2023-04-17T18:50:38","date_gmt":"2023-04-17T21:50:38","guid":{"rendered":"https:\/\/jugueterialudico.com.ar\/?post_type=product&#038;p=23177"},"modified":"2025-07-19T17:05:26","modified_gmt":"2025-07-19T20:05:26","slug":"mapa-sistema-solar-p-pintar-163","status":"publish","type":"product","link":"https:\/\/jugueterialudico.com.ar\/?product=mapa-sistema-solar-p-pintar-163","title":{"rendered":"MAPA SISTEMA SOLAR P\/PINTAR &#8211; 163"},"content":{"rendered":"<h2>Mapa del sistema solar para pintar<\/h2>\n<p>&nbsp;<\/p>\n<p>El Proyecto Sistema Solar es un mapa gigante para colorear, con todos los planetas e informaci\u00f3n de cada uno de ellos en un viaje intergal\u00e1ctico de color y diversi\u00f3n!<\/p>\n<p>Como siempre Atlantis pretende reunir a la familia o a los amigos alrededor del mapa, y comenzar a \u00a1pintar, conversar y aprender!<\/p>\n<p>Ficha t\u00e9cnica:<\/p>\n<p>Tama\u00f1o: 60 cm x 90 cm.<br \/>\nImpreso en papel obra de 120 gr.<br \/>\nDibujos: Josefina Jolly @josefina_jolly<br \/>\nDise\u00f1o: ZkySky @estudiozkysky<br \/>\nTextos: In\u00e9s Ulanovsky @inesulanovsky<br \/>\nImpresi\u00f3n: Talleres Trama @tallerestrama<\/p>\n","protected":false},"excerpt":{"rendered":"<p>Mapa del sistema solar para pintar &nbsp; El Proyecto Sistema Solar es un mapa gigante para colorear, con todos los planetas e informaci\u00f3n de cada uno de ellos en un viaje intergal\u00e1ctico de color y diversi\u00f3n! Como siempre Atlantis pretende reunir a la familia o a los amigos alrededor del mapa, y comenzar a \u00a1pintar, [&hellip;]<\/p>\n","protected":false},"featured_media":23183,"comment_status":"open","ping_status":"closed","template":"","meta":{"site-sidebar-layout":"default","site-content-layout":"default","ast-site-content-layout":"","site-content-style":"default","site-sidebar-style":"default","ast-global-header-display":"","ast-banner-title-visibility":"","ast-main-header-display":"","ast-hfb-above-header-display":"","ast-hfb-below-header-display":"","ast-hfb-mobile-header-display":"","site-post-title":"","ast-breadcrumbs-content":"","ast-featured-img":"","footer-sml-layout":"","theme-transparent-header-meta":"default","adv-header-id-meta":"","stick-header-meta":"","header-above-stick-meta":"","header-main-stick-meta":"","header-below-stick-meta":"","astra-migrate-meta-layouts":"default","ast-page-background-enabled":"default","ast-page-background-meta":{"desktop":{"background-color":"","background-image":"","background-repeat":"repeat","background-position":"center center","background-size":"auto","background-attachment":"scroll","background-type":"","background-media":"","overlay-type":"","overlay-color":"","overlay-opacity":"","overlay-gradient":""},"tablet":{"background-color":"","background-image":"","background-repeat":"repeat","background-position":"center center","background-size":"auto","background-attachment":"scroll","background-type":"","background-media":"","overlay-type":"","overlay-color":"","overlay-opacity":"","overlay-gradient":""},"mobile":{"background-color":"","background-image":"","background-repeat":"repeat","background-position":"center center","background-size":"auto","background-attachment":"scroll","background-type":"","background-media":"","overlay-type":"","overlay-color":"","overlay-opacity":"","overlay-gradient":""}},"ast-content-background-meta":{"desktop":{"background-color":"var(--ast-global-color-5)","background-image":"","background-repeat":"repeat","background-position":"center center","background-size":"auto","background-attachment":"scroll","background-type":"","background-media":"","overlay-type":"","overlay-color":"","overlay-opacity":"","overlay-gradient":""},"tablet":{"background-color":"var(--ast-global-color-5)","background-image":"","background-repeat":"repeat","background-position":"center center","background-size":"auto","background-attachment":"scroll","background-type":"","background-media":"","overlay-type":"","overlay-color":"","overlay-opacity":"","overlay-gradient":""},"mobile":{"background-color":"var(--ast-global-color-5)","background-image":"","background-repeat":"repeat","background-position":"center center","background-size":"auto","background-attachment":"scroll","background-type":"","background-media":"","overlay-type":"","overlay-color":"","overlay-opacity":"","overlay-gradient":""}},"spay_email":""},"product_cat":[168,165,166,167,146,196],"product_tag":[],"_links":{"self":[{"href":"https:\/\/jugueterialudico.com.ar\/index.php?rest_route=\/wp\/v2\/product\/23177"}],"collection":[{"href":"https:\/\/jugueterialudico.com.ar\/index.php?rest_route=\/wp\/v2\/product"}],"about":[{"href":"https:\/\/jugueterialudico.com.ar\/index.php?rest_route=\/wp\/v2\/types\/product"}],"replies":[{"embeddable":true,"href":"https:\/\/jugueterialudico.com.ar\/index.php?rest_route=%2Fwp%2Fv2%2Fcomments&post=23177"}],"wp:featuredmedia":[{"embeddable":true,"href":"https:\/\/jugueterialudico.com.ar\/index.php?rest_route=\/wp\/v2\/media\/23183"}],"wp:attachment":[{"href":"https:\/\/jugueterialudico.com.ar\/index.php?rest_route=%2Fwp%2Fv2%2Fmedia&parent=23177"}],"wp:term":[{"taxonomy":"product_cat","embeddable":true,"href":"https:\/\/jugueterialudico.com.ar\/index.php?rest_route=%2Fwp%2Fv2%2Fproduct_cat&post=23177"},{"taxonomy":"product_tag","embeddable":true,"href":"https:\/\/jugueterialudico.com.ar\/index.php?rest_route=%2Fwp%2Fv2%2Fproduct_tag&post=23177"}],"curies":[{"name":"wp","href":"https:\/\/api.w.org\/{rel}","templated":true}]}}