{"id":23199,"date":"2023-04-29T16:48:26","date_gmt":"2023-04-29T19:48:26","guid":{"rendered":"https:\/\/jugueterialudico.com.ar\/?post_type=product&#038;p=23199"},"modified":"2026-02-03T11:50:15","modified_gmt":"2026-02-03T14:50:15","slug":"colores-014","status":"publish","type":"product","link":"https:\/\/jugueterialudico.com.ar\/?product=colores-014","title":{"rendered":"PUZZLE COLORES 81P.-014"},"content":{"rendered":"<p class=\"pre restore-pointer-events\" data-bind=\"\n\t\t\tstyle: $root.getSnippetStyle ? $root.getSnippetStyle( $parent ) : $parent.getStyle(),\n\t\t\tfontsize: ( $root.getSnippetStyle ? $root.getSnippetStyle( $parent ) : $parent.getStyle() ).fontSize,\n\t\t\ttemplate: 'template-link', textfill: false &amp;&amp; $root.window.visiblePhone()\"><span data-bind=\"text: ko.unwrap( snippet.data.contenido )\">COLORES <\/span><\/p>\n<p class=\"pre restore-pointer-events\" data-bind=\"\n\t\t\tstyle: $root.getSnippetStyle ? $root.getSnippetStyle( $parent ) : $parent.getStyle(),\n\t\t\tfontsize: ( $root.getSnippetStyle ? $root.getSnippetStyle( $parent ) : $parent.getStyle() ).fontSize,\n\t\t\ttemplate: 'template-link', textfill: false &amp;&amp; $root.window.visiblePhone()\"><span data-bind=\"text: ko.unwrap( snippet.data.contenido )\">Puzzle L\u00ednea Crom\u00e1tica. Esta l\u00ednea de juegos desaf\u00eda a grandes y chicos a vivir la experiencia de descubrir colores mientras jugamos. Mirar y disfrutar del placer visual de su vibraci\u00f3n, contrastes, gradientes. De seleccionar, identificar y organizar los colores que percibimos. Medida armado: 30 x 30 cm. Lata 35 cm x 9 cm. 81\u00a0<\/span><\/p>\n","protected":false},"excerpt":{"rendered":"<p>COLORES Puzzle L\u00ednea Crom\u00e1tica. Esta l\u00ednea de juegos desaf\u00eda a grandes y chicos a vivir la experiencia de descubrir colores mientras jugamos. Mirar y disfrutar del placer visual de su vibraci\u00f3n, contrastes, gradientes. De seleccionar, identificar y organizar los colores que percibimos. Medida armado: 30 x 30 cm. Lata 35 cm x 9 cm. 81\u00a0<\/p>\n","protected":false},"featured_media":23200,"comment_status":"open","ping_status":"closed","template":"","meta":{"site-sidebar-layout":"default","site-content-layout":"default","ast-site-content-layout":"","site-content-style":"default","site-sidebar-style":"default","ast-global-header-display":"","ast-banner-title-visibility":"","ast-main-header-display":"","ast-hfb-above-header-display":"","ast-hfb-below-header-display":"","ast-hfb-mobile-header-display":"","site-post-title":"","ast-breadcrumbs-content":"","ast-featured-img":"","footer-sml-layout":"","theme-transparent-header-meta":"default","adv-header-id-meta":"","stick-header-meta":"","header-above-stick-meta":"","header-main-stick-meta":"","header-below-stick-meta":"","astra-migrate-meta-layouts":"default","ast-page-background-enabled":"default","ast-page-background-meta":{"desktop":{"background-color":"","background-image":"","background-repeat":"repeat","background-position":"center center","background-size":"auto","background-attachment":"scroll","background-type":"","background-media":"","overlay-type":"","overlay-color":"","overlay-opacity":"","overlay-gradient":""},"tablet":{"background-color":"","background-image":"","background-repeat":"repeat","background-position":"center center","background-size":"auto","background-attachment":"scroll","background-type":"","background-media":"","overlay-type":"","overlay-color":"","overlay-opacity":"","overlay-gradient":""},"mobile":{"background-color":"","background-image":"","background-repeat":"repeat","background-position":"center center","background-size":"auto","background-attachment":"scroll","background-type":"","background-media":"","overlay-type":"","overlay-color":"","overlay-opacity":"","overlay-gradient":""}},"ast-content-background-meta":{"desktop":{"background-color":"var(--ast-global-color-5)","background-image":"","background-repeat":"repeat","background-position":"center center","background-size":"auto","background-attachment":"scroll","background-type":"","background-media":"","overlay-type":"","overlay-color":"","overlay-opacity":"","overlay-gradient":""},"tablet":{"background-color":"var(--ast-global-color-5)","background-image":"","background-repeat":"repeat","background-position":"center center","background-size":"auto","background-attachment":"scroll","background-type":"","background-media":"","overlay-type":"","overlay-color":"","overlay-opacity":"","overlay-gradient":""},"mobile":{"background-color":"var(--ast-global-color-5)","background-image":"","background-repeat":"repeat","background-position":"center center","background-size":"auto","background-attachment":"scroll","background-type":"","background-media":"","overlay-type":"","overlay-color":"","overlay-opacity":"","overlay-gradient":""}},"spay_email":""},"product_cat":[185,168,166,167,72],"product_tag":[],"_links":{"self":[{"href":"https:\/\/jugueterialudico.com.ar\/index.php?rest_route=\/wp\/v2\/product\/23199"}],"collection":[{"href":"https:\/\/jugueterialudico.com.ar\/index.php?rest_route=\/wp\/v2\/product"}],"about":[{"href":"https:\/\/jugueterialudico.com.ar\/index.php?rest_route=\/wp\/v2\/types\/product"}],"replies":[{"embeddable":true,"href":"https:\/\/jugueterialudico.com.ar\/index.php?rest_route=%2Fwp%2Fv2%2Fcomments&post=23199"}],"wp:featuredmedia":[{"embeddable":true,"href":"https:\/\/jugueterialudico.com.ar\/index.php?rest_route=\/wp\/v2\/media\/23200"}],"wp:attachment":[{"href":"https:\/\/jugueterialudico.com.ar\/index.php?rest_route=%2Fwp%2Fv2%2Fmedia&parent=23199"}],"wp:term":[{"taxonomy":"product_cat","embeddable":true,"href":"https:\/\/jugueterialudico.com.ar\/index.php?rest_route=%2Fwp%2Fv2%2Fproduct_cat&post=23199"},{"taxonomy":"product_tag","embeddable":true,"href":"https:\/\/jugueterialudico.com.ar\/index.php?rest_route=%2Fwp%2Fv2%2Fproduct_tag&post=23199"}],"curies":[{"name":"wp","href":"https:\/\/api.w.org\/{rel}","templated":true}]}}