{"id":23225,"date":"2023-05-08T17:37:44","date_gmt":"2023-05-08T20:37:44","guid":{"rendered":"https:\/\/jugueterialudico.com.ar\/?post_type=product&#038;p=23225"},"modified":"2025-10-02T19:21:16","modified_gmt":"2025-10-02T22:21:16","slug":"puzzle-3d-alicia-179","status":"publish","type":"product","link":"https:\/\/jugueterialudico.com.ar\/?product=puzzle-3d-alicia-179","title":{"rendered":"PUZZLE 3D ALICIA &#8211; 179"},"content":{"rendered":"<h3><em><strong>Puzzle 3D Alicia en el pais de las maravillas<\/strong><\/em><\/h3>\n<p><em><strong>Alicia, la Reina de Corazones, el Sombrerero, el Conejo Blanco, el Gato Cheshire y los Naipes soldados, juntos para jugar y divertirse con estos m\u00e1gicos personajes en el castillo de la Reina de Corazones.<br \/>\n________________________<\/strong><\/em><\/p>\n<p><em><strong>22 piezas para armar<\/strong>\u00a01 Alicia, 1 reina de corazones, 1 sombrerero, 1 conejo blanco, 1 gato Cheshire, 2 naipes soldados, 1 castillo + frasquito con adhesivo vin\u00edlico | <strong>Material\u00a0<\/strong>Madera 3 mm de espesor, laminada frente y dorso en papel ilustraci\u00f3n, terminaci\u00f3n en polipropileno mate para mejorar su conservaci\u00f3n.<\/em><\/p>\n","protected":false},"excerpt":{"rendered":"<p>Puzzle 3D Alicia en el pais de las maravillas Alicia, la Reina de Corazones, el Sombrerero, el Conejo Blanco, el Gato Cheshire y los Naipes soldados, juntos para jugar y divertirse con estos m\u00e1gicos personajes en el castillo de la Reina de Corazones. ________________________ 22 piezas para armar\u00a01 Alicia, 1 reina de corazones, 1 sombrerero, [&hellip;]<\/p>\n","protected":false},"featured_media":23228,"comment_status":"open","ping_status":"closed","template":"","meta":{"site-sidebar-layout":"default","site-content-layout":"default","ast-site-content-layout":"","site-content-style":"default","site-sidebar-style":"default","ast-global-header-display":"","ast-banner-title-visibility":"","ast-main-header-display":"","ast-hfb-above-header-display":"","ast-hfb-below-header-display":"","ast-hfb-mobile-header-display":"","site-post-title":"","ast-breadcrumbs-content":"","ast-featured-img":"","footer-sml-layout":"","theme-transparent-header-meta":"default","adv-header-id-meta":"","stick-header-meta":"","header-above-stick-meta":"","header-main-stick-meta":"","header-below-stick-meta":"","astra-migrate-meta-layouts":"default","ast-page-background-enabled":"default","ast-page-background-meta":{"desktop":{"background-color":"","background-image":"","background-repeat":"repeat","background-position":"center center","background-size":"auto","background-attachment":"scroll","background-type":"","background-media":"","overlay-type":"","overlay-color":"","overlay-opacity":"","overlay-gradient":""},"tablet":{"background-color":"","background-image":"","background-repeat":"repeat","background-position":"center center","background-size":"auto","background-attachment":"scroll","background-type":"","background-media":"","overlay-type":"","overlay-color":"","overlay-opacity":"","overlay-gradient":""},"mobile":{"background-color":"","background-image":"","background-repeat":"repeat","background-position":"center center","background-size":"auto","background-attachment":"scroll","background-type":"","background-media":"","overlay-type":"","overlay-color":"","overlay-opacity":"","overlay-gradient":""}},"ast-content-background-meta":{"desktop":{"background-color":"var(--ast-global-color-5)","background-image":"","background-repeat":"repeat","background-position":"center center","background-size":"auto","background-attachment":"scroll","background-type":"","background-media":"","overlay-type":"","overlay-color":"","overlay-opacity":"","overlay-gradient":""},"tablet":{"background-color":"var(--ast-global-color-5)","background-image":"","background-repeat":"repeat","background-position":"center center","background-size":"auto","background-attachment":"scroll","background-type":"","background-media":"","overlay-type":"","overlay-color":"","overlay-opacity":"","overlay-gradient":""},"mobile":{"background-color":"var(--ast-global-color-5)","background-image":"","background-repeat":"repeat","background-position":"center center","background-size":"auto","background-attachment":"scroll","background-type":"","background-media":"","overlay-type":"","overlay-color":"","overlay-opacity":"","overlay-gradient":""}},"spay_email":""},"product_cat":[164,165,166,167,197,188,93,72],"product_tag":[],"_links":{"self":[{"href":"https:\/\/jugueterialudico.com.ar\/index.php?rest_route=\/wp\/v2\/product\/23225"}],"collection":[{"href":"https:\/\/jugueterialudico.com.ar\/index.php?rest_route=\/wp\/v2\/product"}],"about":[{"href":"https:\/\/jugueterialudico.com.ar\/index.php?rest_route=\/wp\/v2\/types\/product"}],"replies":[{"embeddable":true,"href":"https:\/\/jugueterialudico.com.ar\/index.php?rest_route=%2Fwp%2Fv2%2Fcomments&post=23225"}],"wp:featuredmedia":[{"embeddable":true,"href":"https:\/\/jugueterialudico.com.ar\/index.php?rest_route=\/wp\/v2\/media\/23228"}],"wp:attachment":[{"href":"https:\/\/jugueterialudico.com.ar\/index.php?rest_route=%2Fwp%2Fv2%2Fmedia&parent=23225"}],"wp:term":[{"taxonomy":"product_cat","embeddable":true,"href":"https:\/\/jugueterialudico.com.ar\/index.php?rest_route=%2Fwp%2Fv2%2Fproduct_cat&post=23225"},{"taxonomy":"product_tag","embeddable":true,"href":"https:\/\/jugueterialudico.com.ar\/index.php?rest_route=%2Fwp%2Fv2%2Fproduct_tag&post=23225"}],"curies":[{"name":"wp","href":"https:\/\/api.w.org\/{rel}","templated":true}]}}