{"id":23251,"date":"2023-05-11T11:56:33","date_gmt":"2023-05-11T14:56:33","guid":{"rendered":"https:\/\/jugueterialudico.com.ar\/?post_type=product&#038;p=23251"},"modified":"2026-02-12T15:46:15","modified_gmt":"2026-02-12T18:46:15","slug":"resolucion-de-problemas-046","status":"publish","type":"product","link":"https:\/\/jugueterialudico.com.ar\/?product=resolucion-de-problemas-046","title":{"rendered":"RESOLUCI\u00d3N DE PROBLEMAS -046"},"content":{"rendered":"<p>Aprender a resolver problemas en la vida cotidiana implica poner en pr\u00e1ctica las habilidades comunicativas, el asertividad, el autocontrol y la empat\u00eda permitiendo mayor capacidad resolutiva del ni\u00f1o\/adulto mayor en contextos cotidianos, integraci\u00f3n a la vida diaria y pautas sociales.<br \/>\nEs un juego terap\u00e9utico que cuenta con 27 tarjetas con la cuales podemos trabajar diferentes habilidades que favorecen la conducta adaptativa de la persona.<br \/>\nPresenta situaciones ilustradas a resolver, y en el dorso posibles opciones, aunque cada ni\u00f1o inventar\u00e1 la suya. Tambi\u00e9n hay 4 modos de interpretaci\u00f3n: a trav\u00e9s del dibujo, actuando, escribiendo, o eligiendo el modo que cada uno prefiera.<br \/>\nEl juego cuenta con propuestas de trabajo a modo de sugerencias.<\/p>\n","protected":false},"excerpt":{"rendered":"<p>Aprender a resolver problemas en la vida cotidiana implica poner en pr\u00e1ctica las habilidades comunicativas, el asertividad, el autocontrol y la empat\u00eda permitiendo mayor capacidad resolutiva del ni\u00f1o\/adulto mayor en contextos cotidianos, integraci\u00f3n a la vida diaria y pautas sociales. Es un juego terap\u00e9utico que cuenta con 27 tarjetas con la cuales podemos trabajar diferentes [&hellip;]<\/p>\n","protected":false},"featured_media":23253,"comment_status":"open","ping_status":"closed","template":"","meta":{"site-sidebar-layout":"default","site-content-layout":"default","ast-site-content-layout":"","site-content-style":"default","site-sidebar-style":"default","ast-global-header-display":"","ast-banner-title-visibility":"","ast-main-header-display":"","ast-hfb-above-header-display":"","ast-hfb-below-header-display":"","ast-hfb-mobile-header-display":"","site-post-title":"","ast-breadcrumbs-content":"","ast-featured-img":"","footer-sml-layout":"","theme-transparent-header-meta":"default","adv-header-id-meta":"","stick-header-meta":"","header-above-stick-meta":"","header-main-stick-meta":"","header-below-stick-meta":"","astra-migrate-meta-layouts":"default","ast-page-background-enabled":"default","ast-page-background-meta":{"desktop":{"background-color":"","background-image":"","background-repeat":"repeat","background-position":"center center","background-size":"auto","background-attachment":"scroll","background-type":"","background-media":"","overlay-type":"","overlay-color":"","overlay-opacity":"","overlay-gradient":""},"tablet":{"background-color":"","background-image":"","background-repeat":"repeat","background-position":"center center","background-size":"auto","background-attachment":"scroll","background-type":"","background-media":"","overlay-type":"","overlay-color":"","overlay-opacity":"","overlay-gradient":""},"mobile":{"background-color":"","background-image":"","background-repeat":"repeat","background-position":"center center","background-size":"auto","background-attachment":"scroll","background-type":"","background-media":"","overlay-type":"","overlay-color":"","overlay-opacity":"","overlay-gradient":""}},"ast-content-background-meta":{"desktop":{"background-color":"var(--ast-global-color-5)","background-image":"","background-repeat":"repeat","background-position":"center center","background-size":"auto","background-attachment":"scroll","background-type":"","background-media":"","overlay-type":"","overlay-color":"","overlay-opacity":"","overlay-gradient":""},"tablet":{"background-color":"var(--ast-global-color-5)","background-image":"","background-repeat":"repeat","background-position":"center center","background-size":"auto","background-attachment":"scroll","background-type":"","background-media":"","overlay-type":"","overlay-color":"","overlay-opacity":"","overlay-gradient":""},"mobile":{"background-color":"var(--ast-global-color-5)","background-image":"","background-repeat":"repeat","background-position":"center center","background-size":"auto","background-attachment":"scroll","background-type":"","background-media":"","overlay-type":"","overlay-color":"","overlay-opacity":"","overlay-gradient":""}},"spay_email":""},"product_cat":[164,165,166,167,146],"product_tag":[],"_links":{"self":[{"href":"https:\/\/jugueterialudico.com.ar\/index.php?rest_route=\/wp\/v2\/product\/23251"}],"collection":[{"href":"https:\/\/jugueterialudico.com.ar\/index.php?rest_route=\/wp\/v2\/product"}],"about":[{"href":"https:\/\/jugueterialudico.com.ar\/index.php?rest_route=\/wp\/v2\/types\/product"}],"replies":[{"embeddable":true,"href":"https:\/\/jugueterialudico.com.ar\/index.php?rest_route=%2Fwp%2Fv2%2Fcomments&post=23251"}],"wp:featuredmedia":[{"embeddable":true,"href":"https:\/\/jugueterialudico.com.ar\/index.php?rest_route=\/wp\/v2\/media\/23253"}],"wp:attachment":[{"href":"https:\/\/jugueterialudico.com.ar\/index.php?rest_route=%2Fwp%2Fv2%2Fmedia&parent=23251"}],"wp:term":[{"taxonomy":"product_cat","embeddable":true,"href":"https:\/\/jugueterialudico.com.ar\/index.php?rest_route=%2Fwp%2Fv2%2Fproduct_cat&post=23251"},{"taxonomy":"product_tag","embeddable":true,"href":"https:\/\/jugueterialudico.com.ar\/index.php?rest_route=%2Fwp%2Fv2%2Fproduct_tag&post=23251"}],"curies":[{"name":"wp","href":"https:\/\/api.w.org\/{rel}","templated":true}]}}