{"id":23258,"date":"2023-05-11T12:06:24","date_gmt":"2023-05-11T15:06:24","guid":{"rendered":"https:\/\/jugueterialudico.com.ar\/?post_type=product&#038;p=23258"},"modified":"2026-02-12T15:45:46","modified_gmt":"2026-02-12T18:45:46","slug":"reconociendo-alimentos-bebidas-y-juguetes-046","status":"publish","type":"product","link":"https:\/\/jugueterialudico.com.ar\/?product=reconociendo-alimentos-bebidas-y-juguetes-046","title":{"rendered":"RECONOCIENDO ALIMENTOS , BEBIDAS Y JUGUETES -046"},"content":{"rendered":"<p>Reconociendo alimentos, bebidas y juguetes &#8211; Fichas con im\u00e1genes reales<br \/>\n45 fichas de 2mm de espesor con im\u00e1genes reales de alimentos, bebidas y juguetes<\/p>\n<p>Medida de cada ficha: 4 x 4cm<\/p>\n<p>Im\u00e1genes incluidas:<br \/>\nALIMENTOS: Arroz, alfajor, caramelos, carne, chocolate, empanadas, flan, frutas, galletitas dulces, hamburguesa, helado, pancho, pastas, papas fritas, pescado, pizza, pollo, postrecito, sandwich, tarta, yogur, ensalada, patitas de pollo, milanesa, guiso de lentejas<br \/>\nBEBIDAS: Agua, caf\u00e9 con leche, chocolatada, gaseosa, jugo, leche, mate cocido, mate, te<br \/>\nJUGUETES: Autito, bicicleta, bloques, burbujero, encastres, ladrillos, masa, mu\u00f1ecos, pelota, puzzle, trencito<\/p>\n","protected":false},"excerpt":{"rendered":"<p>Reconociendo alimentos, bebidas y juguetes &#8211; Fichas con im\u00e1genes reales 45 fichas de 2mm de espesor con im\u00e1genes reales de alimentos, bebidas y juguetes Medida de cada ficha: 4 x 4cm Im\u00e1genes incluidas: ALIMENTOS: Arroz, alfajor, caramelos, carne, chocolate, empanadas, flan, frutas, galletitas dulces, hamburguesa, helado, pancho, pastas, papas fritas, pescado, pizza, pollo, postrecito, sandwich, [&hellip;]<\/p>\n","protected":false},"featured_media":23259,"comment_status":"open","ping_status":"closed","template":"","meta":{"site-sidebar-layout":"default","site-content-layout":"default","ast-site-content-layout":"","site-content-style":"default","site-sidebar-style":"default","ast-global-header-display":"","ast-banner-title-visibility":"","ast-main-header-display":"","ast-hfb-above-header-display":"","ast-hfb-below-header-display":"","ast-hfb-mobile-header-display":"","site-post-title":"","ast-breadcrumbs-content":"","ast-featured-img":"","footer-sml-layout":"","theme-transparent-header-meta":"default","adv-header-id-meta":"","stick-header-meta":"","header-above-stick-meta":"","header-main-stick-meta":"","header-below-stick-meta":"","astra-migrate-meta-layouts":"default","ast-page-background-enabled":"default","ast-page-background-meta":{"desktop":{"background-color":"","background-image":"","background-repeat":"repeat","background-position":"center center","background-size":"auto","background-attachment":"scroll","background-type":"","background-media":"","overlay-type":"","overlay-color":"","overlay-opacity":"","overlay-gradient":""},"tablet":{"background-color":"","background-image":"","background-repeat":"repeat","background-position":"center center","background-size":"auto","background-attachment":"scroll","background-type":"","background-media":"","overlay-type":"","overlay-color":"","overlay-opacity":"","overlay-gradient":""},"mobile":{"background-color":"","background-image":"","background-repeat":"repeat","background-position":"center center","background-size":"auto","background-attachment":"scroll","background-type":"","background-media":"","overlay-type":"","overlay-color":"","overlay-opacity":"","overlay-gradient":""}},"ast-content-background-meta":{"desktop":{"background-color":"var(--ast-global-color-5)","background-image":"","background-repeat":"repeat","background-position":"center center","background-size":"auto","background-attachment":"scroll","background-type":"","background-media":"","overlay-type":"","overlay-color":"","overlay-opacity":"","overlay-gradient":""},"tablet":{"background-color":"var(--ast-global-color-5)","background-image":"","background-repeat":"repeat","background-position":"center center","background-size":"auto","background-attachment":"scroll","background-type":"","background-media":"","overlay-type":"","overlay-color":"","overlay-opacity":"","overlay-gradient":""},"mobile":{"background-color":"var(--ast-global-color-5)","background-image":"","background-repeat":"repeat","background-position":"center center","background-size":"auto","background-attachment":"scroll","background-type":"","background-media":"","overlay-type":"","overlay-color":"","overlay-opacity":"","overlay-gradient":""}},"spay_email":""},"product_cat":[164,165,166,167,146,158],"product_tag":[],"_links":{"self":[{"href":"https:\/\/jugueterialudico.com.ar\/index.php?rest_route=\/wp\/v2\/product\/23258"}],"collection":[{"href":"https:\/\/jugueterialudico.com.ar\/index.php?rest_route=\/wp\/v2\/product"}],"about":[{"href":"https:\/\/jugueterialudico.com.ar\/index.php?rest_route=\/wp\/v2\/types\/product"}],"replies":[{"embeddable":true,"href":"https:\/\/jugueterialudico.com.ar\/index.php?rest_route=%2Fwp%2Fv2%2Fcomments&post=23258"}],"wp:featuredmedia":[{"embeddable":true,"href":"https:\/\/jugueterialudico.com.ar\/index.php?rest_route=\/wp\/v2\/media\/23259"}],"wp:attachment":[{"href":"https:\/\/jugueterialudico.com.ar\/index.php?rest_route=%2Fwp%2Fv2%2Fmedia&parent=23258"}],"wp:term":[{"taxonomy":"product_cat","embeddable":true,"href":"https:\/\/jugueterialudico.com.ar\/index.php?rest_route=%2Fwp%2Fv2%2Fproduct_cat&post=23258"},{"taxonomy":"product_tag","embeddable":true,"href":"https:\/\/jugueterialudico.com.ar\/index.php?rest_route=%2Fwp%2Fv2%2Fproduct_tag&post=23258"}],"curies":[{"name":"wp","href":"https:\/\/api.w.org\/{rel}","templated":true}]}}