{"id":23276,"date":"2023-05-30T11:05:51","date_gmt":"2023-05-30T14:05:51","guid":{"rendered":"https:\/\/jugueterialudico.com.ar\/?post_type=product&#038;p=23276"},"modified":"2026-02-04T18:43:18","modified_gmt":"2026-02-04T21:43:18","slug":"set-olla-y-sarten-079","status":"publish","type":"product","link":"https:\/\/jugueterialudico.com.ar\/?product=set-olla-y-sarten-079","title":{"rendered":"SET OLLA Y SARTEN &#8211; 079"},"content":{"rendered":"<h2>Ollita y sartencito de madera<\/h2>\n<p>&nbsp;<\/p>\n<p>Este set de Olla y Sart\u00e9n es un complemento genial para el juego simb\u00f3lico. Incluye una olla, una sart\u00e9n, una tapa, 3 utensilios de madera.<\/p>\n<p>Medidas<\/p>\n<p>Olla 12 x 5 cm<\/p>\n<p>Sarten 17 x 10 cm<\/p>\n<p>Utensilios 13 cm de largo, ancho 5 cm aprox.<\/p>\n<p>&nbsp;<\/p>\n<p>Edad recomendada: +3 a\u00f1os<\/p>\n","protected":false},"excerpt":{"rendered":"<p>Ollita y sartencito de madera &nbsp; Este set de Olla y Sart\u00e9n es un complemento genial para el juego simb\u00f3lico. Incluye una olla, una sart\u00e9n, una tapa, 3 utensilios de madera. Medidas Olla 12 x 5 cm Sarten 17 x 10 cm Utensilios 13 cm de largo, ancho 5 cm aprox. &nbsp; Edad recomendada: +3 [&hellip;]<\/p>\n","protected":false},"featured_media":23278,"comment_status":"open","ping_status":"closed","template":"","meta":{"site-sidebar-layout":"default","site-content-layout":"default","ast-site-content-layout":"","site-content-style":"default","site-sidebar-style":"default","ast-global-header-display":"","ast-banner-title-visibility":"","ast-main-header-display":"","ast-hfb-above-header-display":"","ast-hfb-below-header-display":"","ast-hfb-mobile-header-display":"","site-post-title":"","ast-breadcrumbs-content":"","ast-featured-img":"","footer-sml-layout":"","theme-transparent-header-meta":"default","adv-header-id-meta":"","stick-header-meta":"","header-above-stick-meta":"","header-main-stick-meta":"","header-below-stick-meta":"","astra-migrate-meta-layouts":"default","ast-page-background-enabled":"default","ast-page-background-meta":{"desktop":{"background-color":"","background-image":"","background-repeat":"repeat","background-position":"center center","background-size":"auto","background-attachment":"scroll","background-type":"","background-media":"","overlay-type":"","overlay-color":"","overlay-opacity":"","overlay-gradient":""},"tablet":{"background-color":"","background-image":"","background-repeat":"repeat","background-position":"center center","background-size":"auto","background-attachment":"scroll","background-type":"","background-media":"","overlay-type":"","overlay-color":"","overlay-opacity":"","overlay-gradient":""},"mobile":{"background-color":"","background-image":"","background-repeat":"repeat","background-position":"center center","background-size":"auto","background-attachment":"scroll","background-type":"","background-media":"","overlay-type":"","overlay-color":"","overlay-opacity":"","overlay-gradient":""}},"ast-content-background-meta":{"desktop":{"background-color":"var(--ast-global-color-5)","background-image":"","background-repeat":"repeat","background-position":"center center","background-size":"auto","background-attachment":"scroll","background-type":"","background-media":"","overlay-type":"","overlay-color":"","overlay-opacity":"","overlay-gradient":""},"tablet":{"background-color":"var(--ast-global-color-5)","background-image":"","background-repeat":"repeat","background-position":"center center","background-size":"auto","background-attachment":"scroll","background-type":"","background-media":"","overlay-type":"","overlay-color":"","overlay-opacity":"","overlay-gradient":""},"mobile":{"background-color":"var(--ast-global-color-5)","background-image":"","background-repeat":"repeat","background-position":"center center","background-size":"auto","background-attachment":"scroll","background-type":"","background-media":"","overlay-type":"","overlay-color":"","overlay-opacity":"","overlay-gradient":""}},"spay_email":""},"product_cat":[18,164,165,166,167,93],"product_tag":[],"_links":{"self":[{"href":"https:\/\/jugueterialudico.com.ar\/index.php?rest_route=\/wp\/v2\/product\/23276"}],"collection":[{"href":"https:\/\/jugueterialudico.com.ar\/index.php?rest_route=\/wp\/v2\/product"}],"about":[{"href":"https:\/\/jugueterialudico.com.ar\/index.php?rest_route=\/wp\/v2\/types\/product"}],"replies":[{"embeddable":true,"href":"https:\/\/jugueterialudico.com.ar\/index.php?rest_route=%2Fwp%2Fv2%2Fcomments&post=23276"}],"wp:featuredmedia":[{"embeddable":true,"href":"https:\/\/jugueterialudico.com.ar\/index.php?rest_route=\/wp\/v2\/media\/23278"}],"wp:attachment":[{"href":"https:\/\/jugueterialudico.com.ar\/index.php?rest_route=%2Fwp%2Fv2%2Fmedia&parent=23276"}],"wp:term":[{"taxonomy":"product_cat","embeddable":true,"href":"https:\/\/jugueterialudico.com.ar\/index.php?rest_route=%2Fwp%2Fv2%2Fproduct_cat&post=23276"},{"taxonomy":"product_tag","embeddable":true,"href":"https:\/\/jugueterialudico.com.ar\/index.php?rest_route=%2Fwp%2Fv2%2Fproduct_tag&post=23276"}],"curies":[{"name":"wp","href":"https:\/\/api.w.org\/{rel}","templated":true}]}}