{"id":23285,"date":"2023-05-30T11:16:31","date_gmt":"2023-05-30T14:16:31","guid":{"rendered":"https:\/\/jugueterialudico.com.ar\/?post_type=product&#038;p=23285"},"modified":"2026-02-04T18:43:06","modified_gmt":"2026-02-04T21:43:06","slug":"tabla-de-fracciones-079","status":"publish","type":"product","link":"https:\/\/jugueterialudico.com.ar\/?product=tabla-de-fracciones-079","title":{"rendered":"TABLA DE FRACCIONES &#8211; 079"},"content":{"rendered":"<h2 class=\"04xlpa\">Tabla de fracciones en madera<\/h2>\n<p>&nbsp;<\/p>\n<p class=\"04xlpa\">El aprendizaje de las fracciones suele ser complejo debido al car\u00e1cter abstracto de estas operaciones.<\/p>\n<p class=\"04xlpa\">La tabla de fracciones es una herramienta genial para que los ni\u00f1os puedan experimentar, de modo concreto, como se conforman.<\/p>\n<p class=\"04xlpa\">Incluye 2 sets de n\u00fameros del 1 al 4, 10 piezas de Fracciones y base de madera.<\/p>\n<p class=\"04xlpa\">\n","protected":false},"excerpt":{"rendered":"<p>Tabla de fracciones en madera &nbsp; El aprendizaje de las fracciones suele ser complejo debido al car\u00e1cter abstracto de estas operaciones. La tabla de fracciones es una herramienta genial para que los ni\u00f1os puedan experimentar, de modo concreto, como se conforman. Incluye 2 sets de n\u00fameros del 1 al 4, 10 piezas de Fracciones y [&hellip;]<\/p>\n","protected":false},"featured_media":23286,"comment_status":"open","ping_status":"closed","template":"","meta":{"site-sidebar-layout":"default","site-content-layout":"default","ast-site-content-layout":"","site-content-style":"default","site-sidebar-style":"default","ast-global-header-display":"","ast-banner-title-visibility":"","ast-main-header-display":"","ast-hfb-above-header-display":"","ast-hfb-below-header-display":"","ast-hfb-mobile-header-display":"","site-post-title":"","ast-breadcrumbs-content":"","ast-featured-img":"","footer-sml-layout":"","theme-transparent-header-meta":"default","adv-header-id-meta":"","stick-header-meta":"","header-above-stick-meta":"","header-main-stick-meta":"","header-below-stick-meta":"","astra-migrate-meta-layouts":"default","ast-page-background-enabled":"default","ast-page-background-meta":{"desktop":{"background-color":"","background-image":"","background-repeat":"repeat","background-position":"center center","background-size":"auto","background-attachment":"scroll","background-type":"","background-media":"","overlay-type":"","overlay-color":"","overlay-opacity":"","overlay-gradient":""},"tablet":{"background-color":"","background-image":"","background-repeat":"repeat","background-position":"center center","background-size":"auto","background-attachment":"scroll","background-type":"","background-media":"","overlay-type":"","overlay-color":"","overlay-opacity":"","overlay-gradient":""},"mobile":{"background-color":"","background-image":"","background-repeat":"repeat","background-position":"center center","background-size":"auto","background-attachment":"scroll","background-type":"","background-media":"","overlay-type":"","overlay-color":"","overlay-opacity":"","overlay-gradient":""}},"ast-content-background-meta":{"desktop":{"background-color":"var(--ast-global-color-5)","background-image":"","background-repeat":"repeat","background-position":"center center","background-size":"auto","background-attachment":"scroll","background-type":"","background-media":"","overlay-type":"","overlay-color":"","overlay-opacity":"","overlay-gradient":""},"tablet":{"background-color":"var(--ast-global-color-5)","background-image":"","background-repeat":"repeat","background-position":"center center","background-size":"auto","background-attachment":"scroll","background-type":"","background-media":"","overlay-type":"","overlay-color":"","overlay-opacity":"","overlay-gradient":""},"mobile":{"background-color":"var(--ast-global-color-5)","background-image":"","background-repeat":"repeat","background-position":"center center","background-size":"auto","background-attachment":"scroll","background-type":"","background-media":"","overlay-type":"","overlay-color":"","overlay-opacity":"","overlay-gradient":""}},"spay_email":""},"product_cat":[168,166,167,146,93],"product_tag":[],"_links":{"self":[{"href":"https:\/\/jugueterialudico.com.ar\/index.php?rest_route=\/wp\/v2\/product\/23285"}],"collection":[{"href":"https:\/\/jugueterialudico.com.ar\/index.php?rest_route=\/wp\/v2\/product"}],"about":[{"href":"https:\/\/jugueterialudico.com.ar\/index.php?rest_route=\/wp\/v2\/types\/product"}],"replies":[{"embeddable":true,"href":"https:\/\/jugueterialudico.com.ar\/index.php?rest_route=%2Fwp%2Fv2%2Fcomments&post=23285"}],"wp:featuredmedia":[{"embeddable":true,"href":"https:\/\/jugueterialudico.com.ar\/index.php?rest_route=\/wp\/v2\/media\/23286"}],"wp:attachment":[{"href":"https:\/\/jugueterialudico.com.ar\/index.php?rest_route=%2Fwp%2Fv2%2Fmedia&parent=23285"}],"wp:term":[{"taxonomy":"product_cat","embeddable":true,"href":"https:\/\/jugueterialudico.com.ar\/index.php?rest_route=%2Fwp%2Fv2%2Fproduct_cat&post=23285"},{"taxonomy":"product_tag","embeddable":true,"href":"https:\/\/jugueterialudico.com.ar\/index.php?rest_route=%2Fwp%2Fv2%2Fproduct_tag&post=23285"}],"curies":[{"name":"wp","href":"https:\/\/api.w.org\/{rel}","templated":true}]}}