{"id":23309,"date":"2023-05-31T18:38:03","date_gmt":"2023-05-31T21:38:03","guid":{"rendered":"https:\/\/jugueterialudico.com.ar\/?post_type=product&#038;p=23309"},"modified":"2026-02-28T16:17:36","modified_gmt":"2026-02-28T19:17:36","slug":"libro-donde-esta-osito-177","status":"publish","type":"product","link":"https:\/\/jugueterialudico.com.ar\/?product=libro-donde-esta-osito-177","title":{"rendered":"LIBRO DONDE ESTA OSITO &#8211; 177"},"content":{"rendered":"<p>Libro suavecito<\/p>\n<div data-store=\"product-description-141533978\">\n<div class=\"product-description user-content\">\n<p>Un\u00a0 libro ilustrado did\u00e1ctico, \u00a0en donde los animalitos se esconden y jugamos a encontrarlos!<\/p>\n<p>Un juego did\u00e1ctico ilustrado para los m\u00e1s peques, bien pocket, lavable y muy pr\u00e1ctico para transportar.<\/p>\n<p>Medidas: 21 cm di\u00e1metro<\/p>\n<\/div>\n<\/div>\n<div class=\"social-share\">Edad recomendada: +6 meses<\/div>\n","protected":false},"excerpt":{"rendered":"<p>Libro suavecito Un\u00a0 libro ilustrado did\u00e1ctico, \u00a0en donde los animalitos se esconden y jugamos a encontrarlos! Un juego did\u00e1ctico ilustrado para los m\u00e1s peques, bien pocket, lavable y muy pr\u00e1ctico para transportar. Medidas: 21 cm di\u00e1metro Edad recomendada: +6 meses<\/p>\n","protected":false},"featured_media":23313,"comment_status":"open","ping_status":"closed","template":"","meta":{"site-sidebar-layout":"default","site-content-layout":"default","ast-site-content-layout":"","site-content-style":"default","site-sidebar-style":"default","ast-global-header-display":"","ast-banner-title-visibility":"","ast-main-header-display":"","ast-hfb-above-header-display":"","ast-hfb-below-header-display":"","ast-hfb-mobile-header-display":"","site-post-title":"","ast-breadcrumbs-content":"","ast-featured-img":"","footer-sml-layout":"","theme-transparent-header-meta":"default","adv-header-id-meta":"","stick-header-meta":"","header-above-stick-meta":"","header-main-stick-meta":"","header-below-stick-meta":"","astra-migrate-meta-layouts":"default","ast-page-background-enabled":"default","ast-page-background-meta":{"desktop":{"background-color":"","background-image":"","background-repeat":"repeat","background-position":"center center","background-size":"auto","background-attachment":"scroll","background-type":"","background-media":"","overlay-type":"","overlay-color":"","overlay-opacity":"","overlay-gradient":""},"tablet":{"background-color":"","background-image":"","background-repeat":"repeat","background-position":"center center","background-size":"auto","background-attachment":"scroll","background-type":"","background-media":"","overlay-type":"","overlay-color":"","overlay-opacity":"","overlay-gradient":""},"mobile":{"background-color":"","background-image":"","background-repeat":"repeat","background-position":"center center","background-size":"auto","background-attachment":"scroll","background-type":"","background-media":"","overlay-type":"","overlay-color":"","overlay-opacity":"","overlay-gradient":""}},"ast-content-background-meta":{"desktop":{"background-color":"var(--ast-global-color-5)","background-image":"","background-repeat":"repeat","background-position":"center center","background-size":"auto","background-attachment":"scroll","background-type":"","background-media":"","overlay-type":"","overlay-color":"","overlay-opacity":"","overlay-gradient":""},"tablet":{"background-color":"var(--ast-global-color-5)","background-image":"","background-repeat":"repeat","background-position":"center center","background-size":"auto","background-attachment":"scroll","background-type":"","background-media":"","overlay-type":"","overlay-color":"","overlay-opacity":"","overlay-gradient":""},"mobile":{"background-color":"var(--ast-global-color-5)","background-image":"","background-repeat":"repeat","background-position":"center center","background-size":"auto","background-attachment":"scroll","background-type":"","background-media":"","overlay-type":"","overlay-color":"","overlay-opacity":"","overlay-gradient":""}},"spay_email":""},"product_cat":[162,161,163],"product_tag":[],"_links":{"self":[{"href":"https:\/\/jugueterialudico.com.ar\/index.php?rest_route=\/wp\/v2\/product\/23309"}],"collection":[{"href":"https:\/\/jugueterialudico.com.ar\/index.php?rest_route=\/wp\/v2\/product"}],"about":[{"href":"https:\/\/jugueterialudico.com.ar\/index.php?rest_route=\/wp\/v2\/types\/product"}],"replies":[{"embeddable":true,"href":"https:\/\/jugueterialudico.com.ar\/index.php?rest_route=%2Fwp%2Fv2%2Fcomments&post=23309"}],"wp:featuredmedia":[{"embeddable":true,"href":"https:\/\/jugueterialudico.com.ar\/index.php?rest_route=\/wp\/v2\/media\/23313"}],"wp:attachment":[{"href":"https:\/\/jugueterialudico.com.ar\/index.php?rest_route=%2Fwp%2Fv2%2Fmedia&parent=23309"}],"wp:term":[{"taxonomy":"product_cat","embeddable":true,"href":"https:\/\/jugueterialudico.com.ar\/index.php?rest_route=%2Fwp%2Fv2%2Fproduct_cat&post=23309"},{"taxonomy":"product_tag","embeddable":true,"href":"https:\/\/jugueterialudico.com.ar\/index.php?rest_route=%2Fwp%2Fv2%2Fproduct_tag&post=23309"}],"curies":[{"name":"wp","href":"https:\/\/api.w.org\/{rel}","templated":true}]}}