{"id":23319,"date":"2023-05-31T18:47:08","date_gmt":"2023-05-31T21:47:08","guid":{"rendered":"https:\/\/jugueterialudico.com.ar\/?post_type=product&#038;p=23319"},"modified":"2026-01-28T11:09:22","modified_gmt":"2026-01-28T14:09:22","slug":"libro-tela-colores-177","status":"publish","type":"product","link":"https:\/\/jugueterialudico.com.ar\/?product=libro-tela-colores-177","title":{"rendered":"LIBRO TELA COLORES &#8211; 177"},"content":{"rendered":"<h2>Libro suave para conocer los colores<\/h2>\n<p>Los colores son esenciales en cada etapa de la vida, necesitamos de los colores para entender muchas cosas y tambi\u00e9n para percibir emociones, los colores son un lenguaje propio y como tal una herramienta, un buen amigo.<\/p>\n<p>En este nuevo libro did\u00e1ctico vamos a hacer un breve repaso por los colores pero viajando en incre\u00edbles medios de transporte (que todos aman si!), vamos adem\u00e1s a aprender la importancia del usos del cintur\u00f3n de seguridad, simulado por las cintas de colores que encontraremos dentro de cada veh\u00edculo.\u00a0\u00a0Un libro did\u00e1ctico indispensable para la biblioteca o el juguetero de nuestros peques.<\/p>\n<p>Este es un viaja para aprender los colores jugando y entender al mismo tiempo de forma l\u00fadica la importancia del cintur\u00f3n de seguridad.<\/p>\n<ul>\n<li>Lavable<\/li>\n<li>18 x 18<\/li>\n<li>Orejita de agarre para el carrito<\/li>\n<li>Incluye osito<\/li>\n<\/ul>\n<p>Edad recomendada: +6 meses<\/p>\n","protected":false},"excerpt":{"rendered":"<p>Libro suave para conocer los colores Los colores son esenciales en cada etapa de la vida, necesitamos de los colores para entender muchas cosas y tambi\u00e9n para percibir emociones, los colores son un lenguaje propio y como tal una herramienta, un buen amigo. En este nuevo libro did\u00e1ctico vamos a hacer un breve repaso por [&hellip;]<\/p>\n","protected":false},"featured_media":23322,"comment_status":"open","ping_status":"closed","template":"","meta":{"site-sidebar-layout":"default","site-content-layout":"default","ast-site-content-layout":"","site-content-style":"default","site-sidebar-style":"default","ast-global-header-display":"","ast-banner-title-visibility":"","ast-main-header-display":"","ast-hfb-above-header-display":"","ast-hfb-below-header-display":"","ast-hfb-mobile-header-display":"","site-post-title":"","ast-breadcrumbs-content":"","ast-featured-img":"","footer-sml-layout":"","theme-transparent-header-meta":"default","adv-header-id-meta":"","stick-header-meta":"","header-above-stick-meta":"","header-main-stick-meta":"","header-below-stick-meta":"","astra-migrate-meta-layouts":"default","ast-page-background-enabled":"default","ast-page-background-meta":{"desktop":{"background-color":"","background-image":"","background-repeat":"repeat","background-position":"center center","background-size":"auto","background-attachment":"scroll","background-type":"","background-media":"","overlay-type":"","overlay-color":"","overlay-opacity":"","overlay-gradient":""},"tablet":{"background-color":"","background-image":"","background-repeat":"repeat","background-position":"center center","background-size":"auto","background-attachment":"scroll","background-type":"","background-media":"","overlay-type":"","overlay-color":"","overlay-opacity":"","overlay-gradient":""},"mobile":{"background-color":"","background-image":"","background-repeat":"repeat","background-position":"center center","background-size":"auto","background-attachment":"scroll","background-type":"","background-media":"","overlay-type":"","overlay-color":"","overlay-opacity":"","overlay-gradient":""}},"ast-content-background-meta":{"desktop":{"background-color":"var(--ast-global-color-5)","background-image":"","background-repeat":"repeat","background-position":"center center","background-size":"auto","background-attachment":"scroll","background-type":"","background-media":"","overlay-type":"","overlay-color":"","overlay-opacity":"","overlay-gradient":""},"tablet":{"background-color":"var(--ast-global-color-5)","background-image":"","background-repeat":"repeat","background-position":"center center","background-size":"auto","background-attachment":"scroll","background-type":"","background-media":"","overlay-type":"","overlay-color":"","overlay-opacity":"","overlay-gradient":""},"mobile":{"background-color":"var(--ast-global-color-5)","background-image":"","background-repeat":"repeat","background-position":"center center","background-size":"auto","background-attachment":"scroll","background-type":"","background-media":"","overlay-type":"","overlay-color":"","overlay-opacity":"","overlay-gradient":""}},"spay_email":""},"product_cat":[162,161,163,164,165],"product_tag":[],"_links":{"self":[{"href":"https:\/\/jugueterialudico.com.ar\/index.php?rest_route=\/wp\/v2\/product\/23319"}],"collection":[{"href":"https:\/\/jugueterialudico.com.ar\/index.php?rest_route=\/wp\/v2\/product"}],"about":[{"href":"https:\/\/jugueterialudico.com.ar\/index.php?rest_route=\/wp\/v2\/types\/product"}],"replies":[{"embeddable":true,"href":"https:\/\/jugueterialudico.com.ar\/index.php?rest_route=%2Fwp%2Fv2%2Fcomments&post=23319"}],"wp:featuredmedia":[{"embeddable":true,"href":"https:\/\/jugueterialudico.com.ar\/index.php?rest_route=\/wp\/v2\/media\/23322"}],"wp:attachment":[{"href":"https:\/\/jugueterialudico.com.ar\/index.php?rest_route=%2Fwp%2Fv2%2Fmedia&parent=23319"}],"wp:term":[{"taxonomy":"product_cat","embeddable":true,"href":"https:\/\/jugueterialudico.com.ar\/index.php?rest_route=%2Fwp%2Fv2%2Fproduct_cat&post=23319"},{"taxonomy":"product_tag","embeddable":true,"href":"https:\/\/jugueterialudico.com.ar\/index.php?rest_route=%2Fwp%2Fv2%2Fproduct_tag&post=23319"}],"curies":[{"name":"wp","href":"https:\/\/api.w.org\/{rel}","templated":true}]}}