{"id":23327,"date":"2023-05-31T18:51:10","date_gmt":"2023-05-31T21:51:10","guid":{"rendered":"https:\/\/jugueterialudico.com.ar\/?post_type=product&#038;p=23327"},"modified":"2026-04-20T18:24:54","modified_gmt":"2026-04-20T21:24:54","slug":"ratoncitos-del-mundo-177","status":"publish","type":"product","link":"https:\/\/jugueterialudico.com.ar\/?product=ratoncitos-del-mundo-177","title":{"rendered":"RATONCITOS DEL MUNDO &#8211; 177"},"content":{"rendered":"<p>Esta es la \u00bb troupe\u00bb de ratones m\u00e1s linda del mundo mundial.\u00a0<strong>Cinco ratones<\/strong>\u00a0lookeados frente y dorso, de cada pa\u00eds del mundo que recorre Nina la ratona en el libro sensorial \u00bb Nina viaja el globo\u00bb, la acompa\u00f1an para vivir incre\u00edbles aventuras. Con sus atuendos y looks tip\u00edcos, adem\u00e1s de poder jugar vamos a poder aprender sobre las culturas del mundo.<\/p>\n<p>Este kit ilustrado que fu\u00e9 concebido en acuarelas y luego llevado a la tela, refleja el talento de una gran ilustradora Argentina graduada en Bellas Artes. F\u00e1tima Saez, le di\u00f3 vida a este gran proyecto.<\/p>\n<ul>\n<li>La troupe esta formada por 5 ratones : Tom, Pierre, Ravi, Suri y Malaika<\/li>\n<\/ul>\n","protected":false},"excerpt":{"rendered":"<p>Esta es la \u00bb troupe\u00bb de ratones m\u00e1s linda del mundo mundial.\u00a0Cinco ratones\u00a0lookeados frente y dorso, de cada pa\u00eds del mundo que recorre Nina la ratona en el libro sensorial \u00bb Nina viaja el globo\u00bb, la acompa\u00f1an para vivir incre\u00edbles aventuras. Con sus atuendos y looks tip\u00edcos, adem\u00e1s de poder jugar vamos a poder aprender [&hellip;]<\/p>\n","protected":false},"featured_media":23328,"comment_status":"open","ping_status":"closed","template":"","meta":{"site-sidebar-layout":"default","site-content-layout":"default","ast-site-content-layout":"","site-content-style":"default","site-sidebar-style":"default","ast-global-header-display":"","ast-banner-title-visibility":"","ast-main-header-display":"","ast-hfb-above-header-display":"","ast-hfb-below-header-display":"","ast-hfb-mobile-header-display":"","site-post-title":"","ast-breadcrumbs-content":"","ast-featured-img":"","footer-sml-layout":"","theme-transparent-header-meta":"default","adv-header-id-meta":"","stick-header-meta":"","header-above-stick-meta":"","header-main-stick-meta":"","header-below-stick-meta":"","astra-migrate-meta-layouts":"default","ast-page-background-enabled":"default","ast-page-background-meta":{"desktop":{"background-color":"","background-image":"","background-repeat":"repeat","background-position":"center center","background-size":"auto","background-attachment":"scroll","background-type":"","background-media":"","overlay-type":"","overlay-color":"","overlay-opacity":"","overlay-gradient":""},"tablet":{"background-color":"","background-image":"","background-repeat":"repeat","background-position":"center center","background-size":"auto","background-attachment":"scroll","background-type":"","background-media":"","overlay-type":"","overlay-color":"","overlay-opacity":"","overlay-gradient":""},"mobile":{"background-color":"","background-image":"","background-repeat":"repeat","background-position":"center center","background-size":"auto","background-attachment":"scroll","background-type":"","background-media":"","overlay-type":"","overlay-color":"","overlay-opacity":"","overlay-gradient":""}},"ast-content-background-meta":{"desktop":{"background-color":"var(--ast-global-color-5)","background-image":"","background-repeat":"repeat","background-position":"center center","background-size":"auto","background-attachment":"scroll","background-type":"","background-media":"","overlay-type":"","overlay-color":"","overlay-opacity":"","overlay-gradient":""},"tablet":{"background-color":"var(--ast-global-color-5)","background-image":"","background-repeat":"repeat","background-position":"center center","background-size":"auto","background-attachment":"scroll","background-type":"","background-media":"","overlay-type":"","overlay-color":"","overlay-opacity":"","overlay-gradient":""},"mobile":{"background-color":"var(--ast-global-color-5)","background-image":"","background-repeat":"repeat","background-position":"center center","background-size":"auto","background-attachment":"scroll","background-type":"","background-media":"","overlay-type":"","overlay-color":"","overlay-opacity":"","overlay-gradient":""}},"spay_email":""},"product_cat":[164,165,166,76,196,145],"product_tag":[],"_links":{"self":[{"href":"https:\/\/jugueterialudico.com.ar\/index.php?rest_route=\/wp\/v2\/product\/23327"}],"collection":[{"href":"https:\/\/jugueterialudico.com.ar\/index.php?rest_route=\/wp\/v2\/product"}],"about":[{"href":"https:\/\/jugueterialudico.com.ar\/index.php?rest_route=\/wp\/v2\/types\/product"}],"replies":[{"embeddable":true,"href":"https:\/\/jugueterialudico.com.ar\/index.php?rest_route=%2Fwp%2Fv2%2Fcomments&post=23327"}],"wp:featuredmedia":[{"embeddable":true,"href":"https:\/\/jugueterialudico.com.ar\/index.php?rest_route=\/wp\/v2\/media\/23328"}],"wp:attachment":[{"href":"https:\/\/jugueterialudico.com.ar\/index.php?rest_route=%2Fwp%2Fv2%2Fmedia&parent=23327"}],"wp:term":[{"taxonomy":"product_cat","embeddable":true,"href":"https:\/\/jugueterialudico.com.ar\/index.php?rest_route=%2Fwp%2Fv2%2Fproduct_cat&post=23327"},{"taxonomy":"product_tag","embeddable":true,"href":"https:\/\/jugueterialudico.com.ar\/index.php?rest_route=%2Fwp%2Fv2%2Fproduct_tag&post=23327"}],"curies":[{"name":"wp","href":"https:\/\/api.w.org\/{rel}","templated":true}]}}