{"id":23344,"date":"2023-05-31T19:23:58","date_gmt":"2023-05-31T22:23:58","guid":{"rendered":"https:\/\/jugueterialudico.com.ar\/?post_type=product&#038;p=23344"},"modified":"2026-03-09T17:28:04","modified_gmt":"2026-03-09T20:28:04","slug":"juego-de-memoria-perritos-179","status":"publish","type":"product","link":"https:\/\/jugueterialudico.com.ar\/?product=juego-de-memoria-perritos-179","title":{"rendered":"JUEGO DE MEMORIA PERRITOS &#8211; 179"},"content":{"rendered":"<p><strong>Un juego que estimula la memoria y la capacidad de observaci\u00f3n de los m\u00e1s peque\u00f1os.<\/strong><\/p>\n<p>20 piezas para formar 10 pares de coincidencias | Medida de las piezas: 5,7 x 5,5 cm | Packaging: bolsa de lienzo + faja del producto | Material: Fibrof\u00e1cil 3 mm de espesor, laminado frente y dorso en papel ilustraci\u00f3n, terminaci\u00f3n en polipropileno mate para mejorar su conservaci\u00f3n.<\/p>\n<p><strong>C\u00f3mo jugar:<\/strong><br \/>\nMezclar todas las piezas y colocarlas boca abajo, de manera que las im\u00e1genes no se vean. El primer jugador da vuelta 2 piezas, si son iguales se las lleva, sino las vuelve a colocar boca abajo. Luego, le toca hacer lo mismo al siguiente jugador, y as\u00ed sucesivamente. \u00a1Incluso jugando solos, los chicos se divierten imaginando las m\u00e1s divertidas historias protagonizadas por estos coloridos personajes!<\/p>\n<p>Edad recomendada:+3 a\u00f1os<\/p>\n","protected":false},"excerpt":{"rendered":"<p>Un juego que estimula la memoria y la capacidad de observaci\u00f3n de los m\u00e1s peque\u00f1os. 20 piezas para formar 10 pares de coincidencias | Medida de las piezas: 5,7 x 5,5 cm | Packaging: bolsa de lienzo + faja del producto | Material: Fibrof\u00e1cil 3 mm de espesor, laminado frente y dorso en papel ilustraci\u00f3n, [&hellip;]<\/p>\n","protected":false},"featured_media":23345,"comment_status":"open","ping_status":"closed","template":"","meta":{"site-sidebar-layout":"default","site-content-layout":"default","ast-site-content-layout":"","site-content-style":"default","site-sidebar-style":"default","ast-global-header-display":"","ast-banner-title-visibility":"","ast-main-header-display":"","ast-hfb-above-header-display":"","ast-hfb-below-header-display":"","ast-hfb-mobile-header-display":"","site-post-title":"","ast-breadcrumbs-content":"","ast-featured-img":"","footer-sml-layout":"","theme-transparent-header-meta":"default","adv-header-id-meta":"","stick-header-meta":"","header-above-stick-meta":"","header-main-stick-meta":"","header-below-stick-meta":"","astra-migrate-meta-layouts":"default","ast-page-background-enabled":"default","ast-page-background-meta":{"desktop":{"background-color":"","background-image":"","background-repeat":"repeat","background-position":"center center","background-size":"auto","background-attachment":"scroll","background-type":"","background-media":"","overlay-type":"","overlay-color":"","overlay-opacity":"","overlay-gradient":""},"tablet":{"background-color":"","background-image":"","background-repeat":"repeat","background-position":"center center","background-size":"auto","background-attachment":"scroll","background-type":"","background-media":"","overlay-type":"","overlay-color":"","overlay-opacity":"","overlay-gradient":""},"mobile":{"background-color":"","background-image":"","background-repeat":"repeat","background-position":"center center","background-size":"auto","background-attachment":"scroll","background-type":"","background-media":"","overlay-type":"","overlay-color":"","overlay-opacity":"","overlay-gradient":""}},"ast-content-background-meta":{"desktop":{"background-color":"var(--ast-global-color-5)","background-image":"","background-repeat":"repeat","background-position":"center center","background-size":"auto","background-attachment":"scroll","background-type":"","background-media":"","overlay-type":"","overlay-color":"","overlay-opacity":"","overlay-gradient":""},"tablet":{"background-color":"var(--ast-global-color-5)","background-image":"","background-repeat":"repeat","background-position":"center center","background-size":"auto","background-attachment":"scroll","background-type":"","background-media":"","overlay-type":"","overlay-color":"","overlay-opacity":"","overlay-gradient":""},"mobile":{"background-color":"var(--ast-global-color-5)","background-image":"","background-repeat":"repeat","background-position":"center center","background-size":"auto","background-attachment":"scroll","background-type":"","background-media":"","overlay-type":"","overlay-color":"","overlay-opacity":"","overlay-gradient":""}},"spay_email":""},"product_cat":[164,165,166,151,93],"product_tag":[],"_links":{"self":[{"href":"https:\/\/jugueterialudico.com.ar\/index.php?rest_route=\/wp\/v2\/product\/23344"}],"collection":[{"href":"https:\/\/jugueterialudico.com.ar\/index.php?rest_route=\/wp\/v2\/product"}],"about":[{"href":"https:\/\/jugueterialudico.com.ar\/index.php?rest_route=\/wp\/v2\/types\/product"}],"replies":[{"embeddable":true,"href":"https:\/\/jugueterialudico.com.ar\/index.php?rest_route=%2Fwp%2Fv2%2Fcomments&post=23344"}],"wp:featuredmedia":[{"embeddable":true,"href":"https:\/\/jugueterialudico.com.ar\/index.php?rest_route=\/wp\/v2\/media\/23345"}],"wp:attachment":[{"href":"https:\/\/jugueterialudico.com.ar\/index.php?rest_route=%2Fwp%2Fv2%2Fmedia&parent=23344"}],"wp:term":[{"taxonomy":"product_cat","embeddable":true,"href":"https:\/\/jugueterialudico.com.ar\/index.php?rest_route=%2Fwp%2Fv2%2Fproduct_cat&post=23344"},{"taxonomy":"product_tag","embeddable":true,"href":"https:\/\/jugueterialudico.com.ar\/index.php?rest_route=%2Fwp%2Fv2%2Fproduct_tag&post=23344"}],"curies":[{"name":"wp","href":"https:\/\/api.w.org\/{rel}","templated":true}]}}