{"id":23436,"date":"2023-06-13T19:11:25","date_gmt":"2023-06-13T22:11:25","guid":{"rendered":"https:\/\/jugueterialudico.com.ar\/?post_type=product&#038;p=23436"},"modified":"2025-01-24T13:13:41","modified_gmt":"2025-01-24T16:13:41","slug":"telefono-descompuesto-036","status":"publish","type":"product","link":"https:\/\/jugueterialudico.com.ar\/?product=telefono-descompuesto-036","title":{"rendered":"TELEFONO DESCOMPUESTO &#8211; 036"},"content":{"rendered":"<h2>PARTY GAME: TEL\u00c9FONO DESCOMPUESTO<\/h2>\n<p><strong>ESTE JUEGO LA VA A ROMPER\u2026. PARTY GAME PARA PREVIAS y REUNIONES<\/strong><\/p>\n<p>&nbsp;<\/p>\n<p><strong>\u00bfC\u00d3MO SE JUEGA?<\/strong><\/p>\n<p><i>Juan saca una tarjeta de palabra. ELIGE UNA\u00a0<\/i><i>\u00a0y tiene que dibujar la palabra que eligi\u00f3.\u00a0<\/i><\/p>\n<p><i>Juan muestra el dibujo a Pedro (S\u00d3LO A EL), que solo puede actuar lo que ve en el dibujo (sin ver la tarjeta de palabra).<\/i><\/p>\n<p><i>Laura mira a Pedro actuando y tiene que adivinar qu\u00e9 palabra es.\u00a0<\/i><\/p>\n<p><i>\u00bfLo podr\u00e1n lograr en 90 segundos?\u00a0<\/i><\/p>\n<p><strong>DETALLES<\/strong><br \/>\n<span id=\"more-4787\"><\/span>* Dimensiones de la caja: 14 x 20 x 3 cm.<br \/>\n* Dise\u00f1o:\u00a0<a href=\"https:\/\/www.instagram.com\/muy_mariapfister\/?hl=es\">Mar\u00eda Pfister\u00a0<\/a><\/p>\n<p><strong>\u00bfQu\u00e9 hay en la caja?<\/strong><br \/>\n* 125 tarjetas reversibles de palabras: en ingl\u00e9s y espa\u00f1ol.<br \/>\n* 4 tableros para equipos<br \/>\n* 4 fichas-cospel para puntaje<br \/>\n*Reglamento<\/p>\n<p><strong>Habilidades que estimula:<\/strong><br \/>\n* Capacidad de risa<br \/>\n* Imaginaci\u00f3n<br \/>\n*Compa\u00f1erismo<br \/>\n* Creatividad<br \/>\n* Diversi\u00f3n<\/p>\n<p>&nbsp;<\/p>\n<p>Edad recomendada: +12 a\u00f1os<\/p>\n","protected":false},"excerpt":{"rendered":"<p>PARTY GAME: TEL\u00c9FONO DESCOMPUESTO:<\/p>\n<p>\u00bfTe imagin\u00e1s combinar juegazos como el pictionary y el d\u00edgalo con m\u00edmica en una din\u00e1mica original? Bueno, ac\u00e1 estamos para que pruebes este juego super divertido para grupos y reuniones.<br \/>\nRisas garantizadas!<\/p>\n","protected":false},"featured_media":23438,"comment_status":"open","ping_status":"closed","template":"","meta":{"site-sidebar-layout":"default","site-content-layout":"default","ast-site-content-layout":"","site-content-style":"default","site-sidebar-style":"default","ast-global-header-display":"","ast-banner-title-visibility":"","ast-main-header-display":"","ast-hfb-above-header-display":"","ast-hfb-below-header-display":"","ast-hfb-mobile-header-display":"","site-post-title":"","ast-breadcrumbs-content":"","ast-featured-img":"","footer-sml-layout":"","theme-transparent-header-meta":"default","adv-header-id-meta":"","stick-header-meta":"","header-above-stick-meta":"","header-main-stick-meta":"","header-below-stick-meta":"","astra-migrate-meta-layouts":"default","ast-page-background-enabled":"default","ast-page-background-meta":{"desktop":{"background-color":"","background-image":"","background-repeat":"repeat","background-position":"center center","background-size":"auto","background-attachment":"scroll","background-type":"","background-media":"","overlay-type":"","overlay-color":"","overlay-opacity":"","overlay-gradient":""},"tablet":{"background-color":"","background-image":"","background-repeat":"repeat","background-position":"center center","background-size":"auto","background-attachment":"scroll","background-type":"","background-media":"","overlay-type":"","overlay-color":"","overlay-opacity":"","overlay-gradient":""},"mobile":{"background-color":"","background-image":"","background-repeat":"repeat","background-position":"center center","background-size":"auto","background-attachment":"scroll","background-type":"","background-media":"","overlay-type":"","overlay-color":"","overlay-opacity":"","overlay-gradient":""}},"ast-content-background-meta":{"desktop":{"background-color":"var(--ast-global-color-5)","background-image":"","background-repeat":"repeat","background-position":"center center","background-size":"auto","background-attachment":"scroll","background-type":"","background-media":"","overlay-type":"","overlay-color":"","overlay-opacity":"","overlay-gradient":""},"tablet":{"background-color":"var(--ast-global-color-5)","background-image":"","background-repeat":"repeat","background-position":"center center","background-size":"auto","background-attachment":"scroll","background-type":"","background-media":"","overlay-type":"","overlay-color":"","overlay-opacity":"","overlay-gradient":""},"mobile":{"background-color":"var(--ast-global-color-5)","background-image":"","background-repeat":"repeat","background-position":"center center","background-size":"auto","background-attachment":"scroll","background-type":"","background-media":"","overlay-type":"","overlay-color":"","overlay-opacity":"","overlay-gradient":""}},"spay_email":""},"product_cat":[185,168,74],"product_tag":[],"_links":{"self":[{"href":"https:\/\/jugueterialudico.com.ar\/index.php?rest_route=\/wp\/v2\/product\/23436"}],"collection":[{"href":"https:\/\/jugueterialudico.com.ar\/index.php?rest_route=\/wp\/v2\/product"}],"about":[{"href":"https:\/\/jugueterialudico.com.ar\/index.php?rest_route=\/wp\/v2\/types\/product"}],"replies":[{"embeddable":true,"href":"https:\/\/jugueterialudico.com.ar\/index.php?rest_route=%2Fwp%2Fv2%2Fcomments&post=23436"}],"wp:featuredmedia":[{"embeddable":true,"href":"https:\/\/jugueterialudico.com.ar\/index.php?rest_route=\/wp\/v2\/media\/23438"}],"wp:attachment":[{"href":"https:\/\/jugueterialudico.com.ar\/index.php?rest_route=%2Fwp%2Fv2%2Fmedia&parent=23436"}],"wp:term":[{"taxonomy":"product_cat","embeddable":true,"href":"https:\/\/jugueterialudico.com.ar\/index.php?rest_route=%2Fwp%2Fv2%2Fproduct_cat&post=23436"},{"taxonomy":"product_tag","embeddable":true,"href":"https:\/\/jugueterialudico.com.ar\/index.php?rest_route=%2Fwp%2Fv2%2Fproduct_tag&post=23436"}],"curies":[{"name":"wp","href":"https:\/\/api.w.org\/{rel}","templated":true}]}}