{"id":23443,"date":"2023-06-14T17:25:44","date_gmt":"2023-06-14T20:25:44","guid":{"rendered":"https:\/\/jugueterialudico.com.ar\/?post_type=product&#038;p=23443"},"modified":"2025-05-30T17:53:15","modified_gmt":"2025-05-30T20:53:15","slug":"mueve-y-busca-036","status":"publish","type":"product","link":"https:\/\/jugueterialudico.com.ar\/?product=mueve-y-busca-036","title":{"rendered":"MUEVE Y BUSCA &#8211; 036"},"content":{"rendered":"<h2>Juego de cartas: Mueve y busca \ud83d\udd0e<\/h2>\n<p>&nbsp;<\/p>\n<p><strong>DETALLES<\/strong><br \/>\nDimensiones de la caja: 12x8x2cm.<\/p>\n<p>Idea Original: Jonhatan Kunichan<\/p>\n<p>Dise\u00f1o: Gabriela Celed\u00f3n\/Valentina Morales<br \/>\nIlustraci\u00f3n: Sof\u00eda Ferrero<\/p>\n<p><strong>\u00bfQu\u00e9 hay en la caja?<\/strong><br \/>\n* 27 tarjetas<br \/>\n* Libro gu\u00eda para educadores<\/p>\n<p><strong>Habilidades que estimula:<\/strong><br \/>\n* Motricidad<br \/>\n* Aprendizaje de seguimiento de pautas, comprensi\u00f3n verbal y seguimiento de consignas.<br \/>\n* Memoria de corto plazo<\/p>\n<p>Edad recomendada: +4 a\u00f1os<\/p>\n","protected":false},"excerpt":{"rendered":"<div class=\"elementor-element elementor-element-671a692 elementor-add-to-cart--layout-auto elementor-widget__width-auto elementor-add-to-cart--align-center e-add-to-cart--show-quantity-yes elementor-widget elementor-widget-woocommerce-product-add-to-cart\" data-id=\"671a692\" data-element_type=\"widget\" data-widget_type=\"woocommerce-product-add-to-cart.default\">\n<div class=\"elementor-widget-container\">\n<div class=\"elementor-add-to-cart elementor-product-simple\">\n<form class=\"cart\" action=\"https:\/\/juegosmultiverso.com.ar\/producto\/mueve-y-busca\/\" enctype=\"multipart\/form-data\" method=\"post\">\n<div class=\"e-atc-qty-button-holder\">\n<div class=\"quantity\"><label class=\"screen-reader-text\" for=\"quantity_648a1ada30503\">MUEVE Y BUSCA cantidad<\/label><\/div>\n<p><button class=\"single_add_to_cart_button button alt wp-element-button\" name=\"add-to-cart\" type=\"submit\" value=\"6934\">Agregar al carrito<\/button><\/div>\n<\/form>\n<\/div>\n<\/div>\n<\/div>\n<div class=\"elementor-element elementor-element-df66e9c elementor-widget elementor-widget-woocommerce-notices\" data-id=\"df66e9c\" data-element_type=\"widget\" data-widget_type=\"woocommerce-notices.default\">\n<div class=\"elementor-widget-container\">\n<div class=\"e-woocommerce-notices-wrapper\">\n<div class=\"woocommerce-notices-wrapper\"><\/div>\n<\/div>\n<\/div>\n<\/div>\n<div class=\"elementor-element elementor-element-e8b7f6a elementor-widget elementor-widget-woocommerce-product-content\" data-id=\"e8b7f6a\" data-element_type=\"widget\" data-widget_type=\"woocommerce-product-content.default\">\n<div class=\"elementor-widget-container\">\n<p><strong>Mueve y Busca: \u00a1LLEVA TU JUGUETE A CONOCER TU CASA!\u00a0<\/strong><\/p>\n<p>Es un juego que nos ayuda a contribuir con el desarrollo cognitivo y emocional de los ni\u00f1os en forma divertida. Busca articular la tendencia natural a aprender jugando con la posibilidad de potenciar sus habilidades. Se propone jugar con nuestros juguetes y mu\u00f1ecos favoritos a trav\u00e9s de dos din\u00e1micas para explorar los espacios,<br \/>\nmovimientos y objetos que nos rodean.<\/p>\n<p>En las instrucciones van a encontrar, adem\u00e1s, una peque\u00f1a gu\u00eda y consejos para adultos; para ayudar(nos) a involucrarnos m\u00e1s en el mundo de fantas\u00eda, que se crea jugando.<strong>\u00a0<\/strong><\/p>\n<p><strong>Si vos encontr\u00e1s formas de disfrutar mientras jugas, es seguro que los ni\u00f1os tambi\u00e9n, y aprender\u00e1n jugando.<\/strong><\/p>\n<p>Ideal para inclu\u00edr a toda la familia y amigos.<br \/>\nTienen distintos niveles de complejidad.<\/p>\n<\/div>\n<\/div>\n","protected":false},"featured_media":23445,"comment_status":"open","ping_status":"closed","template":"","meta":{"site-sidebar-layout":"default","site-content-layout":"default","ast-site-content-layout":"","site-content-style":"default","site-sidebar-style":"default","ast-global-header-display":"","ast-banner-title-visibility":"","ast-main-header-display":"","ast-hfb-above-header-display":"","ast-hfb-below-header-display":"","ast-hfb-mobile-header-display":"","site-post-title":"","ast-breadcrumbs-content":"","ast-featured-img":"","footer-sml-layout":"","theme-transparent-header-meta":"default","adv-header-id-meta":"","stick-header-meta":"","header-above-stick-meta":"","header-main-stick-meta":"","header-below-stick-meta":"","astra-migrate-meta-layouts":"default","ast-page-background-enabled":"default","ast-page-background-meta":{"desktop":{"background-color":"","background-image":"","background-repeat":"repeat","background-position":"center center","background-size":"auto","background-attachment":"scroll","background-type":"","background-media":"","overlay-type":"","overlay-color":"","overlay-opacity":"","overlay-gradient":""},"tablet":{"background-color":"","background-image":"","background-repeat":"repeat","background-position":"center center","background-size":"auto","background-attachment":"scroll","background-type":"","background-media":"","overlay-type":"","overlay-color":"","overlay-opacity":"","overlay-gradient":""},"mobile":{"background-color":"","background-image":"","background-repeat":"repeat","background-position":"center center","background-size":"auto","background-attachment":"scroll","background-type":"","background-media":"","overlay-type":"","overlay-color":"","overlay-opacity":"","overlay-gradient":""}},"ast-content-background-meta":{"desktop":{"background-color":"var(--ast-global-color-5)","background-image":"","background-repeat":"repeat","background-position":"center center","background-size":"auto","background-attachment":"scroll","background-type":"","background-media":"","overlay-type":"","overlay-color":"","overlay-opacity":"","overlay-gradient":""},"tablet":{"background-color":"var(--ast-global-color-5)","background-image":"","background-repeat":"repeat","background-position":"center center","background-size":"auto","background-attachment":"scroll","background-type":"","background-media":"","overlay-type":"","overlay-color":"","overlay-opacity":"","overlay-gradient":""},"mobile":{"background-color":"var(--ast-global-color-5)","background-image":"","background-repeat":"repeat","background-position":"center center","background-size":"auto","background-attachment":"scroll","background-type":"","background-media":"","overlay-type":"","overlay-color":"","overlay-opacity":"","overlay-gradient":""}},"spay_email":""},"product_cat":[165,166,146,74],"product_tag":[],"_links":{"self":[{"href":"https:\/\/jugueterialudico.com.ar\/index.php?rest_route=\/wp\/v2\/product\/23443"}],"collection":[{"href":"https:\/\/jugueterialudico.com.ar\/index.php?rest_route=\/wp\/v2\/product"}],"about":[{"href":"https:\/\/jugueterialudico.com.ar\/index.php?rest_route=\/wp\/v2\/types\/product"}],"replies":[{"embeddable":true,"href":"https:\/\/jugueterialudico.com.ar\/index.php?rest_route=%2Fwp%2Fv2%2Fcomments&post=23443"}],"wp:featuredmedia":[{"embeddable":true,"href":"https:\/\/jugueterialudico.com.ar\/index.php?rest_route=\/wp\/v2\/media\/23445"}],"wp:attachment":[{"href":"https:\/\/jugueterialudico.com.ar\/index.php?rest_route=%2Fwp%2Fv2%2Fmedia&parent=23443"}],"wp:term":[{"taxonomy":"product_cat","embeddable":true,"href":"https:\/\/jugueterialudico.com.ar\/index.php?rest_route=%2Fwp%2Fv2%2Fproduct_cat&post=23443"},{"taxonomy":"product_tag","embeddable":true,"href":"https:\/\/jugueterialudico.com.ar\/index.php?rest_route=%2Fwp%2Fv2%2Fproduct_tag&post=23443"}],"curies":[{"name":"wp","href":"https:\/\/api.w.org\/{rel}","templated":true}]}}