{"id":23455,"date":"2023-06-15T10:39:00","date_gmt":"2023-06-15T13:39:00","guid":{"rendered":"https:\/\/jugueterialudico.com.ar\/?post_type=product&#038;p=23455"},"modified":"2025-05-31T10:07:17","modified_gmt":"2025-05-31T13:07:17","slug":"mis-amigas-las-emociones-036","status":"publish","type":"product","link":"https:\/\/jugueterialudico.com.ar\/?product=mis-amigas-las-emociones-036","title":{"rendered":"MIS AMIGAS LAS EMOCIONES &#8211; 036"},"content":{"rendered":"<h2>Juego: \u00abMis amigas las emociones\u00bb<\/h2>\n<p><strong>UNA HERRAMIENTA SUPER \u00daTIL<\/strong><br \/>\nEl juego est\u00e1 pensado para ayudarnos a:<br \/>\n* Identificar las emociones y la reacci\u00f3n en el cuerpo.<br \/>\n* Poner nombre a las diferentes emociones.<br \/>\n* Fomentar la empat\u00eda, identificando emociones en otras personas.<br \/>\n* Fomentar el respeto hacia los dem\u00e1s<br \/>\n* Desarrollar un mejor autoconocimiento y mejor autoestima<br \/>\n* Promover respuestas adecuadas en vez de reacciones autom\u00e1ticas<br \/>\n* Desarrollar la inteligencia emocional y la habilidad sensitiva para desarrollar personalidades fuertes y seguras.<\/p>\n<p>\u00a1HECHO CON MUCHO CUIDADO! Este juego tiene contenido chequeado y armado por la Licenciada y terapeuta infantil Victoria Bunge, de Almas en movimiento (<a href=\"https:\/\/almas-en-movimiento.negocio.site\/\" target=\"_blank\" rel=\"noopener\">https:\/\/almas-en-movimiento.negocio.site\/<\/a>)<\/p>\n<p><strong>DETALLES<\/strong><br \/>\n* Dimensiones de la caja: 14 x 20 x 3 cm.<br \/>\n* Ilustraciones: Luc\u00eda Dotras<br \/>\n* Dise\u00f1o: Mar\u00eda Pfister<\/p>\n<p><strong>\u00bfQu\u00e9 hay en la caja?<\/strong><br \/>\n* 16 tarjetas de emociones con frases, descripciones y actividades.<br \/>\n* 10 tarjetas reversibles de situaciones<br \/>\n* 1 gu\u00eda con consejos y propuestas para jugar y aprender.<\/p>\n<p><strong>Habilidades que estimula:<\/strong><br \/>\n* Concentraci\u00f3n y escucha<br \/>\n* Story-telling<br \/>\n* Interpretaci\u00f3n<br \/>\n* Motricidad gruesa<br \/>\n* Juego en equipo<\/p>\n<p>&nbsp;<\/p>\n<p>Edad recomendada:+4 a\u00f1os<\/p>\n","protected":false},"excerpt":{"rendered":"<div class=\"elementor-element elementor-element-77cc59e elementor-widget elementor-widget-woocommerce-product-title elementor-page-title elementor-widget-heading\" data-id=\"77cc59e\" data-element_type=\"widget\" data-widget_type=\"woocommerce-product-title.default\">\n<div class=\"elementor-widget-container\">\n<p class=\"product_title entry-title elementor-heading-title elementor-size-default\">MIS AMIGAS LAS EMOCIONES<\/p>\n<\/div>\n<\/div>\n<div class=\"elementor-element elementor-element-abce80e elementor-widget elementor-widget-heading\" data-id=\"abce80e\" data-element_type=\"widget\" data-widget_type=\"heading.default\">\n<div class=\"elementor-widget-container\">\n<p class=\"elementor-heading-title elementor-size-default\">M\u00e1s de 50 actividades y propuestas l\u00fadicas para reconocer nuestras emociones de manera sana.<\/p>\n<p><strong>\u00a1UN JUEGO MEGA EMOCIONANTE!<\/strong><br \/>\nMis amigas las emociones es un juego de cartas educativas que busca ayudarnos a conocer, nombrar y poner en contexto diferentes emociones y estados de \u00e1nimos a trav\u00e9s de textos simples, frases y actividades que nos ayudan a hablar de lo que nos pasa y entendernos m\u00e1s. Con dibujos exclusivos y tarjetas de situaciones, estas MAXI cartas ofrece muchas actividades y herramientas para sumergirnos puertas adentro.<\/p>\n<\/div>\n<\/div>\n","protected":false},"featured_media":23461,"comment_status":"open","ping_status":"closed","template":"","meta":{"site-sidebar-layout":"default","site-content-layout":"default","ast-site-content-layout":"","site-content-style":"default","site-sidebar-style":"default","ast-global-header-display":"","ast-banner-title-visibility":"","ast-main-header-display":"","ast-hfb-above-header-display":"","ast-hfb-below-header-display":"","ast-hfb-mobile-header-display":"","site-post-title":"","ast-breadcrumbs-content":"","ast-featured-img":"","footer-sml-layout":"","theme-transparent-header-meta":"default","adv-header-id-meta":"","stick-header-meta":"","header-above-stick-meta":"","header-main-stick-meta":"","header-below-stick-meta":"","astra-migrate-meta-layouts":"default","ast-page-background-enabled":"default","ast-page-background-meta":{"desktop":{"background-color":"","background-image":"","background-repeat":"repeat","background-position":"center center","background-size":"auto","background-attachment":"scroll","background-type":"","background-media":"","overlay-type":"","overlay-color":"","overlay-opacity":"","overlay-gradient":""},"tablet":{"background-color":"","background-image":"","background-repeat":"repeat","background-position":"center center","background-size":"auto","background-attachment":"scroll","background-type":"","background-media":"","overlay-type":"","overlay-color":"","overlay-opacity":"","overlay-gradient":""},"mobile":{"background-color":"","background-image":"","background-repeat":"repeat","background-position":"center center","background-size":"auto","background-attachment":"scroll","background-type":"","background-media":"","overlay-type":"","overlay-color":"","overlay-opacity":"","overlay-gradient":""}},"ast-content-background-meta":{"desktop":{"background-color":"var(--ast-global-color-5)","background-image":"","background-repeat":"repeat","background-position":"center center","background-size":"auto","background-attachment":"scroll","background-type":"","background-media":"","overlay-type":"","overlay-color":"","overlay-opacity":"","overlay-gradient":""},"tablet":{"background-color":"var(--ast-global-color-5)","background-image":"","background-repeat":"repeat","background-position":"center center","background-size":"auto","background-attachment":"scroll","background-type":"","background-media":"","overlay-type":"","overlay-color":"","overlay-opacity":"","overlay-gradient":""},"mobile":{"background-color":"var(--ast-global-color-5)","background-image":"","background-repeat":"repeat","background-position":"center center","background-size":"auto","background-attachment":"scroll","background-type":"","background-media":"","overlay-type":"","overlay-color":"","overlay-opacity":"","overlay-gradient":""}},"spay_email":""},"product_cat":[168,165,166,167,146,74],"product_tag":[],"_links":{"self":[{"href":"https:\/\/jugueterialudico.com.ar\/index.php?rest_route=\/wp\/v2\/product\/23455"}],"collection":[{"href":"https:\/\/jugueterialudico.com.ar\/index.php?rest_route=\/wp\/v2\/product"}],"about":[{"href":"https:\/\/jugueterialudico.com.ar\/index.php?rest_route=\/wp\/v2\/types\/product"}],"replies":[{"embeddable":true,"href":"https:\/\/jugueterialudico.com.ar\/index.php?rest_route=%2Fwp%2Fv2%2Fcomments&post=23455"}],"wp:featuredmedia":[{"embeddable":true,"href":"https:\/\/jugueterialudico.com.ar\/index.php?rest_route=\/wp\/v2\/media\/23461"}],"wp:attachment":[{"href":"https:\/\/jugueterialudico.com.ar\/index.php?rest_route=%2Fwp%2Fv2%2Fmedia&parent=23455"}],"wp:term":[{"taxonomy":"product_cat","embeddable":true,"href":"https:\/\/jugueterialudico.com.ar\/index.php?rest_route=%2Fwp%2Fv2%2Fproduct_cat&post=23455"},{"taxonomy":"product_tag","embeddable":true,"href":"https:\/\/jugueterialudico.com.ar\/index.php?rest_route=%2Fwp%2Fv2%2Fproduct_tag&post=23455"}],"curies":[{"name":"wp","href":"https:\/\/api.w.org\/{rel}","templated":true}]}}