{"id":23472,"date":"2023-06-15T11:18:34","date_gmt":"2023-06-15T14:18:34","guid":{"rendered":"https:\/\/jugueterialudico.com.ar\/?post_type=product&#038;p=23472"},"modified":"2025-05-30T17:35:29","modified_gmt":"2025-05-30T20:35:29","slug":"el-cajon-de-la-abuela-036","status":"publish","type":"product","link":"https:\/\/jugueterialudico.com.ar\/?product=el-cajon-de-la-abuela-036","title":{"rendered":"EL CAJ\u00d3N DE LA ABUELA &#8211; 036"},"content":{"rendered":"<h2>Juego: \u00ab<span style=\"color: #965848;\"><em>El caj\u00f3n de la abuela<\/em><\/span>\u00ab<\/h2>\n<p>Siempre, en cada casa, hay un espacio donde van a guardar las cosas m\u00e1s disparatadas, dispares y aleatorias.<br \/>\nVerdaderas cajas de sorpresas y asombros. \u00bfPara qu\u00e9 serv\u00eda esto o aquello? Ya casi no reconocemos las cosas que hay ah\u00ed, pero ah\u00ed quedan como contando una historia.<\/p>\n<p><strong>\u00a1ESTE JUEGO ES EL DESAF\u00cdO DE MEMORIA NIVEL ZEUS!<\/strong><br \/>\nEl juego consiste en observar el caj\u00f3n por un tiempo y escribir la mayor cantidad de objetos y los colores principales que recuerden.<br \/>\n\u00bfPiensan qu\u00e9 es f\u00e1cil?<\/p>\n<p><strong>\u00a1PARA DESAFIARSE SOLO O EN GRUPOS!<\/strong><\/p>\n<p>Ideal para un desaf\u00edo r\u00e1pido de sobremesa.<br \/>\nPero tambi\u00e9n para desafiarte y ejercitar la memoria.<\/p>\n<p><strong>DETALLES<\/strong><br \/>\nDimensiones de la caja: 12x8x2cm.<br \/>\nDise\u00f1o: Valentina Morales<br \/>\nFotos: Ornella Viviano<\/p>\n<p><strong>\u00bfQu\u00e9 hay en la caja?<\/strong><br \/>\n* 40 cartas de cajones<br \/>\n* Reglamento<\/p>\n<p><strong>Habilidades que estimula:<\/strong><br \/>\n* Rapidez visual<br \/>\n* Concentraci\u00f3n<br \/>\n* Memoria<\/p>\n<p>Edad recomendada:+8 a\u00f1os<\/p>\n","protected":false},"excerpt":{"rendered":"<div class=\"elementor-element elementor-element-ef41103 e-con-full e-flex e-con\" data-id=\"ef41103\" data-element_type=\"container\" data-settings=\"{&quot;content_width&quot;:&quot;full&quot;}\">\n<div class=\"elementor-element elementor-element-2bb4100 elementor-widget__width-initial elementor-widget-tablet__width-inherit elementor-widget elementor-widget-gallery\" data-id=\"2bb4100\" data-element_type=\"widget\" data-settings=\"{&quot;gallery_layout&quot;:&quot;justified&quot;,&quot;ideal_row_height_tablet&quot;:{&quot;unit&quot;:&quot;px&quot;,&quot;size&quot;:137,&quot;sizes&quot;:[]},&quot;lazyload&quot;:&quot;yes&quot;,&quot;ideal_row_height&quot;:{&quot;unit&quot;:&quot;px&quot;,&quot;size&quot;:200,&quot;sizes&quot;:[]},&quot;ideal_row_height_mobile&quot;:{&quot;unit&quot;:&quot;px&quot;,&quot;size&quot;:150,&quot;sizes&quot;:[]},&quot;gap&quot;:{&quot;unit&quot;:&quot;px&quot;,&quot;size&quot;:10,&quot;sizes&quot;:[]},&quot;gap_tablet&quot;:{&quot;unit&quot;:&quot;px&quot;,&quot;size&quot;:10,&quot;sizes&quot;:[]},&quot;gap_mobile&quot;:{&quot;unit&quot;:&quot;px&quot;,&quot;size&quot;:10,&quot;sizes&quot;:[]},&quot;link_to&quot;:&quot;file&quot;,&quot;overlay_background&quot;:&quot;yes&quot;,&quot;content_hover_animation&quot;:&quot;fade-in&quot;}\" data-widget_type=\"gallery.default\">\n<div class=\"elementor-widget-container\">\n<div class=\"elementor-gallery__container e-gallery-container e-gallery-justified e-gallery--ltr e-gallery--lazyload\">\n<div class=\"e-gallery-image elementor-gallery-item__image e-gallery-image-loaded\" role=\"img\" data-thumbnail=\"https:\/\/juegosmultiverso.com.ar\/wp-content\/uploads\/2023\/03\/EL-CAJON-DE-LA-ABUELA-3-300x210.jpeg\" data-width=\"300\" data-height=\"210\" aria-label=\"\"><\/div>\n<div class=\"elementor-gallery-item__overlay\"><\/div>\n<div class=\"e-gallery-image elementor-gallery-item__image e-gallery-image-loaded\" role=\"img\" data-thumbnail=\"https:\/\/juegosmultiverso.com.ar\/wp-content\/uploads\/2023\/03\/EL-CAJON-2-300x217.jpeg\" data-width=\"300\" data-height=\"217\" aria-label=\"\"><\/div>\n<div class=\"elementor-gallery-item__overlay\"><\/div>\n<div class=\"e-gallery-image elementor-gallery-item__image\" role=\"img\" data-thumbnail=\"https:\/\/juegosmultiverso.com.ar\/wp-content\/uploads\/2023\/03\/El-cajon-de-la-abuela-Contenido-2-300x300.png\" data-width=\"300\" data-height=\"300\" aria-label=\"\"><\/div>\n<div class=\"elementor-gallery-item__overlay\"><\/div>\n<div class=\"e-gallery-image elementor-gallery-item__image\" role=\"img\" data-thumbnail=\"https:\/\/juegosmultiverso.com.ar\/wp-content\/uploads\/2023\/03\/El-cajon-de-la-abuela-Fondo-Cartas-300x300.png\" data-width=\"300\" data-height=\"300\" aria-label=\"\"><\/div>\n<div class=\"elementor-gallery-item__overlay\"><\/div>\n<div class=\"e-gallery-image elementor-gallery-item__image\" role=\"img\" data-thumbnail=\"https:\/\/juegosmultiverso.com.ar\/wp-content\/uploads\/2023\/03\/El-cajon-de-la-abuela-Contenido-1-300x300.png\" data-width=\"300\" data-height=\"300\" aria-label=\"\"><\/div>\n<div class=\"elementor-gallery-item__overlay\"><\/div>\n<\/div>\n<\/div>\n<\/div>\n<\/div>\n<div class=\"elementor-element elementor-element-aaab848 e-con-full e-flex e-con\" data-id=\"aaab848\" data-element_type=\"container\" data-settings=\"{&quot;content_width&quot;:&quot;full&quot;}\">\n<div class=\"elementor-element elementor-element-77cc59e elementor-widget elementor-widget-woocommerce-product-title elementor-page-title elementor-widget-heading\" data-id=\"77cc59e\" data-element_type=\"widget\" data-widget_type=\"woocommerce-product-title.default\">\n<div class=\"elementor-widget-container\">\n<h2 class=\"product_title entry-title elementor-heading-title elementor-size-default\"><strong>EL CAJ\u00d3N DE LA ABUELA<\/strong><\/h2>\n<\/div>\n<\/div>\n<div class=\"elementor-element elementor-element-abce80e elementor-widget elementor-widget-heading\" data-id=\"abce80e\" data-element_type=\"widget\" data-widget_type=\"heading.default\">\n<div class=\"elementor-widget-container\">\n<p class=\"elementor-heading-title elementor-size-default\">EN CADA CASA HAY UN LUGAR DONDE SE JUNTAN LAS COSAS M\u00c1S DISPARATADAS<\/p>\n<p><strong>\u00bfQUI\u00c9N NO TIENE UN CAJ\u00d3N AS\u00cd EN SU CASA?<br \/>\n<\/strong>Hay cajones para guardar cubiertos.<br \/>\nHay cajones para guardar ropa interior.<br \/>\nY hay cajones para guardar todo el resto\u2026.<\/p>\n<\/div>\n<\/div>\n<\/div>\n","protected":false},"featured_media":23476,"comment_status":"open","ping_status":"closed","template":"","meta":{"site-sidebar-layout":"default","site-content-layout":"default","ast-site-content-layout":"","site-content-style":"default","site-sidebar-style":"default","ast-global-header-display":"","ast-banner-title-visibility":"","ast-main-header-display":"","ast-hfb-above-header-display":"","ast-hfb-below-header-display":"","ast-hfb-mobile-header-display":"","site-post-title":"","ast-breadcrumbs-content":"","ast-featured-img":"","footer-sml-layout":"","theme-transparent-header-meta":"default","adv-header-id-meta":"","stick-header-meta":"","header-above-stick-meta":"","header-main-stick-meta":"","header-below-stick-meta":"","astra-migrate-meta-layouts":"default","ast-page-background-enabled":"default","ast-page-background-meta":{"desktop":{"background-color":"","background-image":"","background-repeat":"repeat","background-position":"center center","background-size":"auto","background-attachment":"scroll","background-type":"","background-media":"","overlay-type":"","overlay-color":"","overlay-opacity":"","overlay-gradient":""},"tablet":{"background-color":"","background-image":"","background-repeat":"repeat","background-position":"center center","background-size":"auto","background-attachment":"scroll","background-type":"","background-media":"","overlay-type":"","overlay-color":"","overlay-opacity":"","overlay-gradient":""},"mobile":{"background-color":"","background-image":"","background-repeat":"repeat","background-position":"center center","background-size":"auto","background-attachment":"scroll","background-type":"","background-media":"","overlay-type":"","overlay-color":"","overlay-opacity":"","overlay-gradient":""}},"ast-content-background-meta":{"desktop":{"background-color":"var(--ast-global-color-5)","background-image":"","background-repeat":"repeat","background-position":"center center","background-size":"auto","background-attachment":"scroll","background-type":"","background-media":"","overlay-type":"","overlay-color":"","overlay-opacity":"","overlay-gradient":""},"tablet":{"background-color":"var(--ast-global-color-5)","background-image":"","background-repeat":"repeat","background-position":"center center","background-size":"auto","background-attachment":"scroll","background-type":"","background-media":"","overlay-type":"","overlay-color":"","overlay-opacity":"","overlay-gradient":""},"mobile":{"background-color":"var(--ast-global-color-5)","background-image":"","background-repeat":"repeat","background-position":"center center","background-size":"auto","background-attachment":"scroll","background-type":"","background-media":"","overlay-type":"","overlay-color":"","overlay-opacity":"","overlay-gradient":""}},"spay_email":""},"product_cat":[185,168,167,74],"product_tag":[],"_links":{"self":[{"href":"https:\/\/jugueterialudico.com.ar\/index.php?rest_route=\/wp\/v2\/product\/23472"}],"collection":[{"href":"https:\/\/jugueterialudico.com.ar\/index.php?rest_route=\/wp\/v2\/product"}],"about":[{"href":"https:\/\/jugueterialudico.com.ar\/index.php?rest_route=\/wp\/v2\/types\/product"}],"replies":[{"embeddable":true,"href":"https:\/\/jugueterialudico.com.ar\/index.php?rest_route=%2Fwp%2Fv2%2Fcomments&post=23472"}],"wp:featuredmedia":[{"embeddable":true,"href":"https:\/\/jugueterialudico.com.ar\/index.php?rest_route=\/wp\/v2\/media\/23476"}],"wp:attachment":[{"href":"https:\/\/jugueterialudico.com.ar\/index.php?rest_route=%2Fwp%2Fv2%2Fmedia&parent=23472"}],"wp:term":[{"taxonomy":"product_cat","embeddable":true,"href":"https:\/\/jugueterialudico.com.ar\/index.php?rest_route=%2Fwp%2Fv2%2Fproduct_cat&post=23472"},{"taxonomy":"product_tag","embeddable":true,"href":"https:\/\/jugueterialudico.com.ar\/index.php?rest_route=%2Fwp%2Fv2%2Fproduct_tag&post=23472"}],"curies":[{"name":"wp","href":"https:\/\/api.w.org\/{rel}","templated":true}]}}