{"id":23770,"date":"2023-10-09T18:38:08","date_gmt":"2023-10-09T21:38:08","guid":{"rendered":"https:\/\/jugueterialudico.com.ar\/?post_type=product&#038;p=23770"},"modified":"2026-02-10T16:54:57","modified_gmt":"2026-02-10T19:54:57","slug":"descubriendo-jujuy-061","status":"publish","type":"product","link":"https:\/\/jugueterialudico.com.ar\/?product=descubriendo-jujuy-061","title":{"rendered":"DESCUBRIENDO JUJUY &#8211; 061"},"content":{"rendered":"<p style=\"font-weight: 400;\">En esta hermosa colecci\u00f3n a trav\u00e9s del juego y la exploraci\u00f3n descubrimos lugares , paisajes, costumbres, comidas , animales aut\u00f3ctonos y muchas aventuras.<\/p>\n<p style=\"font-weight: 400;\">En cada p\u00e1gina una nueva sorpresa nos esta esperando.!<\/p>\n<p style=\"font-weight: 400;\">Te invitamos a ser parte de esta aventura junto con nuestros dos personajes principales , a viajar y so\u00f1ar juntos mientras exploramos y conocemos nuevos lugares a lo largo de toda nuestra argentina\u2026<\/p>\n<p style=\"font-weight: 400;\">Incluye:<\/p>\n<ul>\n<li style=\"font-weight: 400;\">2 personajes principales<\/li>\n<li style=\"font-weight: 400;\">1 oso hormiguero<\/li>\n<li style=\"font-weight: 400;\">1 llama<\/li>\n<li style=\"font-weight: 400;\">1 Feriante<\/li>\n<li style=\"font-weight: 400;\">1 guitarra<\/li>\n<li style=\"font-weight: 400;\">1 beb\u00e9<\/li>\n<li style=\"font-weight: 400;\">1 cactus<\/li>\n<\/ul>\n<p style=\"font-weight: 400;\">Viene en cajita de cart\u00f3n listo para regalo!<\/p>\n<p style=\"font-weight: 400;\">MEDIDAS: 21X23 cm CERRADO &#8211; 42X23 cm ABIERTO<\/p>\n","protected":false},"excerpt":{"rendered":"<p>En esta hermosa colecci\u00f3n a trav\u00e9s del juego y la exploraci\u00f3n descubrimos lugares , paisajes, costumbres, comidas , animales aut\u00f3ctonos y muchas aventuras. En cada p\u00e1gina una nueva sorpresa nos esta esperando.! Te invitamos a ser parte de esta aventura junto con nuestros dos personajes principales , a viajar y so\u00f1ar juntos mientras exploramos y [&hellip;]<\/p>\n","protected":false},"featured_media":23772,"comment_status":"open","ping_status":"closed","template":"","meta":{"site-sidebar-layout":"default","site-content-layout":"default","ast-site-content-layout":"","site-content-style":"default","site-sidebar-style":"default","ast-global-header-display":"","ast-banner-title-visibility":"","ast-main-header-display":"","ast-hfb-above-header-display":"","ast-hfb-below-header-display":"","ast-hfb-mobile-header-display":"","site-post-title":"","ast-breadcrumbs-content":"","ast-featured-img":"","footer-sml-layout":"","theme-transparent-header-meta":"default","adv-header-id-meta":"","stick-header-meta":"","header-above-stick-meta":"","header-main-stick-meta":"","header-below-stick-meta":"","astra-migrate-meta-layouts":"default","ast-page-background-enabled":"default","ast-page-background-meta":{"desktop":{"background-color":"","background-image":"","background-repeat":"repeat","background-position":"center center","background-size":"auto","background-attachment":"scroll","background-type":"","background-media":"","overlay-type":"","overlay-color":"","overlay-opacity":"","overlay-gradient":""},"tablet":{"background-color":"","background-image":"","background-repeat":"repeat","background-position":"center center","background-size":"auto","background-attachment":"scroll","background-type":"","background-media":"","overlay-type":"","overlay-color":"","overlay-opacity":"","overlay-gradient":""},"mobile":{"background-color":"","background-image":"","background-repeat":"repeat","background-position":"center center","background-size":"auto","background-attachment":"scroll","background-type":"","background-media":"","overlay-type":"","overlay-color":"","overlay-opacity":"","overlay-gradient":""}},"ast-content-background-meta":{"desktop":{"background-color":"var(--ast-global-color-5)","background-image":"","background-repeat":"repeat","background-position":"center center","background-size":"auto","background-attachment":"scroll","background-type":"","background-media":"","overlay-type":"","overlay-color":"","overlay-opacity":"","overlay-gradient":""},"tablet":{"background-color":"var(--ast-global-color-5)","background-image":"","background-repeat":"repeat","background-position":"center center","background-size":"auto","background-attachment":"scroll","background-type":"","background-media":"","overlay-type":"","overlay-color":"","overlay-opacity":"","overlay-gradient":""},"mobile":{"background-color":"var(--ast-global-color-5)","background-image":"","background-repeat":"repeat","background-position":"center center","background-size":"auto","background-attachment":"scroll","background-type":"","background-media":"","overlay-type":"","overlay-color":"","overlay-opacity":"","overlay-gradient":""}},"spay_email":""},"product_cat":[163,164,165,146,76,145],"product_tag":[],"_links":{"self":[{"href":"https:\/\/jugueterialudico.com.ar\/index.php?rest_route=\/wp\/v2\/product\/23770"}],"collection":[{"href":"https:\/\/jugueterialudico.com.ar\/index.php?rest_route=\/wp\/v2\/product"}],"about":[{"href":"https:\/\/jugueterialudico.com.ar\/index.php?rest_route=\/wp\/v2\/types\/product"}],"replies":[{"embeddable":true,"href":"https:\/\/jugueterialudico.com.ar\/index.php?rest_route=%2Fwp%2Fv2%2Fcomments&post=23770"}],"wp:featuredmedia":[{"embeddable":true,"href":"https:\/\/jugueterialudico.com.ar\/index.php?rest_route=\/wp\/v2\/media\/23772"}],"wp:attachment":[{"href":"https:\/\/jugueterialudico.com.ar\/index.php?rest_route=%2Fwp%2Fv2%2Fmedia&parent=23770"}],"wp:term":[{"taxonomy":"product_cat","embeddable":true,"href":"https:\/\/jugueterialudico.com.ar\/index.php?rest_route=%2Fwp%2Fv2%2Fproduct_cat&post=23770"},{"taxonomy":"product_tag","embeddable":true,"href":"https:\/\/jugueterialudico.com.ar\/index.php?rest_route=%2Fwp%2Fv2%2Fproduct_tag&post=23770"}],"curies":[{"name":"wp","href":"https:\/\/api.w.org\/{rel}","templated":true}]}}