{"id":23776,"date":"2023-10-09T19:15:21","date_gmt":"2023-10-09T22:15:21","guid":{"rendered":"https:\/\/jugueterialudico.com.ar\/?post_type=product&#038;p=23776"},"modified":"2026-02-10T16:54:50","modified_gmt":"2026-02-10T19:54:50","slug":"tierra-de-dinos-061","status":"publish","type":"product","link":"https:\/\/jugueterialudico.com.ar\/?product=tierra-de-dinos-061","title":{"rendered":"TIERRA DE DINOS &#8211; 061"},"content":{"rendered":"<p>Esta historia transcurre en una tierra muy muy lejana, llena de dinosaurios y aventuras.<\/p>\n<p>A Dino le encanta jugar en la selva con sus amigos a las escondidas, pasan horas y horas riendo juntos.<\/p>\n<p>Por la tarde un paseo en las cercan\u00edas del volc\u00e1n donde puede verse el fuego a lo lejos y una visita r\u00e1pida para conocer a los bebes reci\u00e9n nacidos en la cueva.<\/p>\n<p>Para terminar el d\u00eda un paseo en bote y un chapuz\u00f3n en el agua todos juntos. Que linda la vida con amigos!!!<\/p>\n<p>\u00bfA qui\u00e9n no le gusta escuchar y leer cuentos antes de dormir?<br \/>\nCuando pasamos un rato en familia con los chicos y los motivamos a inventar cuentos, no solo los estamos entreteniendo , estamos creando un gran espacio de conexi\u00f3n familiar, y tambi\u00e9n los estamos estimulando a adquirir muchas habilidades cognitivas y emocionales como:<br \/>\n. Desarrollo de la inteligencia<br \/>\n. Estimulaci\u00f3n de la memoria<br \/>\n. Incremento del vocabulario<br \/>\n. valores y tradiciones<br \/>\n. Incremento del autoestima y confianza<br \/>\n. Conocer su mundo interior<\/p>\n<p>Este libro mide 21x23cm.<\/p>\n","protected":false},"excerpt":{"rendered":"<p>Esta historia transcurre en una tierra muy muy lejana, llena de dinosaurios y aventuras. A Dino le encanta jugar en la selva con sus amigos a las escondidas, pasan horas y horas riendo juntos. Por la tarde un paseo en las cercan\u00edas del volc\u00e1n donde puede verse el fuego a lo lejos y una visita [&hellip;]<\/p>\n","protected":false},"featured_media":23780,"comment_status":"open","ping_status":"closed","template":"","meta":{"site-sidebar-layout":"default","site-content-layout":"default","ast-site-content-layout":"","site-content-style":"default","site-sidebar-style":"default","ast-global-header-display":"","ast-banner-title-visibility":"","ast-main-header-display":"","ast-hfb-above-header-display":"","ast-hfb-below-header-display":"","ast-hfb-mobile-header-display":"","site-post-title":"","ast-breadcrumbs-content":"","ast-featured-img":"","footer-sml-layout":"","theme-transparent-header-meta":"default","adv-header-id-meta":"","stick-header-meta":"","header-above-stick-meta":"","header-main-stick-meta":"","header-below-stick-meta":"","astra-migrate-meta-layouts":"default","ast-page-background-enabled":"default","ast-page-background-meta":{"desktop":{"background-color":"","background-image":"","background-repeat":"repeat","background-position":"center center","background-size":"auto","background-attachment":"scroll","background-type":"","background-media":"","overlay-type":"","overlay-color":"","overlay-opacity":"","overlay-gradient":""},"tablet":{"background-color":"","background-image":"","background-repeat":"repeat","background-position":"center center","background-size":"auto","background-attachment":"scroll","background-type":"","background-media":"","overlay-type":"","overlay-color":"","overlay-opacity":"","overlay-gradient":""},"mobile":{"background-color":"","background-image":"","background-repeat":"repeat","background-position":"center center","background-size":"auto","background-attachment":"scroll","background-type":"","background-media":"","overlay-type":"","overlay-color":"","overlay-opacity":"","overlay-gradient":""}},"ast-content-background-meta":{"desktop":{"background-color":"var(--ast-global-color-5)","background-image":"","background-repeat":"repeat","background-position":"center center","background-size":"auto","background-attachment":"scroll","background-type":"","background-media":"","overlay-type":"","overlay-color":"","overlay-opacity":"","overlay-gradient":""},"tablet":{"background-color":"var(--ast-global-color-5)","background-image":"","background-repeat":"repeat","background-position":"center center","background-size":"auto","background-attachment":"scroll","background-type":"","background-media":"","overlay-type":"","overlay-color":"","overlay-opacity":"","overlay-gradient":""},"mobile":{"background-color":"var(--ast-global-color-5)","background-image":"","background-repeat":"repeat","background-position":"center center","background-size":"auto","background-attachment":"scroll","background-type":"","background-media":"","overlay-type":"","overlay-color":"","overlay-opacity":"","overlay-gradient":""}},"spay_email":""},"product_cat":[163,164,165,166,76,145],"product_tag":[],"_links":{"self":[{"href":"https:\/\/jugueterialudico.com.ar\/index.php?rest_route=\/wp\/v2\/product\/23776"}],"collection":[{"href":"https:\/\/jugueterialudico.com.ar\/index.php?rest_route=\/wp\/v2\/product"}],"about":[{"href":"https:\/\/jugueterialudico.com.ar\/index.php?rest_route=\/wp\/v2\/types\/product"}],"replies":[{"embeddable":true,"href":"https:\/\/jugueterialudico.com.ar\/index.php?rest_route=%2Fwp%2Fv2%2Fcomments&post=23776"}],"wp:featuredmedia":[{"embeddable":true,"href":"https:\/\/jugueterialudico.com.ar\/index.php?rest_route=\/wp\/v2\/media\/23780"}],"wp:attachment":[{"href":"https:\/\/jugueterialudico.com.ar\/index.php?rest_route=%2Fwp%2Fv2%2Fmedia&parent=23776"}],"wp:term":[{"taxonomy":"product_cat","embeddable":true,"href":"https:\/\/jugueterialudico.com.ar\/index.php?rest_route=%2Fwp%2Fv2%2Fproduct_cat&post=23776"},{"taxonomy":"product_tag","embeddable":true,"href":"https:\/\/jugueterialudico.com.ar\/index.php?rest_route=%2Fwp%2Fv2%2Fproduct_tag&post=23776"}],"curies":[{"name":"wp","href":"https:\/\/api.w.org\/{rel}","templated":true}]}}