{"id":23784,"date":"2023-10-09T19:22:33","date_gmt":"2023-10-09T22:22:33","guid":{"rendered":"https:\/\/jugueterialudico.com.ar\/?post_type=product&#038;p=23784"},"modified":"2026-04-15T14:08:43","modified_gmt":"2026-04-15T17:08:43","slug":"libro-de-actividades-00-061","status":"publish","type":"product","link":"https:\/\/jugueterialudico.com.ar\/?product=libro-de-actividades-00-061","title":{"rendered":"LIBRO DE ACTIVIDADES 00 &#8211; 061"},"content":{"rendered":"<p>Cada p\u00e1gina est\u00e1 pensada para estimular un \u00e1rea cognitiva diferente.<\/p>\n<p>Se estimula el desarrollo sensorial, la psicomotricidad fina, la coordinaci\u00f3n de manos y ojos, creatividades.<\/p>\n<p>Se despierta la curiosidad y la exploraci\u00f3n de los materiales, las formas, los n\u00fameros, el lenguaje, la imaginaci\u00f3n y la emoci\u00f3n.<\/p>\n<p>Mi libro de actividades 00 esta pensado para ni\u00f1as y ni\u00f1os de 3 a\u00f1os.<\/p>\n<p>Cada p\u00e1gina contiene:<\/p>\n<ol>\n<li>Broche para cerrar y abrir ( como el de la mochila del jard\u00edn)<\/li>\n<li>Barco rompecabezas 4 piezas<\/li>\n<li>Torta de mayor a menor ( iniciaci\u00f3n a las matem\u00e1ticas, agrupaci\u00f3n )<\/li>\n<li>Formas ( rect\u00e1ngulo, cuadrado, c\u00edrculo, coraz\u00f3n y tri\u00e1ngulo)<\/li>\n<li>Helados con colores (colores , coordinaci\u00f3n ojo-mano)<\/li>\n<li>Mounstro de emociones (triste, contento, enojado, asombrado)<\/li>\n<\/ol>\n<p>&nbsp;<\/p>\n<p>CARACTER\u00cdSTICAS<\/p>\n<p>Medidas 21&#215;23 cm<\/p>\n<p>Fabricado en Tela 100% poli\u00e9ster sublimada<\/p>\n<p>Lavable<\/p>\n","protected":false},"excerpt":{"rendered":"<p>Los libros de actividades est\u00e1n pensados para ofrecer a ni\u00f1as y ni\u00f1os sensaciones y oportunidades para desarrollar habilidades importantes de forma relajada y jugando<\/p>\n","protected":false},"featured_media":23788,"comment_status":"open","ping_status":"closed","template":"","meta":{"site-sidebar-layout":"default","site-content-layout":"default","ast-site-content-layout":"","site-content-style":"default","site-sidebar-style":"default","ast-global-header-display":"","ast-banner-title-visibility":"","ast-main-header-display":"","ast-hfb-above-header-display":"","ast-hfb-below-header-display":"","ast-hfb-mobile-header-display":"","site-post-title":"","ast-breadcrumbs-content":"","ast-featured-img":"","footer-sml-layout":"","theme-transparent-header-meta":"default","adv-header-id-meta":"","stick-header-meta":"","header-above-stick-meta":"","header-main-stick-meta":"","header-below-stick-meta":"","astra-migrate-meta-layouts":"default","ast-page-background-enabled":"default","ast-page-background-meta":{"desktop":{"background-color":"","background-image":"","background-repeat":"repeat","background-position":"center center","background-size":"auto","background-attachment":"scroll","background-type":"","background-media":"","overlay-type":"","overlay-color":"","overlay-opacity":"","overlay-gradient":""},"tablet":{"background-color":"","background-image":"","background-repeat":"repeat","background-position":"center center","background-size":"auto","background-attachment":"scroll","background-type":"","background-media":"","overlay-type":"","overlay-color":"","overlay-opacity":"","overlay-gradient":""},"mobile":{"background-color":"","background-image":"","background-repeat":"repeat","background-position":"center center","background-size":"auto","background-attachment":"scroll","background-type":"","background-media":"","overlay-type":"","overlay-color":"","overlay-opacity":"","overlay-gradient":""}},"ast-content-background-meta":{"desktop":{"background-color":"var(--ast-global-color-5)","background-image":"","background-repeat":"repeat","background-position":"center center","background-size":"auto","background-attachment":"scroll","background-type":"","background-media":"","overlay-type":"","overlay-color":"","overlay-opacity":"","overlay-gradient":""},"tablet":{"background-color":"var(--ast-global-color-5)","background-image":"","background-repeat":"repeat","background-position":"center center","background-size":"auto","background-attachment":"scroll","background-type":"","background-media":"","overlay-type":"","overlay-color":"","overlay-opacity":"","overlay-gradient":""},"mobile":{"background-color":"var(--ast-global-color-5)","background-image":"","background-repeat":"repeat","background-position":"center center","background-size":"auto","background-attachment":"scroll","background-type":"","background-media":"","overlay-type":"","overlay-color":"","overlay-opacity":"","overlay-gradient":""}},"spay_email":""},"product_cat":[163,164,165,146,76,145],"product_tag":[],"_links":{"self":[{"href":"https:\/\/jugueterialudico.com.ar\/index.php?rest_route=\/wp\/v2\/product\/23784"}],"collection":[{"href":"https:\/\/jugueterialudico.com.ar\/index.php?rest_route=\/wp\/v2\/product"}],"about":[{"href":"https:\/\/jugueterialudico.com.ar\/index.php?rest_route=\/wp\/v2\/types\/product"}],"replies":[{"embeddable":true,"href":"https:\/\/jugueterialudico.com.ar\/index.php?rest_route=%2Fwp%2Fv2%2Fcomments&post=23784"}],"wp:featuredmedia":[{"embeddable":true,"href":"https:\/\/jugueterialudico.com.ar\/index.php?rest_route=\/wp\/v2\/media\/23788"}],"wp:attachment":[{"href":"https:\/\/jugueterialudico.com.ar\/index.php?rest_route=%2Fwp%2Fv2%2Fmedia&parent=23784"}],"wp:term":[{"taxonomy":"product_cat","embeddable":true,"href":"https:\/\/jugueterialudico.com.ar\/index.php?rest_route=%2Fwp%2Fv2%2Fproduct_cat&post=23784"},{"taxonomy":"product_tag","embeddable":true,"href":"https:\/\/jugueterialudico.com.ar\/index.php?rest_route=%2Fwp%2Fv2%2Fproduct_tag&post=23784"}],"curies":[{"name":"wp","href":"https:\/\/api.w.org\/{rel}","templated":true}]}}